{"id":1007,"date":"2018-10-04T22:09:42","date_gmt":"2018-10-04T22:09:42","guid":{"rendered":"http:\/\/lildamed.hu\/fogorvos\/?page_id=1007"},"modified":"2025-05-19T20:59:59","modified_gmt":"2025-05-19T20:59:59","slug":"biologiai-fogszabalyozas-damonsystem","status":"publish","type":"page","link":"http:\/\/lildamed.hu\/fogorvos\/biologiai-fogszabalyozas-damonsystem\/","title":{"rendered":"Biol\u00f3giai fogszab\u00e1lyoz\u00e1s Damon\u00aeSystem"},"content":{"rendered":"<p><a href=\"http:\/\/lildamed.hu\/fogorvos\/wp-content\/uploads\/2018\/10\/DClear_Five_Faces.jpg\"><img decoding=\"async\" loading=\"lazy\" class=\"wp-image-1009 alignright\" src=\"http:\/\/lildamed.hu\/fogorvos\/wp-content\/uploads\/2018\/10\/DClear_Five_Faces-300x200.jpg\" alt=\"\" width=\"290\" height=\"193\" srcset=\"http:\/\/lildamed.hu\/fogorvos\/wp-content\/uploads\/2018\/10\/DClear_Five_Faces-300x200.jpg 300w, http:\/\/lildamed.hu\/fogorvos\/wp-content\/uploads\/2018\/10\/DClear_Five_Faces-768x511.jpg 768w, http:\/\/lildamed.hu\/fogorvos\/wp-content\/uploads\/2018\/10\/DClear_Five_Faces-1024x681.jpg 1024w\" sizes=\"(max-width: 290px) 100vw, 290px\" \/><\/a><a href=\"http:\/\/lildamed.hu\/fogorvos\/wp-content\/uploads\/2018\/10\/Damon-system.jpg\"><img decoding=\"async\" loading=\"lazy\" class=\" wp-image-1032 alignleft\" src=\"http:\/\/lildamed.hu\/fogorvos\/wp-content\/uploads\/2018\/10\/Damon-system-300x146.jpg\" alt=\"\" width=\"173\" height=\"84\" srcset=\"http:\/\/lildamed.hu\/fogorvos\/wp-content\/uploads\/2018\/10\/Damon-system-300x146.jpg 300w, http:\/\/lildamed.hu\/fogorvos\/wp-content\/uploads\/2018\/10\/Damon-system-768x375.jpg 768w, http:\/\/lildamed.hu\/fogorvos\/wp-content\/uploads\/2018\/10\/Damon-system.jpg 1000w\" sizes=\"(max-width: 173px) 100vw, 173px\" \/><\/a><\/p>\n<p>A fogszab\u00e1lyoz\u00f3 k\u00e9sz\u00fcl\u00e9kek \u00faj gener\u00e1ci\u00f3ja az \u00fagynevezett \u00f6nlig\u00edroz\u00f3 k\u00e9sz\u00fcl\u00e9k. Abban k\u00fcl\u00f6nb\u00f6zik a hagyom\u00e1nyos fogszab\u00e1lyoz\u00f3khoz k\u00e9pest, hogy az \u00edvet nem k\u00fcl\u00f6n kell bek\u00f6tni, hanem ez a bracket-be \u00e9p\u00edtett z\u00e1rral t\u00f6rt\u00e9nik.<\/p>\n<p><a href=\"https:\/\/www.chatbase.co\/chatbot-iframe\/NTwxskpG_O2ifB4Xtu507\"><img decoding=\"async\" loading=\"lazy\" class=\"wp-image-2114 alignleft\" src=\"http:\/\/lildamed.hu\/fogorvos\/wp-content\/uploads\/2025\/05\/AI-Lilda-912x1024.jpg\" alt=\"\" width=\"221\" height=\"248\" \/><\/a><\/p>\n<p>Ezeknek a k\u00e9sz\u00fcl\u00e9keknek el\u0151nye a hagyom\u00e1nyossal szemben, hogy l\u00e1gy, biol\u00f3giai er\u0151kkel dolgoznak, \u00e9s a kis mechanikai s\u00farl\u00f3d\u00e1s miatt a fogak gyorsabban mozgathat\u00f3ak, \u00e9s a fog\u00edvek nagyobb t\u00e1gul\u00e1s\u00e1t teszik lehet\u0151v\u00e9. Sok olyan esetben sikeresen alkalmazhat\u00f3ak, amikor a fogak torl\u00f3d\u00e1sa miatt fogh\u00faz\u00e1sra lenne sz\u00fcks\u00e9g, azonban ezzel a technik\u00e1val ez elker\u00fclhet\u0151.<\/p>\n<p>Az, hogy adott esetben alkalmazhat\u00f3-e, melyik megold\u00e1s lenne a jobb, a fogszab\u00e1lyoz\u00f3 szakorvos egy\u00e9ni m\u00e9rlegel\u00e9s\u00e9re van sz\u00fcks\u00e9g.<\/p>\n<p>Ezek k\u00f6z\u00e9 a fogszab\u00e1lyz\u00f3k k\u00f6z\u00e9 tartozik a Damon\u00aeSystem is, mellyel gy\u00f6ny\u00f6r\u0171 mosoly \u00e9rhet\u0151 el.<\/p>\n<p><a href=\"http:\/\/lildamed.hu\/fogorvos\/wp-content\/uploads\/2018\/10\/DamonClear-01.jpg\"><img decoding=\"async\" loading=\"lazy\" class=\"wp-image-1020 alignnone\" src=\"http:\/\/lildamed.hu\/fogorvos\/wp-content\/uploads\/2018\/10\/DamonClear-01-300x219.jpg\" alt=\"\" width=\"374\" height=\"273\" srcset=\"http:\/\/lildamed.hu\/fogorvos\/wp-content\/uploads\/2018\/10\/DamonClear-01-300x219.jpg 300w, http:\/\/lildamed.hu\/fogorvos\/wp-content\/uploads\/2018\/10\/DamonClear-01-768x561.jpg 768w, http:\/\/lildamed.hu\/fogorvos\/wp-content\/uploads\/2018\/10\/DamonClear-01.jpg 777w\" sizes=\"(max-width: 374px) 100vw, 374px\" \/> \u00a0 \u00a0 <\/a><a href=\"http:\/\/lildamed.hu\/fogorvos\/wp-content\/uploads\/2018\/10\/DClear-Girl-7.jpg\"><img decoding=\"async\" loading=\"lazy\" class=\"alignnone wp-image-1014\" src=\"http:\/\/lildamed.hu\/fogorvos\/wp-content\/uploads\/2018\/10\/DClear-Girl-7-216x300.jpg\" alt=\"\" width=\"262\" height=\"364\" srcset=\"http:\/\/lildamed.hu\/fogorvos\/wp-content\/uploads\/2018\/10\/DClear-Girl-7-216x300.jpg 216w, http:\/\/lildamed.hu\/fogorvos\/wp-content\/uploads\/2018\/10\/DClear-Girl-7-768x1065.jpg 768w, http:\/\/lildamed.hu\/fogorvos\/wp-content\/uploads\/2018\/10\/DClear-Girl-7-739x1024.jpg 739w, http:\/\/lildamed.hu\/fogorvos\/wp-content\/uploads\/2018\/10\/DClear-Girl-7.jpg 1235w\" sizes=\"(max-width: 262px) 100vw, 262px\" \/><\/a><\/p>\n<p><a href=\"http:\/\/lildamed.hu\/fogorvos\/wp-content\/uploads\/2018\/10\/D3_Girl2.jpg\"><img decoding=\"async\" loading=\"lazy\" class=\"alignnone size-medium wp-image-1018\" src=\"http:\/\/lildamed.hu\/fogorvos\/wp-content\/uploads\/2018\/10\/D3_Girl2-226x300.jpg\" alt=\"\" width=\"226\" height=\"300\" srcset=\"http:\/\/lildamed.hu\/fogorvos\/wp-content\/uploads\/2018\/10\/D3_Girl2-226x300.jpg 226w, http:\/\/lildamed.hu\/fogorvos\/wp-content\/uploads\/2018\/10\/D3_Girl2-768x1019.jpg 768w, http:\/\/lildamed.hu\/fogorvos\/wp-content\/uploads\/2018\/10\/D3_Girl2-772x1024.jpg 772w\" sizes=\"(max-width: 226px) 100vw, 226px\" \/><\/a>\u00a0 \u00a0 \u00a0 \u00a0\u00a0<a href=\"http:\/\/lildamed.hu\/fogorvos\/wp-content\/uploads\/2018\/10\/Damon-Q.jpg\"><img decoding=\"async\" loading=\"lazy\" class=\"alignnone wp-image-1026\" src=\"http:\/\/lildamed.hu\/fogorvos\/wp-content\/uploads\/2018\/10\/Damon-Q-300x208.jpg\" alt=\"\" width=\"374\" height=\"259\" srcset=\"http:\/\/lildamed.hu\/fogorvos\/wp-content\/uploads\/2018\/10\/Damon-Q-300x208.jpg 300w, http:\/\/lildamed.hu\/fogorvos\/wp-content\/uploads\/2018\/10\/Damon-Q-768x532.jpg 768w, http:\/\/lildamed.hu\/fogorvos\/wp-content\/uploads\/2018\/10\/Damon-Q-1024x709.jpg 1024w\" sizes=\"(max-width: 374px) 100vw, 374px\" \/><\/a><\/p>\n<h4 style=\"text-align: center;\"><span style=\"color: #ff0000;\">R\u00e9szletfizet\u00e9si lehet\u0151s\u00e9g!<\/span><\/h4>\n<p style=\"text-align: center;\"><strong>Egy \u00f6sszeg\u0171 befizet\u00e9s eset\u00e9n a k\u00e9sz\u00fcl\u00e9kek \u00e1r\u00e1b\u00f3l\u00a0<span style=\"color: #ff0000;\">10%\u00a0<\/span>kedvezm\u00e9ny vehet\u0151 ig\u00e9nybe!<\/strong><\/p>\n<p style=\"text-align: center;\"><a href=\"http:\/\/lildamed.hu\/fogorvos\/lildamed-fogorvosi-rendelo-arak-fogszabalyozas-tomes-hej-fogpotlas\/\">\u00c1rak&gt;&gt;&gt;<\/a><\/p>\n<p style=\"text-align: left;\">\n<p style=\"text-align: center;\"><a href=\"http:\/\/lildamed.hu\/fogorvos\/wp-content\/uploads\/2018\/10\/onlig-porcel\u00e1n-fem.jpg\"><img decoding=\"async\" loading=\"lazy\" class=\" wp-image-1125 alignleft\" src=\"http:\/\/lildamed.hu\/fogorvos\/wp-content\/uploads\/2018\/10\/onlig-porcel\u00e1n-fem-300x202.jpg\" alt=\"\" width=\"332\" height=\"224\" srcset=\"http:\/\/lildamed.hu\/fogorvos\/wp-content\/uploads\/2018\/10\/onlig-porcel\u00e1n-fem-300x202.jpg 300w, http:\/\/lildamed.hu\/fogorvos\/wp-content\/uploads\/2018\/10\/onlig-porcel\u00e1n-fem-768x516.jpg 768w, http:\/\/lildamed.hu\/fogorvos\/wp-content\/uploads\/2018\/10\/onlig-porcel\u00e1n-fem-1024x688.jpg 1024w\" sizes=\"(max-width: 332px) 100vw, 332px\" \/><\/a>Egy\u00e9b \u00f6nlig\u00edroz\u00f3 rendszereket is haszn\u00e1lunk, szint\u00e9n kiv\u00e1l\u00f3 eredm\u00e9nnyel.<\/p>\n<p style=\"text-align: center;\"><a href=\"http:\/\/lildamed.hu\/fogorvos\/wp-content\/uploads\/2020\/06\/lildamed-08.png\"><img decoding=\"async\" loading=\"lazy\" class=\"alignnone wp-image-1218\" src=\"http:\/\/lildamed.hu\/fogorvos\/wp-content\/uploads\/2020\/06\/lildamed-08-295x300.png\" alt=\"\" width=\"152\" height=\"155\" srcset=\"http:\/\/lildamed.hu\/fogorvos\/wp-content\/uploads\/2020\/06\/lildamed-08-295x300.png 295w, http:\/\/lildamed.hu\/fogorvos\/wp-content\/uploads\/2020\/06\/lildamed-08.png 366w\" sizes=\"(max-width: 152px) 100vw, 152px\" \/><\/a><\/p>\n","protected":false},"excerpt":{"rendered":"<p>A fogszab\u00e1lyoz\u00f3 k\u00e9sz\u00fcl\u00e9kek \u00faj gener\u00e1ci\u00f3ja az \u00fagynevezett \u00f6nlig\u00edroz\u00f3 k\u00e9sz\u00fcl\u00e9k. Abban k\u00fcl\u00f6nb\u00f6zik a hagyom\u00e1nyos fogszab\u00e1lyoz\u00f3khoz k\u00e9pest, hogy az \u00edvet nem k\u00fcl\u00f6n kell bek\u00f6tni, hanem ez a bracket-be \u00e9p\u00edtett z\u00e1rral t\u00f6rt\u00e9nik. Ezeknek a k\u00e9sz\u00fcl\u00e9keknek el\u0151nye a hagyom\u00e1nyossal szemben, hogy l\u00e1gy, biol\u00f3giai er\u0151kkel dolgoznak, \u00e9s a kis mechanikai s\u00farl\u00f3d\u00e1s miatt a fogak gyorsabban mozgathat\u00f3ak, \u00e9s a fog\u00edvek nagyobb t\u00e1gul\u00e1s\u00e1t teszik lehet\u0151v\u00e9. Sok olyan esetben sikeresen alkalmazhat\u00f3ak, amikor a fogak torl\u00f3d\u00e1sa miatt fogh\u00faz\u00e1sra lenne sz\u00fcks\u00e9g, azonban ezzel a technik\u00e1val ez elker\u00fclhet\u0151. Az, hogy adott esetben alkalmazhat\u00f3-e, melyik megold\u00e1s lenne a jobb, a fogszab\u00e1lyoz\u00f3 szakorvos egy\u00e9ni m\u00e9rlegel\u00e9s\u00e9re van sz\u00fcks\u00e9g. Ezek k\u00f6z\u00e9 a fogszab\u00e1lyz\u00f3k k\u00f6z\u00e9 tartozik<\/p>\n<a class=\"more-link\" rel=\"nofollow\" href=\"http:\/\/lildamed.hu\/fogorvos\/biologiai-fogszabalyozas-damonsystem\/\">[Read More...]<\/a>","protected":false},"author":5,"featured_media":0,"parent":0,"menu_order":0,"comment_status":"closed","ping_status":"closed","template":"","meta":[],"_links":{"self":[{"href":"http:\/\/lildamed.hu\/fogorvos\/wp-json\/wp\/v2\/pages\/1007"}],"collection":[{"href":"http:\/\/lildamed.hu\/fogorvos\/wp-json\/wp\/v2\/pages"}],"about":[{"href":"http:\/\/lildamed.hu\/fogorvos\/wp-json\/wp\/v2\/types\/page"}],"author":[{"embeddable":true,"href":"http:\/\/lildamed.hu\/fogorvos\/wp-json\/wp\/v2\/users\/5"}],"replies":[{"embeddable":true,"href":"http:\/\/lildamed.hu\/fogorvos\/wp-json\/wp\/v2\/comments?post=1007"}],"version-history":[{"count":26,"href":"http:\/\/lildamed.hu\/fogorvos\/wp-json\/wp\/v2\/pages\/1007\/revisions"}],"predecessor-version":[{"id":2117,"href":"http:\/\/lildamed.hu\/fogorvos\/wp-json\/wp\/v2\/pages\/1007\/revisions\/2117"}],"wp:attachment":[{"href":"http:\/\/lildamed.hu\/fogorvos\/wp-json\/wp\/v2\/media?parent=1007"}],"curies":[{"name":"wp","href":"https:\/\/api.w.org\/{rel}","templated":true}]}}