{"id":104,"date":"2013-12-10T20:52:15","date_gmt":"2013-12-10T20:52:15","guid":{"rendered":"http:\/\/lildamed.hu\/fogorvos\/?page_id=104"},"modified":"2026-01-19T19:12:30","modified_gmt":"2026-01-19T19:12:30","slug":"homeopatia-a-fogaszatban","status":"publish","type":"page","link":"http:\/\/lildamed.hu\/fogorvos\/szolgaltatasok-es-arak\/homeopatia-a-fogaszatban\/","title":{"rendered":"Homeop\u00e1tia"},"content":{"rendered":"<h3>Homeop\u00e1tia a fog\u00e1szatban<\/h3>\n<p><img decoding=\"async\" loading=\"lazy\" class=\"alignright wp-image-316 size-full\" title=\"Homeop\u00e1tia a fog\u00e1szatban\" src=\"http:\/\/lildamed.hu\/fogorvos\/wp-content\/uploads\/2013\/12\/homepatia.jpg\" alt=\"Homeop\u00e1tia a fog\u00e1szatban\" width=\"212\" height=\"156\" \/><\/p>\n<p style=\"text-align: justify;\">A homeop\u00e1tia olyan 200 \u00e9ves gy\u00f3gym\u00f3d, mely azon term\u00e9szeti elven alapul, hogy a \u201ehasonl\u00f3 a hasonl\u00f3t\u00f3l gy\u00f3gyul\u201d. Ez azt jelenti, hogy b\u00e1rmely anyag, amely k\u00e9pes \u00e1rtani a szervezetnek, \u00e9pp\u00fagy a jav\u00e1ra is v\u00e1lhat, ha rendk\u00edv\u00fcl kicsiny, enn\u00e9l fogva vesz\u00e9lytelen adagokban szedik. A k\u00ednai orvosl\u00e1s ut\u00e1n a homeop\u00e1tia a m\u00e1sodik legelterjedtebb gy\u00f3gym\u00f3d a vil\u00e1gon, 30 milli\u00f3an haszn\u00e1lj\u00e1k. A homeop\u00e1ti\u00e1s gy\u00f3gyszerek az eredeti anyagok rendk\u00edv\u00fcl nagy h\u00edg\u00edt\u00e1s\u00e1t tartalmazz\u00e1k. A szervezetet nem terhelik, nincs toxikus \u00e9s mell\u00e9khat\u00e1suk. Pontos el\u0151\u00edr\u00e1sok szerint k\u00e9sz\u00fclnek, t\u00f6rzsk\u00f6nyvezettek, \u00e9s gy\u00f3gyszert\u00e1rakban szerezhet\u0151k be. Minden koroszt\u00e1ly sz\u00e1m\u00e1ra hat\u00e9konyan alkalmazhat\u00f3k, csecsem\u0151k \u00e9s v\u00e1rand\u00f3s kismam\u00e1k eset\u00e9ben is. A szerek hat\u00e1sa nem f\u00fcgg att\u00f3l, hogy hisznek \u2013e benne, ez\u00e9rt hat\u00e9konyan alkalmazz\u00e1k csecsem\u0151k, k\u00f3m\u00e1s betegek eset\u00e9n, \u00e9s az \u00e1llatgy\u00f3gy\u00e1szatban is.<\/p>\n<p style=\"text-align: justify;\">A homeop\u00e1ti\u00e1s szereknek t\u00f6bbf\u00e9le kiszerel\u00e9se l\u00e9tezik, p\u00e9ld\u00e1ul a goly\u00f3csk\u00e1kat tartalmaz\u00f3 tubus, szirup, tabletta \u00e9s tinkt\u00fara. L\u00e9teznek komplex k\u00e9sz\u00edtm\u00e9nyek is. A szereket tiszta sz\u00e1jba kell bevenni, el\u0151tte \u00e9s ut\u00e1na 20 percig ne egy\u00fcnk, \u00e9s ne igyunk \u00e1sv\u00e1nyv\u00edzen k\u00edv\u00fcl semmit. Az egyszeri feln\u0151tt adag 5, gyermekeknek 3-4, csecsem\u0151knek 1-2 goly\u00f3cska nyelv alatt elszopogatva. A gy\u00f3gyszer h\u00edg\u00edt\u00e1s\u00e1t \u00e9s szed\u00e9s\u00e9nek gyakoris\u00e1g\u00e1t az orvos \u00edrja fel. A szereket m\u0171anyag kan\u00e1llal vegy\u00fck be. A b\u0151r\u00f6n l\u00e9v\u0151 anyagok ugyanis m\u00f3dos\u00edthatj\u00e1k hat\u00e1sukat. A homeop\u00e1ti\u00e1s szereket nem szabad elektrom\u00e1gneses sug\u00e1rz\u00e1snak kitenni, legal\u00e1bb 1m-es t\u00e1vols\u00e1gban legyen t\u00e9v\u00e9t\u0151l, mobilt\u00f3l, sz\u00e1m\u00edt\u00f3g\u00e9p monitort\u00f3l. Szed\u00e9se alatt ne haszn\u00e1ljunk, \u00e9s ne egy\u00fcnk er\u0151sen arom\u00e1s anyagokat. Haszn\u00e1ljunk mentolmentes fogkr\u00e9met! (pl: Homeodent fogkr\u00e9m) F\u00e9mhez (pl: f\u00e9mkan\u00e1l) \u00e9rinteni nem szabad.<\/p>\n<p style=\"text-align: justify;\">A homeop\u00e1tia m\u00e9lyrehat\u00f3an befoly\u00e1solja az emberi szervezet eg\u00e9sz\u00e9t, hat\u00e1sa a fizikai testen t\u00fal felny\u00falik az asztr\u00e1lis testig, \u00edgy t\u00e1mogatja a gy\u00f3gyul\u00e1st, hossz\u00fa t\u00e1v\u00fa v\u00e1ltoz\u00e1sokat hozva l\u00e9tre. Mai civiliz\u00e1lt vil\u00e1gunkban, amikor k\u00f6rnyezet\u00fcnkb\u0151l \u00e9s \u00e9teleinkb\u0151l \u00e1rtalmas anyagok t\u00f6mege jut szervezet\u00fcnkbe, term\u00e9szetes, hogy mind t\u00f6bben keresnek egy mell\u00e9khat\u00e1s n\u00e9lk\u00fcli, m\u00e9gis hat\u00e9kony gy\u00f3gym\u00f3dot, mely helyre\u00e1ll\u00edtja a szervezet harm\u00f3ni\u00e1j\u00e1t. A homeop\u00e1tia j\u00f3t\u00e9kony hat\u00e1sait ma m\u00e1r a fog- \u00e9s sz\u00e1jbetegs\u00e9gek eset\u00e9n a kezel\u00e9sek sor\u00e1n, \u00e9s otthon is eredm\u00e9nyesen alkalmazhatjuk.<\/p>\n<h3><a href=\"https:\/\/www.chatbase.co\/chatbot-iframe\/NTwxskpG_O2ifB4Xtu507\"><img decoding=\"async\" loading=\"lazy\" class=\"wp-image-2247 aligncenter\" src=\"http:\/\/lildamed.hu\/fogorvos\/wp-content\/uploads\/2026\/01\/Lildamed-AI-Asszisztens-1024x683.png\" alt=\"\" width=\"272\" height=\"182\" srcset=\"http:\/\/lildamed.hu\/fogorvos\/wp-content\/uploads\/2026\/01\/Lildamed-AI-Asszisztens-1024x683.png 1024w, http:\/\/lildamed.hu\/fogorvos\/wp-content\/uploads\/2026\/01\/Lildamed-AI-Asszisztens-300x200.png 300w, http:\/\/lildamed.hu\/fogorvos\/wp-content\/uploads\/2026\/01\/Lildamed-AI-Asszisztens-768x512.png 768w, http:\/\/lildamed.hu\/fogorvos\/wp-content\/uploads\/2026\/01\/Lildamed-AI-Asszisztens.png 1536w\" sizes=\"(max-width: 272px) 100vw, 272px\" \/><\/a><\/h3>\n","protected":false},"excerpt":{"rendered":"<p>Homeop\u00e1tia a fog\u00e1szatban A homeop\u00e1tia olyan 200 \u00e9ves gy\u00f3gym\u00f3d, mely azon term\u00e9szeti elven alapul, hogy a \u201ehasonl\u00f3 a hasonl\u00f3t\u00f3l gy\u00f3gyul\u201d. Ez azt jelenti, hogy b\u00e1rmely anyag, amely k\u00e9pes \u00e1rtani a szervezetnek, \u00e9pp\u00fagy a jav\u00e1ra is v\u00e1lhat, ha rendk\u00edv\u00fcl kicsiny, enn\u00e9l fogva vesz\u00e9lytelen adagokban szedik. A k\u00ednai orvosl\u00e1s ut\u00e1n a homeop\u00e1tia a m\u00e1sodik legelterjedtebb gy\u00f3gym\u00f3d a vil\u00e1gon, 30 milli\u00f3an haszn\u00e1lj\u00e1k. A homeop\u00e1ti\u00e1s gy\u00f3gyszerek az eredeti anyagok rendk\u00edv\u00fcl nagy h\u00edg\u00edt\u00e1s\u00e1t tartalmazz\u00e1k. A szervezetet nem terhelik, nincs toxikus \u00e9s mell\u00e9khat\u00e1suk. Pontos el\u0151\u00edr\u00e1sok szerint k\u00e9sz\u00fclnek, t\u00f6rzsk\u00f6nyvezettek, \u00e9s gy\u00f3gyszert\u00e1rakban szerezhet\u0151k be. Minden koroszt\u00e1ly sz\u00e1m\u00e1ra hat\u00e9konyan alkalmazhat\u00f3k, csecsem\u0151k \u00e9s v\u00e1rand\u00f3s kismam\u00e1k eset\u00e9ben is. A szerek hat\u00e1sa<\/p>\n<a class=\"more-link\" rel=\"nofollow\" href=\"http:\/\/lildamed.hu\/fogorvos\/szolgaltatasok-es-arak\/homeopatia-a-fogaszatban\/\">[Read More...]<\/a>","protected":false},"author":5,"featured_media":0,"parent":7,"menu_order":0,"comment_status":"closed","ping_status":"closed","template":"","meta":[],"_links":{"self":[{"href":"http:\/\/lildamed.hu\/fogorvos\/wp-json\/wp\/v2\/pages\/104"}],"collection":[{"href":"http:\/\/lildamed.hu\/fogorvos\/wp-json\/wp\/v2\/pages"}],"about":[{"href":"http:\/\/lildamed.hu\/fogorvos\/wp-json\/wp\/v2\/types\/page"}],"author":[{"embeddable":true,"href":"http:\/\/lildamed.hu\/fogorvos\/wp-json\/wp\/v2\/users\/5"}],"replies":[{"embeddable":true,"href":"http:\/\/lildamed.hu\/fogorvos\/wp-json\/wp\/v2\/comments?post=104"}],"version-history":[{"count":3,"href":"http:\/\/lildamed.hu\/fogorvos\/wp-json\/wp\/v2\/pages\/104\/revisions"}],"predecessor-version":[{"id":2278,"href":"http:\/\/lildamed.hu\/fogorvos\/wp-json\/wp\/v2\/pages\/104\/revisions\/2278"}],"up":[{"embeddable":true,"href":"http:\/\/lildamed.hu\/fogorvos\/wp-json\/wp\/v2\/pages\/7"}],"wp:attachment":[{"href":"http:\/\/lildamed.hu\/fogorvos\/wp-json\/wp\/v2\/media?parent=104"}],"curies":[{"name":"wp","href":"https:\/\/api.w.org\/{rel}","templated":true}]}}