{"id":11,"date":"2013-11-15T14:04:27","date_gmt":"2013-11-15T14:04:27","guid":{"rendered":"http:\/\/lildamed.hu\/fogorvos\/?page_id=11"},"modified":"2022-02-23T09:12:44","modified_gmt":"2022-02-23T09:12:44","slug":"galeria","status":"publish","type":"page","link":"http:\/\/lildamed.hu\/fogorvos\/galeria\/","title":{"rendered":"Gal\u00e9ria"},"content":{"rendered":"<p><a href=\"http:\/\/lildamed.hu\/fogorvos\/wp-content\/uploads\/2022\/02\/fogorvosi-rendel\u0151-zugl\u00f3.jpg\"><img decoding=\"async\" loading=\"lazy\" class=\"alignleft wp-image-1609\" src=\"http:\/\/lildamed.hu\/fogorvos\/wp-content\/uploads\/2022\/02\/fogorvosi-rendel\u0151-zugl\u00f3-1024x768.jpg\" alt=\"\" width=\"787\" height=\"590\" srcset=\"http:\/\/lildamed.hu\/fogorvos\/wp-content\/uploads\/2022\/02\/fogorvosi-rendel\u0151-zugl\u00f3-1024x768.jpg 1024w, http:\/\/lildamed.hu\/fogorvos\/wp-content\/uploads\/2022\/02\/fogorvosi-rendel\u0151-zugl\u00f3-300x225.jpg 300w, http:\/\/lildamed.hu\/fogorvos\/wp-content\/uploads\/2022\/02\/fogorvosi-rendel\u0151-zugl\u00f3-768x576.jpg 768w\" sizes=\"(max-width: 787px) 100vw, 787px\" \/><\/a><\/p>\n<p><a href=\"http:\/\/lildamed.hu\/fogorvos\/wp-content\/uploads\/2022\/02\/fog\u00e1szat-kezel\u00e9s-zugl\u00f3.jpg\"><br \/>\n<\/a> <a href=\"http:\/\/lildamed.hu\/fogorvos\/wp-content\/uploads\/2022\/02\/zugl\u00f3-fog\u00e1szat-2.jpg\"><img decoding=\"async\" loading=\"lazy\" class=\"alignleft wp-image-1620\" src=\"http:\/\/lildamed.hu\/fogorvos\/wp-content\/uploads\/2022\/02\/zugl\u00f3-fog\u00e1szat-2-1024x768.jpg\" alt=\"\" width=\"787\" height=\"590\" srcset=\"http:\/\/lildamed.hu\/fogorvos\/wp-content\/uploads\/2022\/02\/zugl\u00f3-fog\u00e1szat-2-1024x768.jpg 1024w, http:\/\/lildamed.hu\/fogorvos\/wp-content\/uploads\/2022\/02\/zugl\u00f3-fog\u00e1szat-2-300x225.jpg 300w, http:\/\/lildamed.hu\/fogorvos\/wp-content\/uploads\/2022\/02\/zugl\u00f3-fog\u00e1szat-2-768x576.jpg 768w\" sizes=\"(max-width: 787px) 100vw, 787px\" \/><\/a> <a href=\"http:\/\/lildamed.hu\/fogorvos\/wp-content\/uploads\/2022\/02\/zugl\u00f3-fog\u00e1szati-rendel\u0151.jpg\"><img decoding=\"async\" loading=\"lazy\" class=\"alignleft wp-image-1621\" src=\"http:\/\/lildamed.hu\/fogorvos\/wp-content\/uploads\/2022\/02\/zugl\u00f3-fog\u00e1szati-rendel\u0151-1024x768.jpg\" alt=\"\" width=\"787\" height=\"590\" srcset=\"http:\/\/lildamed.hu\/fogorvos\/wp-content\/uploads\/2022\/02\/zugl\u00f3-fog\u00e1szati-rendel\u0151-1024x768.jpg 1024w, http:\/\/lildamed.hu\/fogorvos\/wp-content\/uploads\/2022\/02\/zugl\u00f3-fog\u00e1szati-rendel\u0151-300x225.jpg 300w, http:\/\/lildamed.hu\/fogorvos\/wp-content\/uploads\/2022\/02\/zugl\u00f3-fog\u00e1szati-rendel\u0151-768x576.jpg 768w\" sizes=\"(max-width: 787px) 100vw, 787px\" \/><\/a> <a href=\"http:\/\/lildamed.hu\/fogorvos\/wp-content\/uploads\/2022\/02\/zugl\u00f3-fogorvosi-rendel\u0151-Csert\u0151-utca-6.jpg\"><br \/>\n<\/a> <a href=\"http:\/\/lildamed.hu\/fogorvos\/wp-content\/uploads\/2022\/02\/zugl\u00f3-panor\u00e1ma-r\u00f6ntgen.jpg\"><img decoding=\"async\" loading=\"lazy\" class=\"alignleft wp-image-1623\" src=\"http:\/\/lildamed.hu\/fogorvos\/wp-content\/uploads\/2022\/02\/zugl\u00f3-panor\u00e1ma-r\u00f6ntgen-1024x768.jpg\" alt=\"\" width=\"785\" height=\"589\" srcset=\"http:\/\/lildamed.hu\/fogorvos\/wp-content\/uploads\/2022\/02\/zugl\u00f3-panor\u00e1ma-r\u00f6ntgen-1024x768.jpg 1024w, http:\/\/lildamed.hu\/fogorvos\/wp-content\/uploads\/2022\/02\/zugl\u00f3-panor\u00e1ma-r\u00f6ntgen-300x225.jpg 300w, http:\/\/lildamed.hu\/fogorvos\/wp-content\/uploads\/2022\/02\/zugl\u00f3-panor\u00e1ma-r\u00f6ntgen-768x576.jpg 768w\" sizes=\"(max-width: 785px) 100vw, 785px\" \/><\/a> <a href=\"http:\/\/lildamed.hu\/fogorvos\/wp-content\/uploads\/2022\/02\/zugl\u00f3i-fog\u00e1szat-1.jpg\"><img decoding=\"async\" loading=\"lazy\" class=\"alignleft wp-image-1624\" src=\"http:\/\/lildamed.hu\/fogorvos\/wp-content\/uploads\/2022\/02\/zugl\u00f3i-fog\u00e1szat-1-768x1024.jpg\" alt=\"\" width=\"783\" height=\"1044\" srcset=\"http:\/\/lildamed.hu\/fogorvos\/wp-content\/uploads\/2022\/02\/zugl\u00f3i-fog\u00e1szat-1-768x1024.jpg 768w, http:\/\/lildamed.hu\/fogorvos\/wp-content\/uploads\/2022\/02\/zugl\u00f3i-fog\u00e1szat-1-225x300.jpg 225w\" sizes=\"(max-width: 783px) 100vw, 783px\" \/><\/a><a href=\"http:\/\/lildamed.hu\/fogorvos\/wp-content\/uploads\/2022\/02\/zugl\u00f3-fogorvosi-rendel\u0151-Csert\u0151-utca-6.jpg\"><img decoding=\"async\" loading=\"lazy\" class=\"alignleft wp-image-1622\" src=\"http:\/\/lildamed.hu\/fogorvos\/wp-content\/uploads\/2022\/02\/zugl\u00f3-fogorvosi-rendel\u0151-Csert\u0151-utca-6-1024x768.jpg\" alt=\"\" width=\"785\" height=\"589\" srcset=\"http:\/\/lildamed.hu\/fogorvos\/wp-content\/uploads\/2022\/02\/zugl\u00f3-fogorvosi-rendel\u0151-Csert\u0151-utca-6-1024x768.jpg 1024w, http:\/\/lildamed.hu\/fogorvos\/wp-content\/uploads\/2022\/02\/zugl\u00f3-fogorvosi-rendel\u0151-Csert\u0151-utca-6-300x225.jpg 300w, http:\/\/lildamed.hu\/fogorvos\/wp-content\/uploads\/2022\/02\/zugl\u00f3-fogorvosi-rendel\u0151-Csert\u0151-utca-6-768x576.jpg 768w\" sizes=\"(max-width: 785px) 100vw, 785px\" \/><\/a><\/p>\n","protected":false},"excerpt":{"rendered":"<a class=\"more-link\" rel=\"nofollow\" href=\"http:\/\/lildamed.hu\/fogorvos\/galeria\/\">[Read More...]<\/a>","protected":false},"author":5,"featured_media":0,"parent":0,"menu_order":0,"comment_status":"closed","ping_status":"closed","template":"","meta":[],"_links":{"self":[{"href":"http:\/\/lildamed.hu\/fogorvos\/wp-json\/wp\/v2\/pages\/11"}],"collection":[{"href":"http:\/\/lildamed.hu\/fogorvos\/wp-json\/wp\/v2\/pages"}],"about":[{"href":"http:\/\/lildamed.hu\/fogorvos\/wp-json\/wp\/v2\/types\/page"}],"author":[{"embeddable":true,"href":"http:\/\/lildamed.hu\/fogorvos\/wp-json\/wp\/v2\/users\/5"}],"replies":[{"embeddable":true,"href":"http:\/\/lildamed.hu\/fogorvos\/wp-json\/wp\/v2\/comments?post=11"}],"version-history":[{"count":14,"href":"http:\/\/lildamed.hu\/fogorvos\/wp-json\/wp\/v2\/pages\/11\/revisions"}],"predecessor-version":[{"id":1626,"href":"http:\/\/lildamed.hu\/fogorvos\/wp-json\/wp\/v2\/pages\/11\/revisions\/1626"}],"wp:attachment":[{"href":"http:\/\/lildamed.hu\/fogorvos\/wp-json\/wp\/v2\/media?parent=11"}],"curies":[{"name":"wp","href":"https:\/\/api.w.org\/{rel}","templated":true}]}}