{"id":13,"date":"2013-11-15T14:04:44","date_gmt":"2013-11-15T14:04:44","guid":{"rendered":"http:\/\/lildamed.hu\/fogorvos\/?page_id=13"},"modified":"2026-01-19T18:46:18","modified_gmt":"2026-01-19T18:46:18","slug":"egeszsegpenztar","status":"publish","type":"page","link":"http:\/\/lildamed.hu\/fogorvos\/egeszsegpenztar\/","title":{"rendered":"Eg\u00e9szs\u00e9gp\u00e9nzt\u00e1r"},"content":{"rendered":"<p style=\"text-align: center;\"><span style=\"color: #000000;\">Jelenleg az al\u00e1bbi eg\u00e9szs\u00e9gp\u00e9nzt\u00e1rakkal \u00e1llunk szerz\u0151d\u00e9sben amelyekkel ig\u00e9nybe tudja venni fogorvosi szolg\u00e1ltat\u00e1sainkat.<br \/>Amennyiben \u00d6n m\u00e1s eg\u00e9szs\u00e9gp\u00e9nzt\u00e1r tagja, vel\u00fck is felvessz\u00fck a kapcsolatot.<\/span><\/p>\n<p style=\"text-align: center;\">Felh\u00edvjuk sz\u00edves figyelm\u00e9t, hogy a rendel\u0151ben eg\u00e9szs\u00e9gp\u00e9nzt\u00e1ri k\u00e1rty\u00e1t nem tudunk leolvasni, k\u00e9szp\u00e9nzzel, vagy bankk\u00e1rty\u00e1val, illetve telefonos z\u00e1rol\u00e1ssal tud fizetni!<\/p>\n<p style=\"text-align: center;\">Felh\u00edvjuk figyelm\u00e9t, hogy a honlapon tal\u00e1lhat\u00f3 \u00e1rak t\u00e1j\u00e9koztat\u00f3 jelleg\u0171ek, a folyamatosan v\u00e1ltoz\u00f3 p\u00e9nz\u00fcgyi viszonyok miatt fenntartjuk az \u00e1rv\u00e1ltoztat\u00e1s jog\u00e1t! Pontos \u00e1raj\u00e1nlatot kiz\u00e1r\u00f3lag szem\u00e9lyes konzult\u00e1ci\u00f3 alkalm\u00e1val tudunk adni.\u00a0<a href=\"http:\/\/lildamed.hu\/fogorvos\/lildamed-fogorvosi-rendelo-arak-fogszabalyozas-tomes-hej-fogpotlas\/\">\u00c1rak&gt;&gt;&gt;<\/a><\/p>\n<p style=\"text-align: center;\"><img decoding=\"async\" loading=\"lazy\" class=\"aligncenter size-full wp-image-681\" style=\"border: 0px;\" src=\"http:\/\/lildamed.hu\/fogorvos\/wp-content\/uploads\/2013\/11\/fogorvosi-egeszeseg-penztarak.jpg\" alt=\"fogorvosi-egeszeseg-penztarak\" width=\"600\" height=\"600\" srcset=\"http:\/\/lildamed.hu\/fogorvos\/wp-content\/uploads\/2013\/11\/fogorvosi-egeszeseg-penztarak.jpg 600w, http:\/\/lildamed.hu\/fogorvos\/wp-content\/uploads\/2013\/11\/fogorvosi-egeszeseg-penztarak-150x150.jpg 150w, http:\/\/lildamed.hu\/fogorvos\/wp-content\/uploads\/2013\/11\/fogorvosi-egeszeseg-penztarak-300x300.jpg 300w\" sizes=\"(max-width: 600px) 100vw, 600px\" \/><\/p>\n<h3><a href=\"https:\/\/www.chatbase.co\/chatbot-iframe\/NTwxskpG_O2ifB4Xtu507\"><img decoding=\"async\" loading=\"lazy\" class=\"wp-image-2247 aligncenter\" src=\"http:\/\/lildamed.hu\/fogorvos\/wp-content\/uploads\/2026\/01\/Lildamed-AI-Asszisztens-1024x683.png\" alt=\"\" width=\"272\" height=\"182\" srcset=\"http:\/\/lildamed.hu\/fogorvos\/wp-content\/uploads\/2026\/01\/Lildamed-AI-Asszisztens-1024x683.png 1024w, http:\/\/lildamed.hu\/fogorvos\/wp-content\/uploads\/2026\/01\/Lildamed-AI-Asszisztens-300x200.png 300w, http:\/\/lildamed.hu\/fogorvos\/wp-content\/uploads\/2026\/01\/Lildamed-AI-Asszisztens-768x512.png 768w, http:\/\/lildamed.hu\/fogorvos\/wp-content\/uploads\/2026\/01\/Lildamed-AI-Asszisztens.png 1536w\" sizes=\"(max-width: 272px) 100vw, 272px\" \/><\/a><\/h3>\n\n\n<p><\/p>\n","protected":false},"excerpt":{"rendered":"<p>Jelenleg az al\u00e1bbi eg\u00e9szs\u00e9gp\u00e9nzt\u00e1rakkal \u00e1llunk szerz\u0151d\u00e9sben amelyekkel ig\u00e9nybe tudja venni fogorvosi szolg\u00e1ltat\u00e1sainkat.Amennyiben \u00d6n m\u00e1s eg\u00e9szs\u00e9gp\u00e9nzt\u00e1r tagja, vel\u00fck is felvessz\u00fck a kapcsolatot. Felh\u00edvjuk sz\u00edves figyelm\u00e9t, hogy a rendel\u0151ben eg\u00e9szs\u00e9gp\u00e9nzt\u00e1ri k\u00e1rty\u00e1t nem tudunk leolvasni, k\u00e9szp\u00e9nzzel, vagy bankk\u00e1rty\u00e1val, illetve telefonos z\u00e1rol\u00e1ssal tud fizetni! Felh\u00edvjuk figyelm\u00e9t, hogy a honlapon tal\u00e1lhat\u00f3 \u00e1rak t\u00e1j\u00e9koztat\u00f3 jelleg\u0171ek, a folyamatosan v\u00e1ltoz\u00f3 p\u00e9nz\u00fcgyi viszonyok miatt fenntartjuk az \u00e1rv\u00e1ltoztat\u00e1s jog\u00e1t! Pontos \u00e1raj\u00e1nlatot kiz\u00e1r\u00f3lag szem\u00e9lyes konzult\u00e1ci\u00f3 alkalm\u00e1val tudunk adni.\u00a0\u00c1rak&gt;&gt;&gt;<\/p>\n<a class=\"more-link\" rel=\"nofollow\" href=\"http:\/\/lildamed.hu\/fogorvos\/egeszsegpenztar\/\">[Read More...]<\/a>","protected":false},"author":5,"featured_media":0,"parent":0,"menu_order":0,"comment_status":"closed","ping_status":"closed","template":"","meta":[],"_links":{"self":[{"href":"http:\/\/lildamed.hu\/fogorvos\/wp-json\/wp\/v2\/pages\/13"}],"collection":[{"href":"http:\/\/lildamed.hu\/fogorvos\/wp-json\/wp\/v2\/pages"}],"about":[{"href":"http:\/\/lildamed.hu\/fogorvos\/wp-json\/wp\/v2\/types\/page"}],"author":[{"embeddable":true,"href":"http:\/\/lildamed.hu\/fogorvos\/wp-json\/wp\/v2\/users\/5"}],"replies":[{"embeddable":true,"href":"http:\/\/lildamed.hu\/fogorvos\/wp-json\/wp\/v2\/comments?post=13"}],"version-history":[{"count":8,"href":"http:\/\/lildamed.hu\/fogorvos\/wp-json\/wp\/v2\/pages\/13\/revisions"}],"predecessor-version":[{"id":2253,"href":"http:\/\/lildamed.hu\/fogorvos\/wp-json\/wp\/v2\/pages\/13\/revisions\/2253"}],"wp:attachment":[{"href":"http:\/\/lildamed.hu\/fogorvos\/wp-json\/wp\/v2\/media?parent=13"}],"curies":[{"name":"wp","href":"https:\/\/api.w.org\/{rel}","templated":true}]}}