{"id":1499,"date":"2021-08-05T08:20:29","date_gmt":"2021-08-05T08:20:29","guid":{"rendered":"http:\/\/lildamed.hu\/fogorvos\/?page_id=1499"},"modified":"2026-01-19T18:52:48","modified_gmt":"2026-01-19T18:52:48","slug":"philips-zoom-fogfeherites","status":"publish","type":"page","link":"http:\/\/lildamed.hu\/fogorvos\/philips-zoom-fogfeherites\/","title":{"rendered":"Philips Zoom Fogfeh\u00e9r\u00edt\u00e9s"},"content":{"rendered":"<p><a href=\"http:\/\/lildamed.hu\/fogorvos\/wp-content\/uploads\/2021\/08\/philips-zoom-whitening-fogfeh\u00e9r\u00edt\u00e9s-lildamed.jpg\"><img decoding=\"async\" loading=\"lazy\" class=\" wp-image-1503 alignleft\" src=\"http:\/\/lildamed.hu\/fogorvos\/wp-content\/uploads\/2021\/08\/philips-zoom-whitening-fogfeh\u00e9r\u00edt\u00e9s-lildamed-300x300.jpg\" alt=\"\" width=\"343\" height=\"343\" srcset=\"http:\/\/lildamed.hu\/fogorvos\/wp-content\/uploads\/2021\/08\/philips-zoom-whitening-fogfeh\u00e9r\u00edt\u00e9s-lildamed-300x300.jpg 300w, http:\/\/lildamed.hu\/fogorvos\/wp-content\/uploads\/2021\/08\/philips-zoom-whitening-fogfeh\u00e9r\u00edt\u00e9s-lildamed-150x150.jpg 150w, http:\/\/lildamed.hu\/fogorvos\/wp-content\/uploads\/2021\/08\/philips-zoom-whitening-fogfeh\u00e9r\u00edt\u00e9s-lildamed-768x768.jpg 768w, http:\/\/lildamed.hu\/fogorvos\/wp-content\/uploads\/2021\/08\/philips-zoom-whitening-fogfeh\u00e9r\u00edt\u00e9s-lildamed-1024x1024.jpg 1024w, http:\/\/lildamed.hu\/fogorvos\/wp-content\/uploads\/2021\/08\/philips-zoom-whitening-fogfeh\u00e9r\u00edt\u00e9s-lildamed.jpg 1481w\" sizes=\"(max-width: 343px) 100vw, 343px\" \/><\/a><\/p>\n<p>A <strong>Philips Zoom Fogfeh\u00e9r\u00edt\u0151 rendszer<\/strong> a\u00a0legjobban kifejlesztett rendel\u0151i fogfeh\u00e9r\u00edt\u0151 elj\u00e1r\u00e1s, amely val\u00f3ban k\u00e9pes ak\u00e1r 8 \u00e1rnyalatot vil\u00e1gos\u00edtani a fogakon. Kb. 1,5 \u00f3ra rendel\u0151i fogfeh\u00e9r\u00edt\u00e9s alatt a v\u00e9geredm\u00e9ny A1\/B1-es, vagy ann\u00e1l feh\u00e9rebb fogsor lesz. Speci\u00e1lis f\u00e9nyforr\u00e1ssal rendelkezik, \u00edgy gyors, prec\u00edz megold\u00e1st ny\u00fajt a k\u00edv\u00e1nt eredm\u00e9ny el\u00e9r\u00e9s\u00e9hez. Gy\u00f6ny\u00f6r\u0171en csillog\u00f3, h\u00f3feh\u00e9r mosoly m\u00e1r egyetlen kezel\u00e9ssel! Az el\u00e9rt eredm\u00e9ny f\u00fcgg a kiindul\u00e1si fogsz\u00ednt\u0151l!<\/p>\n<p><a href=\"http:\/\/lildamed.hu\/fogorvos\/lildamed-fogorvosi-rendelo-arak-fogszabalyozas-tomes-hej-fogpotlas\/\">\u00c1rak&gt;&gt;&gt;<\/a><\/p>\n<p><a href=\"http:\/\/lildamed.hu\/fogorvos\/wp-content\/uploads\/2021\/08\/zoom-fogfeh\u00e9r\u00edt\u0151-rendszer-lildamed.jpg\"><img decoding=\"async\" loading=\"lazy\" class=\" wp-image-1505 alignright\" src=\"http:\/\/lildamed.hu\/fogorvos\/wp-content\/uploads\/2021\/08\/zoom-fogfeh\u00e9r\u00edt\u0151-rendszer-lildamed-189x300.jpg\" alt=\"\" width=\"185\" height=\"294\" srcset=\"http:\/\/lildamed.hu\/fogorvos\/wp-content\/uploads\/2021\/08\/zoom-fogfeh\u00e9r\u00edt\u0151-rendszer-lildamed-189x300.jpg 189w, http:\/\/lildamed.hu\/fogorvos\/wp-content\/uploads\/2021\/08\/zoom-fogfeh\u00e9r\u00edt\u0151-rendszer-lildamed.jpg 378w\" sizes=\"(max-width: 185px) 100vw, 185px\" \/><\/a>A kezel\u00e9s el\u0151tt konzult\u00e1ci\u00f3ra, \u00e9s a fogazat megfelel\u0151 el\u0151k\u00e9sz\u00edt\u00e9s\u00e9re van sz\u00fcks\u00e9g. Ilyenkor felm\u00e9rj\u00fck a fogazat \u00e1llapot\u00e1t, \u00e9s felh\u00edvjuk a figyelmet az esetleg el\u0151fordul\u00f3 fogazati elt\u00e9r\u00e9sekre, melyeket a beavatkoz\u00e1s el\u0151tt kezelni kell. Alapvet\u0151 a fogk\u00f6vek \u00e9s egy\u00e9b felrak\u00f3d\u00e1sok \u00e9s elsz\u00ednez\u0151d\u00e9sek elt\u00e1vol\u00edt\u00e1sa. Elengedhetetlen\u00fcl sz\u00fcks\u00e9ges a teljes fogazat \u00e9s fog\u00e1gy gyullad\u00e1smentes \u00e9s eg\u00e9szs\u00e9ges \u00e1llapota.\u00a0A rendel\u0151i kezel\u00e9s kb. 1,5 \u00f3ra, hozz\u00e1 aj\u00e1nd\u00e9k otthoni\u00a0s\u00ednes fogfeh\u00e9r\u00edt\u0151 szettet adunk.<\/p>\n<p><a href=\"http:\/\/lildamed.hu\/fogorvos\/wp-content\/uploads\/2021\/08\/philips-zoom-fogfeh\u00e9r\u00edt\u00e9s-lildamed.jpg\"><img decoding=\"async\" loading=\"lazy\" class=\" wp-image-1504 alignleft\" src=\"http:\/\/lildamed.hu\/fogorvos\/wp-content\/uploads\/2021\/08\/philips-zoom-fogfeh\u00e9r\u00edt\u00e9s-lildamed-281x300.jpg\" alt=\"\" width=\"305\" height=\"326\" srcset=\"http:\/\/lildamed.hu\/fogorvos\/wp-content\/uploads\/2021\/08\/philips-zoom-fogfeh\u00e9r\u00edt\u00e9s-lildamed-281x300.jpg 281w, http:\/\/lildamed.hu\/fogorvos\/wp-content\/uploads\/2021\/08\/philips-zoom-fogfeh\u00e9r\u00edt\u00e9s-lildamed-768x821.jpg 768w, http:\/\/lildamed.hu\/fogorvos\/wp-content\/uploads\/2021\/08\/philips-zoom-fogfeh\u00e9r\u00edt\u00e9s-lildamed-958x1024.jpg 958w, http:\/\/lildamed.hu\/fogorvos\/wp-content\/uploads\/2021\/08\/philips-zoom-fogfeh\u00e9r\u00edt\u00e9s-lildamed.jpg 1100w\" sizes=\"(max-width: 305px) 100vw, 305px\" \/><\/a><\/p>\n<h4><a href=\"https:\/\/www.zoomfeherites.hu\/\">Gyakori k\u00e9rd\u00e9sek &gt;&gt;&gt;<\/a><\/h4>\n<h4><a href=\"https:\/\/www.philips.hu\/c-m-pe\/szajapolas\/consumer\/cons-range-whitening\/cons-innovation-whitening\">Tov\u00e1bbi inform\u00e1ci\u00f3k &gt;&gt;&gt;<\/a><\/h4>\n<h3><a href=\"https:\/\/www.chatbase.co\/chatbot-iframe\/NTwxskpG_O2ifB4Xtu507\"><img decoding=\"async\" loading=\"lazy\" class=\"alignleft wp-image-2247\" src=\"http:\/\/lildamed.hu\/fogorvos\/wp-content\/uploads\/2026\/01\/Lildamed-AI-Asszisztens-1024x683.png\" alt=\"\" width=\"272\" height=\"182\" srcset=\"http:\/\/lildamed.hu\/fogorvos\/wp-content\/uploads\/2026\/01\/Lildamed-AI-Asszisztens-1024x683.png 1024w, http:\/\/lildamed.hu\/fogorvos\/wp-content\/uploads\/2026\/01\/Lildamed-AI-Asszisztens-300x200.png 300w, http:\/\/lildamed.hu\/fogorvos\/wp-content\/uploads\/2026\/01\/Lildamed-AI-Asszisztens-768x512.png 768w, http:\/\/lildamed.hu\/fogorvos\/wp-content\/uploads\/2026\/01\/Lildamed-AI-Asszisztens.png 1536w\" sizes=\"(max-width: 272px) 100vw, 272px\" \/><\/a><\/h3>\n<p><iframe loading=\"lazy\" title=\"Philips Zoom fogfeh\u00e9r\u00edt\u00e9s l\u00e1that\u00f3 eredm\u00e9nnyel\" width=\"500\" height=\"281\" src=\"https:\/\/www.youtube.com\/embed\/phEvQirQsm0?feature=oembed&#038;enablejsapi=1&#038;origin=https:\/\/lildamed.hu\" frameborder=\"0\" allow=\"accelerometer; autoplay; clipboard-write; encrypted-media; gyroscope; picture-in-picture; web-share\" referrerpolicy=\"strict-origin-when-cross-origin\" allowfullscreen><\/iframe><\/p>\n","protected":false},"excerpt":{"rendered":"<p>A Philips Zoom Fogfeh\u00e9r\u00edt\u0151 rendszer a\u00a0legjobban kifejlesztett rendel\u0151i fogfeh\u00e9r\u00edt\u0151 elj\u00e1r\u00e1s, amely val\u00f3ban k\u00e9pes ak\u00e1r 8 \u00e1rnyalatot vil\u00e1gos\u00edtani a fogakon. Kb. 1,5 \u00f3ra rendel\u0151i fogfeh\u00e9r\u00edt\u00e9s alatt a v\u00e9geredm\u00e9ny A1\/B1-es, vagy ann\u00e1l feh\u00e9rebb fogsor lesz. Speci\u00e1lis f\u00e9nyforr\u00e1ssal rendelkezik, \u00edgy gyors, prec\u00edz megold\u00e1st ny\u00fajt a k\u00edv\u00e1nt eredm\u00e9ny el\u00e9r\u00e9s\u00e9hez. Gy\u00f6ny\u00f6r\u0171en csillog\u00f3, h\u00f3feh\u00e9r mosoly m\u00e1r egyetlen kezel\u00e9ssel! Az el\u00e9rt eredm\u00e9ny f\u00fcgg a kiindul\u00e1si fogsz\u00ednt\u0151l! \u00c1rak&gt;&gt;&gt; A kezel\u00e9s el\u0151tt konzult\u00e1ci\u00f3ra, \u00e9s a fogazat megfelel\u0151 el\u0151k\u00e9sz\u00edt\u00e9s\u00e9re van sz\u00fcks\u00e9g. Ilyenkor felm\u00e9rj\u00fck a fogazat \u00e1llapot\u00e1t, \u00e9s felh\u00edvjuk a figyelmet az esetleg el\u0151fordul\u00f3 fogazati elt\u00e9r\u00e9sekre, melyeket a beavatkoz\u00e1s el\u0151tt kezelni kell. Alapvet\u0151 a fogk\u00f6vek \u00e9s egy\u00e9b felrak\u00f3d\u00e1sok \u00e9s elsz\u00ednez\u0151d\u00e9sek elt\u00e1vol\u00edt\u00e1sa.<\/p>\n<a class=\"more-link\" rel=\"nofollow\" href=\"http:\/\/lildamed.hu\/fogorvos\/philips-zoom-fogfeherites\/\">[Read More...]<\/a>","protected":false},"author":5,"featured_media":0,"parent":0,"menu_order":0,"comment_status":"closed","ping_status":"closed","template":"","meta":[],"_links":{"self":[{"href":"http:\/\/lildamed.hu\/fogorvos\/wp-json\/wp\/v2\/pages\/1499"}],"collection":[{"href":"http:\/\/lildamed.hu\/fogorvos\/wp-json\/wp\/v2\/pages"}],"about":[{"href":"http:\/\/lildamed.hu\/fogorvos\/wp-json\/wp\/v2\/types\/page"}],"author":[{"embeddable":true,"href":"http:\/\/lildamed.hu\/fogorvos\/wp-json\/wp\/v2\/users\/5"}],"replies":[{"embeddable":true,"href":"http:\/\/lildamed.hu\/fogorvos\/wp-json\/wp\/v2\/comments?post=1499"}],"version-history":[{"count":28,"href":"http:\/\/lildamed.hu\/fogorvos\/wp-json\/wp\/v2\/pages\/1499\/revisions"}],"predecessor-version":[{"id":2258,"href":"http:\/\/lildamed.hu\/fogorvos\/wp-json\/wp\/v2\/pages\/1499\/revisions\/2258"}],"wp:attachment":[{"href":"http:\/\/lildamed.hu\/fogorvos\/wp-json\/wp\/v2\/media?parent=1499"}],"curies":[{"name":"wp","href":"https:\/\/api.w.org\/{rel}","templated":true}]}}