{"id":37,"date":"2013-02-10T20:01:17","date_gmt":"2013-02-10T20:01:17","guid":{"rendered":"http:\/\/lildamed.hu\/fogorvos\/?page_id=37"},"modified":"2026-01-19T18:54:30","modified_gmt":"2026-01-19T18:54:30","slug":"fogaszati-vizsgalat-teltrontgen-panorama-rontgen","status":"publish","type":"page","link":"http:\/\/lildamed.hu\/fogorvos\/szolgaltatasok-es-arak\/fogaszati-vizsgalat-teltrontgen-panorama-rontgen\/","title":{"rendered":"Fog\u00e1szati Vizsg\u00e1lat &#8211; R\u00f6ntgen &#8211; CBCT"},"content":{"rendered":"<h3>Fog\u00e1szati Vizsg\u00e1lat &#8211; R\u00f6ntgen &#8211; Fog\u00e1szati CT<\/h3>\n<h3><a href=\"https:\/\/www.chatbase.co\/chatbot-iframe\/NTwxskpG_O2ifB4Xtu507\"><img decoding=\"async\" loading=\"lazy\" class=\"alignleft wp-image-2247\" src=\"http:\/\/lildamed.hu\/fogorvos\/wp-content\/uploads\/2026\/01\/Lildamed-AI-Asszisztens-1024x683.png\" alt=\"\" width=\"272\" height=\"182\" srcset=\"http:\/\/lildamed.hu\/fogorvos\/wp-content\/uploads\/2026\/01\/Lildamed-AI-Asszisztens-1024x683.png 1024w, http:\/\/lildamed.hu\/fogorvos\/wp-content\/uploads\/2026\/01\/Lildamed-AI-Asszisztens-300x200.png 300w, http:\/\/lildamed.hu\/fogorvos\/wp-content\/uploads\/2026\/01\/Lildamed-AI-Asszisztens-768x512.png 768w, http:\/\/lildamed.hu\/fogorvos\/wp-content\/uploads\/2026\/01\/Lildamed-AI-Asszisztens.png 1536w\" sizes=\"(max-width: 272px) 100vw, 272px\" \/><\/a><\/h3>\n<p style=\"text-align: justify;\">Fog\u00e1szati vizsg\u00e1lat \u00e9s sz\u00fcks\u00e9g eset\u00e9n \u00e1ttekint\u0151 panor\u00e1ma r\u00f6ntgen, vagy fog\u00e1szati CT fontos elemei a megel\u0151z\u00e9snek \u00e9s a fog\u00e1szati elv\u00e1ltoz\u00e1sok korai felismer\u00e9s\u00e9nek.<\/p>\n<p style=\"text-align: justify;\">Megfelel\u0151 fog\u00e1pol\u00e1s mellett is kialakulhatnak a fogazatban, \u00e9s a fog\u00e1gyban elv\u00e1ltoz\u00e1sok. Ezek id\u0151ben t\u00f6rt\u00e9n\u0151 felismer\u00e9se, \u00e9s ell\u00e1t\u00e1sa \u00e9rdek\u00e9ben \u00e9rdemes f\u00e9l\u00e9vente fog\u00e1szati ellen\u0151rz\u00e9sen r\u00e9szt venni, \u00e9s amennyiben sz\u00fcks\u00e9ges, a fogk\u00f6veket is elt\u00e1vol\u00edtani.<\/p>\n<h3>Fog\u00e1szati sz\u0171r\u0151vizsg\u00e1lat elemei<\/h3>\n<p><img decoding=\"async\" loading=\"lazy\" class=\"alignright wp-image-326 size-full\" title=\"Fog\u00e1szati vizsg\u00e1lat\" src=\"http:\/\/lildamed.hu\/fogorvos\/wp-content\/uploads\/2013\/12\/fogaszati_vizsgalat.jpg\" alt=\"Fog\u00e1szati vizsg\u00e1lat - Zugl\u00f3\" width=\"212\" height=\"156\" \/><\/p>\n<ul>\n<li>\u00e1llapotfelm\u00e9r\u00e9s (fogazat, fog\u00e1gy, \u00e1llkapocs-\u00edz\u00fclet)<\/li>\n<li>g\u00f3ckutat\u00e1s<\/li>\n<li>r\u00e1ksz\u0171r\u00e9s (fej, nyak, sz\u00e1j\u00fcreg, garat)<\/li>\n<li>tan\u00e1csad\u00e1s<\/li>\n<li>k\u00e9r\u00e9sre kezel\u00e9si terv k\u00e9sz\u00edt\u00e9s<\/li>\n<li>fog\u00e1szati r\u00f6ntgen felv\u00e9tel (sz\u00fcks\u00e9g eset\u00e9n)<\/li>\n<li>fogk\u0151 elt\u00e1vol\u00edt\u00e1s (sz\u00fcks\u00e9g eset\u00e9n)<\/li>\n<\/ul>\n<p><a href=\"http:\/\/lildamed.hu\/fogorvos\/lildamed-fogorvosi-rendelo-arak-fogszabalyozas-tomes-hej-fogpotlas\/\">\u00c1rak&gt;&gt;&gt;<\/a><\/p>\n<p><a href=\"http:\/\/lildamed.hu\/fogorvos\/wp-content\/uploads\/2025\/03\/Carestream-Dental-CS-8100-Rtg-CBCT-lildamed.jpg\"><img decoding=\"async\" loading=\"lazy\" class=\"alignright  wp-image-2033\" src=\"http:\/\/lildamed.hu\/fogorvos\/wp-content\/uploads\/2025\/03\/Carestream-Dental-CS-8100-Rtg-CBCT-lildamed-1024x512.jpg\" alt=\"\" width=\"862\" height=\"431\" srcset=\"http:\/\/lildamed.hu\/fogorvos\/wp-content\/uploads\/2025\/03\/Carestream-Dental-CS-8100-Rtg-CBCT-lildamed-1024x512.jpg 1024w, http:\/\/lildamed.hu\/fogorvos\/wp-content\/uploads\/2025\/03\/Carestream-Dental-CS-8100-Rtg-CBCT-lildamed-300x150.jpg 300w, http:\/\/lildamed.hu\/fogorvos\/wp-content\/uploads\/2025\/03\/Carestream-Dental-CS-8100-Rtg-CBCT-lildamed-768x384.jpg 768w, http:\/\/lildamed.hu\/fogorvos\/wp-content\/uploads\/2025\/03\/Carestream-Dental-CS-8100-Rtg-CBCT-lildamed.jpg 1280w\" sizes=\"(max-width: 862px) 100vw, 862px\" \/><\/a><\/p>\n<h4>A r\u00f6ntgen felv\u00e9telek elk\u00e9sz\u00edt\u00e9s\u00e9hez <a href=\"https:\/\/www.bing.com\/videos\/riverview\/relatedvideo?q=carestream+CS+8100+3D+CBCT&amp;mid=0297789F206691B00F080297789F206691B00F08&amp;FORM=VIRE\">Carestream CS 8100 3D CBCT<\/a> r\u00f6ntgen \u00e9s CT k\u00e9sz\u00fcl\u00e9ket haszn\u00e1lunk<\/h4>\n<p>Rendel\u0151nkben a jelenleg l\u00e9tez\u0151 egyik legmodernebb, \u00e9s leggyorsabb digit\u00e1lis r\u00f6ntgenk\u00e9sz\u00fcl\u00e9ket vehetik ig\u00e9nybe p\u00e1cienseink. Amennyiben csak r\u00f6ntgen felv\u00e9telt szeretne, el\u0151zetes telefonos id\u0151pontfoglal\u00e1s sz\u00fcks\u00e9ges!<\/p>\n<p>Az itt k\u00e9sz\u00fclt felv\u00e9telek nagyon alacsony sug\u00e1rterhel\u00e9ssel, r\u00f6vid expoz\u00edci\u00f3s id\u0151vel \u00e9s az el\u00e9rhet\u0151 legnagyobb felbont\u00e1ssal k\u00e9sz\u00fclnek.<\/p>\n<p>K\u00e9peink min\u0151s\u00e9ge lehet\u0151v\u00e9 teszi a pontos, korszer\u0171 diagnosztik\u00e1t.<\/p>\n<p>Ig\u00e9ny eset\u00e9n az oldalir\u00e1ny\u00fa koponyar\u00f6ntgen felv\u00e9telhez <strong>cephalometriai anal\u00edzis<\/strong> is ig\u00e9nyelhet\u0151.<\/p>\n<p><a href=\"http:\/\/lildamed.hu\/fogorvos\/lildamed-fogorvosi-rendelo-arak-fogszabalyozas-tomes-hej-fogpotlas\/\">\u00c1rak&gt;&gt;&gt;<\/a><\/p>\n<p><a href=\"https:\/\/www.bing.com\/videos\/riverview\/relatedvideo?q=carestream%20CS%208100%203D%20CBCT&amp;mmscn=stvo&amp;mid=F78A2297A8FBD2EFD498F78A2297A8FBD2EFD498&amp;ajaxhist=0\">Carestream 8100 3D CBCT \u00e9s r\u00f6ntgen<\/a><\/p>\n<p><a href=\"http:\/\/lildamed.hu\/fogorvos\/wp-content\/uploads\/2020\/06\/lildamed-08.png\"><img decoding=\"async\" loading=\"lazy\" class=\" wp-image-1218 aligncenter\" src=\"http:\/\/lildamed.hu\/fogorvos\/wp-content\/uploads\/2020\/06\/lildamed-08-295x300.png\" alt=\"\" width=\"136\" height=\"139\" srcset=\"http:\/\/lildamed.hu\/fogorvos\/wp-content\/uploads\/2020\/06\/lildamed-08-295x300.png 295w, http:\/\/lildamed.hu\/fogorvos\/wp-content\/uploads\/2020\/06\/lildamed-08.png 366w\" sizes=\"(max-width: 136px) 100vw, 136px\" \/><\/a><\/p>\n","protected":false},"excerpt":{"rendered":"<p>Fog\u00e1szati Vizsg\u00e1lat &#8211; R\u00f6ntgen &#8211; Fog\u00e1szati CT Fog\u00e1szati vizsg\u00e1lat \u00e9s sz\u00fcks\u00e9g eset\u00e9n \u00e1ttekint\u0151 panor\u00e1ma r\u00f6ntgen, vagy fog\u00e1szati CT fontos elemei a megel\u0151z\u00e9snek \u00e9s a fog\u00e1szati elv\u00e1ltoz\u00e1sok korai felismer\u00e9s\u00e9nek. Megfelel\u0151 fog\u00e1pol\u00e1s mellett is kialakulhatnak a fogazatban, \u00e9s a fog\u00e1gyban elv\u00e1ltoz\u00e1sok. Ezek id\u0151ben t\u00f6rt\u00e9n\u0151 felismer\u00e9se, \u00e9s ell\u00e1t\u00e1sa \u00e9rdek\u00e9ben \u00e9rdemes f\u00e9l\u00e9vente fog\u00e1szati ellen\u0151rz\u00e9sen r\u00e9szt venni, \u00e9s amennyiben sz\u00fcks\u00e9ges, a fogk\u00f6veket is elt\u00e1vol\u00edtani. Fog\u00e1szati sz\u0171r\u0151vizsg\u00e1lat elemei \u00e1llapotfelm\u00e9r\u00e9s (fogazat, fog\u00e1gy, \u00e1llkapocs-\u00edz\u00fclet) g\u00f3ckutat\u00e1s r\u00e1ksz\u0171r\u00e9s (fej, nyak, sz\u00e1j\u00fcreg, garat) tan\u00e1csad\u00e1s k\u00e9r\u00e9sre kezel\u00e9si terv k\u00e9sz\u00edt\u00e9s fog\u00e1szati r\u00f6ntgen felv\u00e9tel (sz\u00fcks\u00e9g eset\u00e9n) fogk\u0151 elt\u00e1vol\u00edt\u00e1s (sz\u00fcks\u00e9g eset\u00e9n) \u00c1rak&gt;&gt;&gt; A r\u00f6ntgen felv\u00e9telek elk\u00e9sz\u00edt\u00e9s\u00e9hez Carestream CS 8100 3D CBCT r\u00f6ntgen \u00e9s CT k\u00e9sz\u00fcl\u00e9ket<\/p>\n<a class=\"more-link\" rel=\"nofollow\" href=\"http:\/\/lildamed.hu\/fogorvos\/szolgaltatasok-es-arak\/fogaszati-vizsgalat-teltrontgen-panorama-rontgen\/\">[Read More...]<\/a>","protected":false},"author":5,"featured_media":0,"parent":7,"menu_order":0,"comment_status":"closed","ping_status":"closed","template":"","meta":[],"_links":{"self":[{"href":"http:\/\/lildamed.hu\/fogorvos\/wp-json\/wp\/v2\/pages\/37"}],"collection":[{"href":"http:\/\/lildamed.hu\/fogorvos\/wp-json\/wp\/v2\/pages"}],"about":[{"href":"http:\/\/lildamed.hu\/fogorvos\/wp-json\/wp\/v2\/types\/page"}],"author":[{"embeddable":true,"href":"http:\/\/lildamed.hu\/fogorvos\/wp-json\/wp\/v2\/users\/5"}],"replies":[{"embeddable":true,"href":"http:\/\/lildamed.hu\/fogorvos\/wp-json\/wp\/v2\/comments?post=37"}],"version-history":[{"count":45,"href":"http:\/\/lildamed.hu\/fogorvos\/wp-json\/wp\/v2\/pages\/37\/revisions"}],"predecessor-version":[{"id":2260,"href":"http:\/\/lildamed.hu\/fogorvos\/wp-json\/wp\/v2\/pages\/37\/revisions\/2260"}],"up":[{"embeddable":true,"href":"http:\/\/lildamed.hu\/fogorvos\/wp-json\/wp\/v2\/pages\/7"}],"wp:attachment":[{"href":"http:\/\/lildamed.hu\/fogorvos\/wp-json\/wp\/v2\/media?parent=37"}],"curies":[{"name":"wp","href":"https:\/\/api.w.org\/{rel}","templated":true}]}}