{"id":619,"date":"2014-03-01T13:42:26","date_gmt":"2014-03-01T13:42:26","guid":{"rendered":"http:\/\/lildamed.hu\/fogorvos\/?page_id=619"},"modified":"2026-01-19T18:51:39","modified_gmt":"2026-01-19T18:51:39","slug":"esztetikai-fogaszat","status":"publish","type":"page","link":"http:\/\/lildamed.hu\/fogorvos\/esztetikai-fogaszat\/","title":{"rendered":"Eszt\u00e9tikai fog\u00e1szat, csod\u00e1s mosoly"},"content":{"rendered":"<p style=\"text-align: center;\"><img decoding=\"async\" loading=\"lazy\" class=\"aligncenter wp-image-637\" src=\"http:\/\/lildamed.hu\/fogorvos\/wp-content\/uploads\/2014\/03\/eszt.jpg\" alt=\"eszt\" width=\"420\" height=\"160\" srcset=\"http:\/\/lildamed.hu\/fogorvos\/wp-content\/uploads\/2014\/03\/eszt.jpg 600w, http:\/\/lildamed.hu\/fogorvos\/wp-content\/uploads\/2014\/03\/eszt-300x114.jpg 300w\" sizes=\"(max-width: 420px) 100vw, 420px\" \/><\/p>\n<h3 style=\"text-align: center;\"><\/h3>\n<h3 style=\"text-align: center;\"><a href=\"http:\/\/lildamed.hu\/fogorvos\/szolgaltatasok-es-arak\/fogszabalyozas\/lathatatlan-fogszabalyozas\/\">L\u00e1thatatlan fogszab\u00e1lyoz\u00e1s &gt;&gt;&gt;<\/a><\/h3>\n<h3 style=\"text-align: center;\"><a href=\"http:\/\/lildamed.hu\/fogorvos\/szolgaltatasok-es-arak\/fogfeherites\/\">Fogfeh\u00e9r\u00edt\u00e9s &#8211; ZOOM, Beyond &gt;&gt;&gt;<\/a><\/h3>\n<h3 style=\"text-align: center;\"><a href=\"http:\/\/lildamed.hu\/fogorvos\/szolgaltatasok-es-arak\/lumineers-cerinate-csiszolas-nelkuli-hejak-smile-design-veneers-esztetikai-fogaszat-smile-mosoly-tervezes-fajdalommentes-vekony-termeszetes-zuglo-xiv-szep-esztetikus-teljes-fogiv-instant-fogszabalyoza\/\"><strong class=\"breadcrumb_last\">LUMINEERS\u00ae BY <\/strong><strong class=\"breadcrumb_last\">CERINATE<\/strong><strong class=\"breadcrumb_last\">&gt;&gt;&gt;<\/strong><\/a><\/h3>\n<h3 style=\"text-align: center;\">H\u00e9jak<\/h3>\n<h3 style=\"text-align: center;\">\u00cdnyeszt\u00e9tika<\/h3>\n<h3 style=\"text-align: center;\">Feh\u00e9r zom\u00e1ncfoltok elt\u00fcntet\u00e9se\u00a0ICON\u00ae<\/h3>\n<h3><strong>H\u00e9jak<\/strong><a name=\"hejak\"><\/a><\/h3>\n<p style=\"font-size: 16px; font-weight: 400;\"><img decoding=\"async\" loading=\"lazy\" class=\"size-medium wp-image-1454 alignright\" src=\"http:\/\/lildamed.hu\/fogorvos\/wp-content\/uploads\/2021\/06\/H\u00e9jak-Lildamed-Fogorvosi-Rendel\u0151-300x159.jpg\" alt=\"\" width=\"300\" height=\"159\" srcset=\"http:\/\/lildamed.hu\/fogorvos\/wp-content\/uploads\/2021\/06\/H\u00e9jak-Lildamed-Fogorvosi-Rendel\u0151-300x159.jpg 300w, http:\/\/lildamed.hu\/fogorvos\/wp-content\/uploads\/2021\/06\/H\u00e9jak-Lildamed-Fogorvosi-Rendel\u0151.jpg 438w\" sizes=\"(max-width: 300px) 100vw, 300px\" \/><\/p>\n<h4>Ha gyorsan, fogszab\u00e1lyoz\u00e1s n\u00e9lk\u00fcl szeretne csodasz\u00e9p mosolyt.<\/h4>\n<h5>H\u00e9jakat a frontfogak helyzeti, sz\u00edn, vagy forma rendelleness\u00e9geinek korrekci\u00f3jakor alkalmazunk. Egyszer\u0171en harmonikuss\u00e1, sz\u00e9pp\u00e9 var\u00e1zsolhatjuk a mosolyt. K\u00e9sz\u00edthet\u00fcnk direkt h\u00e9jat, melyet f\u00e9nyre k\u00f6t\u0151 kompozit anyagb\u00f3l a sz\u00e1jban \u00e9p\u00edt\u00fcnk fel, vagy indirekt, a fogtechnikus \u00e1ltal k\u00e9sz\u00edtett h\u00e9jat, melyet ezut\u00e1n a fogra ragasztunk.<\/h5>\n<p><a href=\"http:\/\/lildamed.hu\/fogorvos\/lildamed-fogorvosi-rendelo-arak-fogszabalyozas-tomes-hej-fogpotlas\/\">\u00c1rak&gt;&gt;&gt;<\/a><\/p>\n<p>Speci\u00e1lis, szabadalmaztatott, sz\u00e1m\u00edt\u00f3g\u00e9pes CAD\/CAM technol\u00f3gi\u00e1val laborban k\u00e9sz\u00fcl\u0151 h\u00e9jak:<\/p>\n<p><a href=\"http:\/\/lildamed.hu\/fogorvos\/szolgaltatasok-es-arak\/lumineers-cerinate-csiszolas-nelkuli-hejak-smile-design-veneers-esztetikai-fogaszat-smile-mosoly-tervezes-fajdalommentes-vekony-termeszetes-zuglo-xiv-szep-esztetikus-teljes-fogiv-instant-fogszabalyoza\/\"><strong class=\"breadcrumb_last\">LUMINEERS\u00ae BY <\/strong><strong class=\"breadcrumb_last\">CERINATE<\/strong><strong class=\"breadcrumb_last\">&gt;&gt;&gt;<\/strong><\/a><\/p>\n<h3>\u00cdnyeszt\u00e9tika<\/h3>\n<p><a href=\"http:\/\/lildamed.hu\/fogorvos\/wp-content\/uploads\/2021\/06\/amaris-\u00edny-eszt\u00e9tikus-helyre\u00e1ll\u00edt\u00e1sa.jpg\"><img decoding=\"async\" loading=\"lazy\" class=\"size-medium wp-image-1431 alignleft\" src=\"http:\/\/lildamed.hu\/fogorvos\/wp-content\/uploads\/2021\/06\/amaris-\u00edny-eszt\u00e9tikus-helyre\u00e1ll\u00edt\u00e1sa-300x197.jpg\" alt=\"\" width=\"300\" height=\"197\" srcset=\"http:\/\/lildamed.hu\/fogorvos\/wp-content\/uploads\/2021\/06\/amaris-\u00edny-eszt\u00e9tikus-helyre\u00e1ll\u00edt\u00e1sa-300x197.jpg 300w, http:\/\/lildamed.hu\/fogorvos\/wp-content\/uploads\/2021\/06\/amaris-\u00edny-eszt\u00e9tikus-helyre\u00e1ll\u00edt\u00e1sa.jpg 398w\" sizes=\"(max-width: 300px) 100vw, 300px\" \/><\/a><\/p>\n<h5>Gyakran el\u0151fordul, hogy 1-1 fogn\u00e1l, vagy fogcsoportn\u00e1l \u00edny, vagy fog\u00e1gy gyullad\u00e1s, esetleg trauma miatt az \u00edny lefut\u00e1sa el\u0151nytelenn\u00e9 v\u00e1lik, &#8222;\u00ednysorvad\u00e1s&#8221; keletkezik.<\/h5>\n<h5>Az \u00edny eszt\u00e9tikus korrekci\u00f3j\u00e1ra k\u00edn\u00e1l lehet\u0151s\u00e9get ez a r\u00f3zsasz\u00edn, speci\u00e1lis kompozit t\u00f6m\u0151anyag.<\/h5>\n<p>\u00cdnyeszt\u00e9tikai korrekci\u00f3: 25.000 Ft \/fog<\/p>\n<h3>ICON\u00ae &#8211; Feh\u00e9r zom\u00e1ncfoltok elt\u00fcntet\u00e9se<\/h3>\n<h5><a href=\"http:\/\/lildamed.hu\/fogorvos\/wp-content\/uploads\/2021\/06\/ICON\u00ae-Lildamed-Fogorvosi-Rendel\u0151-1.jpg\"><img decoding=\"async\" loading=\"lazy\" class=\"size-medium wp-image-1482 alignleft\" src=\"http:\/\/lildamed.hu\/fogorvos\/wp-content\/uploads\/2021\/06\/ICON\u00ae-Lildamed-Fogorvosi-Rendel\u0151-1-300x112.jpg\" alt=\"\" width=\"300\" height=\"112\" srcset=\"http:\/\/lildamed.hu\/fogorvos\/wp-content\/uploads\/2021\/06\/ICON\u00ae-Lildamed-Fogorvosi-Rendel\u0151-1-300x112.jpg 300w, http:\/\/lildamed.hu\/fogorvos\/wp-content\/uploads\/2021\/06\/ICON\u00ae-Lildamed-Fogorvosi-Rendel\u0151-1-768x287.jpg 768w, http:\/\/lildamed.hu\/fogorvos\/wp-content\/uploads\/2021\/06\/ICON\u00ae-Lildamed-Fogorvosi-Rendel\u0151-1-1024x382.jpg 1024w, http:\/\/lildamed.hu\/fogorvos\/wp-content\/uploads\/2021\/06\/ICON\u00ae-Lildamed-Fogorvosi-Rendel\u0151-1.jpg 1580w\" sizes=\"(max-width: 300px) 100vw, 300px\" \/><\/a>Az\u00a0ICON\u00ae- speci\u00e1lis \u00faj technol\u00f3gia seg\u00edts\u00e9g\u00e9vel, foganyag vesztes\u00e9g n\u00e9lk\u00fcl, t\u00f6m\u00e9s, vagy h\u00e9jak k\u00e9sz\u00edt\u00e9se n\u00e9lk\u00fcl is\u00a0 lehets\u00e9gess\u00e9 v\u00e1lt a feh\u00e9r zom\u00e1ncfoltok tart\u00f3s elt\u00fcntet\u00e9se.<\/h5>\n<p>ICON\u00ae kezel\u00e9s fogank\u00e9nt: 21.000 Ft<\/p>\n<p>6 fronftog\u00a0ICON\u00ae kezel\u00e9se: 115.000 Ft<\/p>\n<h3><a href=\"https:\/\/www.chatbase.co\/chatbot-iframe\/NTwxskpG_O2ifB4Xtu507\"><img decoding=\"async\" loading=\"lazy\" class=\"wp-image-2247 aligncenter\" src=\"http:\/\/lildamed.hu\/fogorvos\/wp-content\/uploads\/2026\/01\/Lildamed-AI-Asszisztens-1024x683.png\" alt=\"\" width=\"272\" height=\"182\" srcset=\"http:\/\/lildamed.hu\/fogorvos\/wp-content\/uploads\/2026\/01\/Lildamed-AI-Asszisztens-1024x683.png 1024w, http:\/\/lildamed.hu\/fogorvos\/wp-content\/uploads\/2026\/01\/Lildamed-AI-Asszisztens-300x200.png 300w, http:\/\/lildamed.hu\/fogorvos\/wp-content\/uploads\/2026\/01\/Lildamed-AI-Asszisztens-768x512.png 768w, http:\/\/lildamed.hu\/fogorvos\/wp-content\/uploads\/2026\/01\/Lildamed-AI-Asszisztens.png 1536w\" sizes=\"(max-width: 272px) 100vw, 272px\" \/><\/a><\/h3>\n<p><a href=\"http:\/\/lildamed.hu\/fogorvos\/wp-content\/uploads\/2020\/06\/lildamed-08.png\"><img decoding=\"async\" loading=\"lazy\" class=\" wp-image-1218 aligncenter\" src=\"http:\/\/lildamed.hu\/fogorvos\/wp-content\/uploads\/2020\/06\/lildamed-08-295x300.png\" alt=\"\" width=\"116\" height=\"119\" srcset=\"http:\/\/lildamed.hu\/fogorvos\/wp-content\/uploads\/2020\/06\/lildamed-08-295x300.png 295w, http:\/\/lildamed.hu\/fogorvos\/wp-content\/uploads\/2020\/06\/lildamed-08.png 366w\" sizes=\"(max-width: 116px) 100vw, 116px\" \/><\/a><\/p>\n","protected":false},"excerpt":{"rendered":"<p>L\u00e1thatatlan fogszab\u00e1lyoz\u00e1s &gt;&gt;&gt; Fogfeh\u00e9r\u00edt\u00e9s &#8211; ZOOM, Beyond &gt;&gt;&gt; LUMINEERS\u00ae BY CERINATE&gt;&gt;&gt; H\u00e9jak \u00cdnyeszt\u00e9tika Feh\u00e9r zom\u00e1ncfoltok elt\u00fcntet\u00e9se\u00a0ICON\u00ae H\u00e9jak Ha gyorsan, fogszab\u00e1lyoz\u00e1s n\u00e9lk\u00fcl szeretne csodasz\u00e9p mosolyt. H\u00e9jakat a frontfogak helyzeti, sz\u00edn, vagy forma rendelleness\u00e9geinek korrekci\u00f3jakor alkalmazunk. Egyszer\u0171en harmonikuss\u00e1, sz\u00e9pp\u00e9 var\u00e1zsolhatjuk a mosolyt. K\u00e9sz\u00edthet\u00fcnk direkt h\u00e9jat, melyet f\u00e9nyre k\u00f6t\u0151 kompozit anyagb\u00f3l a sz\u00e1jban \u00e9p\u00edt\u00fcnk fel, vagy indirekt, a fogtechnikus \u00e1ltal k\u00e9sz\u00edtett h\u00e9jat, melyet ezut\u00e1n a fogra ragasztunk. \u00c1rak&gt;&gt;&gt; Speci\u00e1lis, szabadalmaztatott, sz\u00e1m\u00edt\u00f3g\u00e9pes CAD\/CAM technol\u00f3gi\u00e1val laborban k\u00e9sz\u00fcl\u0151 h\u00e9jak: LUMINEERS\u00ae BY CERINATE&gt;&gt;&gt; \u00cdnyeszt\u00e9tika Gyakran el\u0151fordul, hogy 1-1 fogn\u00e1l, vagy fogcsoportn\u00e1l \u00edny, vagy fog\u00e1gy gyullad\u00e1s, esetleg trauma miatt az \u00edny lefut\u00e1sa el\u0151nytelenn\u00e9 v\u00e1lik, &#8222;\u00ednysorvad\u00e1s&#8221; keletkezik. Az \u00edny<\/p>\n<a class=\"more-link\" rel=\"nofollow\" href=\"http:\/\/lildamed.hu\/fogorvos\/esztetikai-fogaszat\/\">[Read More...]<\/a>","protected":false},"author":1,"featured_media":0,"parent":0,"menu_order":0,"comment_status":"closed","ping_status":"closed","template":"","meta":[],"_links":{"self":[{"href":"http:\/\/lildamed.hu\/fogorvos\/wp-json\/wp\/v2\/pages\/619"}],"collection":[{"href":"http:\/\/lildamed.hu\/fogorvos\/wp-json\/wp\/v2\/pages"}],"about":[{"href":"http:\/\/lildamed.hu\/fogorvos\/wp-json\/wp\/v2\/types\/page"}],"author":[{"embeddable":true,"href":"http:\/\/lildamed.hu\/fogorvos\/wp-json\/wp\/v2\/users\/1"}],"replies":[{"embeddable":true,"href":"http:\/\/lildamed.hu\/fogorvos\/wp-json\/wp\/v2\/comments?post=619"}],"version-history":[{"count":27,"href":"http:\/\/lildamed.hu\/fogorvos\/wp-json\/wp\/v2\/pages\/619\/revisions"}],"predecessor-version":[{"id":2257,"href":"http:\/\/lildamed.hu\/fogorvos\/wp-json\/wp\/v2\/pages\/619\/revisions\/2257"}],"wp:attachment":[{"href":"http:\/\/lildamed.hu\/fogorvos\/wp-json\/wp\/v2\/media?parent=619"}],"curies":[{"name":"wp","href":"https:\/\/api.w.org\/{rel}","templated":true}]}}