{"id":891,"date":"2018-02-22T01:13:33","date_gmt":"2018-02-22T01:13:33","guid":{"rendered":"http:\/\/lildamed.hu\/fogorvos\/?page_id=891"},"modified":"2026-01-19T19:14:00","modified_gmt":"2026-01-19T19:14:00","slug":"fog-implantacio-mugyoker-beultetes-zuglo","status":"publish","type":"page","link":"http:\/\/lildamed.hu\/fogorvos\/szolgaltatasok-es-arak\/fog-implantacio-mugyoker-beultetes-zuglo\/","title":{"rendered":"Implant\u00e1ci\u00f3 -m\u0171gy\u00f6k\u00e9r be\u00fcltet\u00e9s"},"content":{"rendered":"<p><a href=\"http:\/\/lildamed.hu\/fogorvos\/wp-content\/uploads\/2018\/02\/lildamed11.jpg\"><img decoding=\"async\" loading=\"lazy\" class=\" wp-image-892 alignleft\" src=\"http:\/\/lildamed.hu\/fogorvos\/wp-content\/uploads\/2018\/02\/lildamed11-211x300.jpg\" alt=\"\" width=\"144\" height=\"205\" srcset=\"http:\/\/lildamed.hu\/fogorvos\/wp-content\/uploads\/2018\/02\/lildamed11-211x300.jpg 211w, http:\/\/lildamed.hu\/fogorvos\/wp-content\/uploads\/2018\/02\/lildamed11.jpg 404w\" sizes=\"(max-width: 144px) 100vw, 144px\" \/><\/a><\/p>\n<h3 style=\"text-align: center;\"><strong>Implant\u00e1tum be\u00fcltet\u00e9s<\/strong><\/h3>\n<h4>Fog implant\u00e1ci\u00f3, vagy m\u0171gy\u00f6k\u00e9r be\u00fcltet\u00e9s sor\u00e1n az elvesz\u00edtett fogakat , a csontba elhelyezett tit\u00e1n m\u0171gy\u00f6k\u00e9rrel p\u00f3toljuk. A speci\u00e1lisan kialak\u00edtott implant\u00e1tum fel\u00fclet\u00e9hez hozz\u00e1n\u0151 a k\u00f6rnyez\u0151 csontsz\u00f6vet, \u00edgy az fogp\u00f3tl\u00e1s k\u00e9sz\u00edt\u00e9s\u00e9re alkalmass\u00e1 v\u00e1lik.<\/h4>\n<h3><\/h3>\n<h4>Ezzel az elj\u00e1r\u00e1ssal p\u00f3tolhatunk egy, vagy t\u00f6bb fogat, ak\u00e1r teljes fogatlans\u00e1g eset\u00e9n az \u00f6sszes elvesz\u00edtett fogat is.<\/h4>\n<p><a href=\"http:\/\/lildamed.hu\/fogorvos\/wp-content\/uploads\/2019\/04\/lildamed-implant.jpg\"><img decoding=\"async\" loading=\"lazy\" class=\"wp-image-1177 aligncenter\" src=\"http:\/\/lildamed.hu\/fogorvos\/wp-content\/uploads\/2019\/04\/lildamed-implant-300x215.jpg\" alt=\"\" width=\"483\" height=\"346\" srcset=\"http:\/\/lildamed.hu\/fogorvos\/wp-content\/uploads\/2019\/04\/lildamed-implant-300x215.jpg 300w, http:\/\/lildamed.hu\/fogorvos\/wp-content\/uploads\/2019\/04\/lildamed-implant-768x549.jpg 768w, http:\/\/lildamed.hu\/fogorvos\/wp-content\/uploads\/2019\/04\/lildamed-implant-1024x732.jpg 1024w\" sizes=\"(max-width: 483px) 100vw, 483px\" \/><\/a><\/p>\n<p><a href=\"http:\/\/lildamed.hu\/fogorvos\/wp-content\/uploads\/2018\/02\/impl-02.jpg\"><img decoding=\"async\" loading=\"lazy\" class=\" wp-image-893 alignright\" src=\"http:\/\/lildamed.hu\/fogorvos\/wp-content\/uploads\/2018\/02\/impl-02.jpg\" alt=\"\" width=\"214\" height=\"241\"><\/a><a href=\"http:\/\/lildamed.hu\/fogorvos\/wp-content\/uploads\/2018\/02\/impl06-1.jpg\"><img decoding=\"async\" loading=\"lazy\" class=\" wp-image-896 alignleft\" src=\"http:\/\/lildamed.hu\/fogorvos\/wp-content\/uploads\/2018\/02\/impl06-1-300x261.jpg\" alt=\"\" width=\"172\" height=\"150\" srcset=\"http:\/\/lildamed.hu\/fogorvos\/wp-content\/uploads\/2018\/02\/impl06-1-300x261.jpg 300w, http:\/\/lildamed.hu\/fogorvos\/wp-content\/uploads\/2018\/02\/impl06-1.jpg 363w\" sizes=\"(max-width: 172px) 100vw, 172px\" \/><\/a><strong>A m\u0171t\u00e9t:<\/strong><\/p>\n<p>Gondos el\u0151k\u00e9sz\u00edt\u00e9s ut\u00e1n, helyi \u00e9rz\u00e9stelen\u00edt\u00e9sben kialak\u00edtjuk az \u00e1llcsontban az implant\u00e1tum be\u00fcltet\u00e9s\u00e9hez sz\u00fcks\u00e9ges helyet. Az implant\u00e1tumot becsavarjuk a kialak\u00edtott csontf\u00e9szekbe.<\/p>\n<p>A <a href=\"http:\/\/lildamed.hu\/fogorvos\/wp-content\/uploads\/2018\/02\/impl05.png\"><img decoding=\"async\" loading=\"lazy\" class=\"wp-image-894 alignleft\" src=\"http:\/\/lildamed.hu\/fogorvos\/wp-content\/uploads\/2018\/02\/impl05-300x243.png\" alt=\"\" width=\"193\" height=\"157\" srcset=\"http:\/\/lildamed.hu\/fogorvos\/wp-content\/uploads\/2018\/02\/impl05-300x243.png 300w, http:\/\/lildamed.hu\/fogorvos\/wp-content\/uploads\/2018\/02\/impl05.png 480w\" sizes=\"(max-width: 193px) 100vw, 193px\" \/><\/a>sz\u00fcks\u00e9ges csontosod\u00e1si id\u0151 ut\u00e1n ker\u00fclhet sor a fogp\u00f3tl\u00e1s elk\u00e9sz\u00edt\u00e9s\u00e9re, melynek menete a hagyom\u00e1nyos fogakra k\u00e9sz\u00fcl\u0151 fogp\u00f3tl\u00e1sok\u00e9hoz hasonl\u00f3. K\u00e9sz\u00fclhet r\u00e1 korona, h\u00eddp\u00f3tl\u00e1s, vagy ak\u00e1r r\u00f6gz\u00edthet kivehet\u0151 fogsort is.<\/p>\n<p><a href=\"http:\/\/lildamed.hu\/fogorvos\/wp-content\/uploads\/2018\/02\/fogsimpl.jpg\"><img decoding=\"async\" loading=\"lazy\" class=\"wp-image-900 alignleft\" src=\"http:\/\/lildamed.hu\/fogorvos\/wp-content\/uploads\/2018\/02\/fogsimpl.jpg\" alt=\"\" width=\"171\" height=\"132\"><\/a>Gyakori, hogy teljes foghi\u00e1ny eset\u00e9n a kivehet\u0151 fogp\u00f3tl\u00e1s nem el\u00e9gg\u00e9 stabil, ami rontja a t\u00e1pl\u00e1lkoz\u00e1s min\u0151s\u00e9g\u00e9t, a besz\u00e9det, \u00e9s a k\u00f6z\u00e9rzetet. Ezekben az esetekben, m\u00e1r ak\u00e1r n\u00e9h\u00e1ny, azonnal terhelhet\u0151 implant\u00e1tum is r\u00f6gz\u00edteni tudja a kivehet\u0151 p\u00f3tl\u00e1st, megsz\u00fcntetve ezzel a probl\u00e9m\u00e1kat.<\/p>\n<p>Nem megfelel\u0151 sz\u00e1jhigi\u00e9n\u00e9, \u00e9s egyes betegs\u00e9gek eset\u00e9n a beavatkoz\u00e1s nem javasolt, mert az implant\u00e1tum ezekben az esetekben k\u00f6nnyen kil\u00f6k\u0151dhet. A beavatkoz\u00e1s akkor v\u00e9gezhet\u0151 el, ha megfelel\u0151 mennyis\u00e9g\u0171 csont is rendelkez\u00e9sre \u00e1ll.<\/p>\n<h3><a href=\"https:\/\/www.chatbase.co\/chatbot-iframe\/NTwxskpG_O2ifB4Xtu507\"><img decoding=\"async\" loading=\"lazy\" class=\"wp-image-2247 alignright\" src=\"http:\/\/lildamed.hu\/fogorvos\/wp-content\/uploads\/2026\/01\/Lildamed-AI-Asszisztens-1024x683.png\" alt=\"\" width=\"272\" height=\"182\" srcset=\"http:\/\/lildamed.hu\/fogorvos\/wp-content\/uploads\/2026\/01\/Lildamed-AI-Asszisztens-1024x683.png 1024w, http:\/\/lildamed.hu\/fogorvos\/wp-content\/uploads\/2026\/01\/Lildamed-AI-Asszisztens-300x200.png 300w, http:\/\/lildamed.hu\/fogorvos\/wp-content\/uploads\/2026\/01\/Lildamed-AI-Asszisztens-768x512.png 768w, http:\/\/lildamed.hu\/fogorvos\/wp-content\/uploads\/2026\/01\/Lildamed-AI-Asszisztens.png 1536w\" sizes=\"(max-width: 272px) 100vw, 272px\" \/><\/a><\/h3>\n<p><a href=\"http:\/\/lildamed.hu\/fogorvos\/lildamed-fogorvosi-rendelo-arak-fogszabalyozas-tomes-hej-fogpotlas\/\">\u00c1rak&gt;&gt;&gt;<\/a><\/p>\n<p><iframe loading=\"lazy\" title=\"Dental Implants Procedure animation\" width=\"500\" height=\"281\" src=\"https:\/\/www.youtube.com\/embed\/HZHS2miPqAk?feature=oembed&#038;enablejsapi=1&#038;origin=http:\/\/lildamed.hu\" frameborder=\"0\" allow=\"accelerometer; autoplay; clipboard-write; encrypted-media; gyroscope; picture-in-picture; web-share\" referrerpolicy=\"strict-origin-when-cross-origin\" allowfullscreen><\/iframe><\/p>\n<p><a href=\"http:\/\/lildamed.hu\/fogorvos\/wp-content\/uploads\/2020\/06\/lildamed-08.png\"><img decoding=\"async\" loading=\"lazy\" class=\" wp-image-1218 aligncenter\" src=\"http:\/\/lildamed.hu\/fogorvos\/wp-content\/uploads\/2020\/06\/lildamed-08.png\" alt=\"\" width=\"169\" height=\"172\" srcset=\"http:\/\/lildamed.hu\/fogorvos\/wp-content\/uploads\/2020\/06\/lildamed-08.png 366w, http:\/\/lildamed.hu\/fogorvos\/wp-content\/uploads\/2020\/06\/lildamed-08-295x300.png 295w\" sizes=\"(max-width: 169px) 100vw, 169px\" \/><\/a><\/p>\n","protected":false},"excerpt":{"rendered":"<p>Implant\u00e1tum be\u00fcltet\u00e9s Fog implant\u00e1ci\u00f3, vagy m\u0171gy\u00f6k\u00e9r be\u00fcltet\u00e9s sor\u00e1n az elvesz\u00edtett fogakat , a csontba elhelyezett tit\u00e1n m\u0171gy\u00f6k\u00e9rrel p\u00f3toljuk. A speci\u00e1lisan kialak\u00edtott implant\u00e1tum fel\u00fclet\u00e9hez hozz\u00e1n\u0151 a k\u00f6rnyez\u0151 csontsz\u00f6vet, \u00edgy az fogp\u00f3tl\u00e1s k\u00e9sz\u00edt\u00e9s\u00e9re alkalmass\u00e1 v\u00e1lik. Ezzel az elj\u00e1r\u00e1ssal p\u00f3tolhatunk egy, vagy t\u00f6bb fogat, ak\u00e1r teljes fogatlans\u00e1g eset\u00e9n az \u00f6sszes elvesz\u00edtett fogat is. A m\u0171t\u00e9t: Gondos el\u0151k\u00e9sz\u00edt\u00e9s ut\u00e1n, helyi \u00e9rz\u00e9stelen\u00edt\u00e9sben kialak\u00edtjuk az \u00e1llcsontban az implant\u00e1tum be\u00fcltet\u00e9s\u00e9hez sz\u00fcks\u00e9ges helyet. Az implant\u00e1tumot becsavarjuk a kialak\u00edtott csontf\u00e9szekbe. A sz\u00fcks\u00e9ges csontosod\u00e1si id\u0151 ut\u00e1n ker\u00fclhet sor a fogp\u00f3tl\u00e1s elk\u00e9sz\u00edt\u00e9s\u00e9re, melynek menete a hagyom\u00e1nyos fogakra k\u00e9sz\u00fcl\u0151 fogp\u00f3tl\u00e1sok\u00e9hoz hasonl\u00f3. K\u00e9sz\u00fclhet r\u00e1 korona, h\u00eddp\u00f3tl\u00e1s, vagy ak\u00e1r r\u00f6gz\u00edthet kivehet\u0151 fogsort is. Gyakori,<\/p>\n<a class=\"more-link\" rel=\"nofollow\" href=\"http:\/\/lildamed.hu\/fogorvos\/szolgaltatasok-es-arak\/fog-implantacio-mugyoker-beultetes-zuglo\/\">[Read More...]<\/a>","protected":false},"author":5,"featured_media":0,"parent":7,"menu_order":0,"comment_status":"closed","ping_status":"closed","template":"","meta":[],"_links":{"self":[{"href":"http:\/\/lildamed.hu\/fogorvos\/wp-json\/wp\/v2\/pages\/891"}],"collection":[{"href":"http:\/\/lildamed.hu\/fogorvos\/wp-json\/wp\/v2\/pages"}],"about":[{"href":"http:\/\/lildamed.hu\/fogorvos\/wp-json\/wp\/v2\/types\/page"}],"author":[{"embeddable":true,"href":"http:\/\/lildamed.hu\/fogorvos\/wp-json\/wp\/v2\/users\/5"}],"replies":[{"embeddable":true,"href":"http:\/\/lildamed.hu\/fogorvos\/wp-json\/wp\/v2\/comments?post=891"}],"version-history":[{"count":23,"href":"http:\/\/lildamed.hu\/fogorvos\/wp-json\/wp\/v2\/pages\/891\/revisions"}],"predecessor-version":[{"id":2280,"href":"http:\/\/lildamed.hu\/fogorvos\/wp-json\/wp\/v2\/pages\/891\/revisions\/2280"}],"up":[{"embeddable":true,"href":"http:\/\/lildamed.hu\/fogorvos\/wp-json\/wp\/v2\/pages\/7"}],"wp:attachment":[{"href":"http:\/\/lildamed.hu\/fogorvos\/wp-json\/wp\/v2\/media?parent=891"}],"curies":[{"name":"wp","href":"https:\/\/api.w.org\/{rel}","templated":true}]}}