{"id":9,"date":"2013-02-15T14:04:03","date_gmt":"2013-02-15T14:04:03","guid":{"rendered":"http:\/\/lildamed.hu\/fogorvos\/?page_id=9"},"modified":"2026-03-04T07:34:18","modified_gmt":"2026-03-04T07:34:18","slug":"rendelesi-ido","status":"publish","type":"page","link":"http:\/\/lildamed.hu\/fogorvos\/rendelesi-ido\/","title":{"rendered":"Rendel\u00e9si id\u0151"},"content":{"rendered":"<p><img decoding=\"async\" loading=\"lazy\" class=\" wp-image-601 alignright\" style=\"border: 0px;\" src=\"http:\/\/lildamed.hu\/fogorvos\/wp-content\/uploads\/2013\/11\/alam-300x247.jpg\" alt=\"alam\" width=\"240\" height=\"198\" srcset=\"http:\/\/lildamed.hu\/fogorvos\/wp-content\/uploads\/2013\/11\/alam-300x247.jpg 300w, http:\/\/lildamed.hu\/fogorvos\/wp-content\/uploads\/2013\/11\/alam.jpg 698w\" sizes=\"(max-width: 240px) 100vw, 240px\" \/><\/p>\n<h3><strong>Kedves P\u00e1ciens\u00fcnk! <\/strong><\/h3>\n<h4>Amennyiben el\u0151sz\u00f6r j\u00e1r n\u00e1lunk, vagy adatai illetve eg\u00e9szs\u00e9g\u00fcgyi \u00e1llapota megv\u00e1ltozott, az al\u00e1bbi adatlapot legyen sz\u00edves kit\u00f6lteni!<\/h4>\n<p><a href=\"https:\/\/forms.gle\/V5QSAcY9WHCfMT9F8\">ADATLAP<\/a><\/p>\n<h4><strong>Id\u0151pontot kiz\u00e1r\u00f3lag telefonon, rendel\u00e9si id\u0151 alatt tud egyeztetni,<\/strong><span style=\"color: #333333;\">\u00a0a\u00a0<\/span><span style=\"color: #333333;\"><span style=\"text-decoration: underline;\"><em><strong>+36\/30-913-43-55<\/strong><\/em><\/span>\u00a0, illetve a <\/span><span style=\"color: #333333;\">+36-1-383-14-16 telefonsz\u00e1mon.<\/span><\/h4>\n<h4><strong>K\u00e9rj\u00fck amennyiben\u00a0 2 h\u00e9ten bel\u00fcl\u00a0 l\u00e1zzal, v\u00e9gtag f\u00e1jdalommal, egy\u00e9b l\u00e9g\u00fati t\u00fcnettel, vagy hasmen\u00e9ssel j\u00e1r\u00f3 betegs\u00e9ge volt\/van err\u0151l id\u0151pont foglal\u00e1sn\u00e1l t\u00e1j\u00e9koztasson benn\u00fcnket!<\/strong><\/h4>\n<h3>Rendel\u00e9si id\u0151:<\/h3>\n<div><span style=\"text-decoration: underline;\"><span style=\"text-decoration: underline;\"><strong>Fogszab\u00e1lyoz\u00e1s:<\/strong><\/span><\/span><\/p>\n<h3><a href=\"https:\/\/www.chatbase.co\/chatbot-iframe\/NTwxskpG_O2ifB4Xtu507\"><img decoding=\"async\" loading=\"lazy\" class=\"wp-image-2247 alignright\" src=\"http:\/\/lildamed.hu\/fogorvos\/wp-content\/uploads\/2026\/01\/Lildamed-AI-Asszisztens-1024x683.png\" alt=\"\" width=\"272\" height=\"182\" srcset=\"http:\/\/lildamed.hu\/fogorvos\/wp-content\/uploads\/2026\/01\/Lildamed-AI-Asszisztens-1024x683.png 1024w, http:\/\/lildamed.hu\/fogorvos\/wp-content\/uploads\/2026\/01\/Lildamed-AI-Asszisztens-300x200.png 300w, http:\/\/lildamed.hu\/fogorvos\/wp-content\/uploads\/2026\/01\/Lildamed-AI-Asszisztens-768x512.png 768w, http:\/\/lildamed.hu\/fogorvos\/wp-content\/uploads\/2026\/01\/Lildamed-AI-Asszisztens.png 1536w\" sizes=\"(max-width: 272px) 100vw, 272px\" \/><\/a><\/h3>\n<\/div>\n<div>Kedd: 9.00-17.00<\/div>\n<div>Szerda: 9.00-15.00<\/div>\n<div>Cs\u00fct\u00f6rt\u00f6k: 9.00-16.00<\/div>\n<div><\/div>\n<div><span style=\"text-decoration: underline;\"><strong>\u00c1ltal\u00e1nos fog\u00e1szat:<\/strong><\/span><\/div>\n<div>H\u00e9tf\u0151: 13.00-17.00<\/div>\n<div>P\u00e9ntek: 9.00-13.00<\/div>\n<div><\/div>\n<div>\n<div><span style=\"text-decoration: underline;\"><strong>Sz\u00e1jseb\u00e9szet:<\/strong><\/span><\/div>\n<div>Cs\u00fct\u00f6rt\u00f6k: 11.00-14.00 (v\u00e1ltoz\u00f3)<\/div>\n<div><\/div>\n<\/div>\n<div><\/div>\n<div><strong>A fog\u00e1gykezel\u00e9st, fogk\u0151 elt\u00e1vol\u00edt\u00e1st, fogfeh\u00e9r\u00edt\u00e9st el\u0151re egyeztetett id\u0151pontban, dent\u00e1lhigi\u00e9nikus koll\u00e9g\u00e1nk v\u00e9gzi.<\/strong><\/div>\n<div><\/div>\n<h4 style=\"text-align: center;\">Felh\u00edvjuk figyelm\u00e9t, hogy a honlapon tal\u00e1lhat\u00f3 \u00e1rak t\u00e1j\u00e9koztat\u00f3 jelleg\u0171ek, a folyamatosan v\u00e1ltoz\u00f3 p\u00e9nz\u00fcgyi viszonyok miatt fenntartjuk az \u00e1rv\u00e1ltoztat\u00e1s jog\u00e1t!<\/h4>\n<h4 style=\"text-align: center;\">Pontos \u00e1raj\u00e1nlatot kiz\u00e1r\u00f3lag szem\u00e9lyes konzult\u00e1ci\u00f3 alkalm\u00e1val tudunk adni. Az aj\u00e1nlat f\u00e9l \u00e9vig \u00e9rv\u00e9nyes. <a href=\"http:\/\/lildamed.hu\/fogorvos\/lildamed-fogorvosi-rendelo-arak-fogszabalyozas-tomes-hej-fogpotlas\/\">\u00c1rak&gt;&gt;&gt;<\/a><\/h4>\n<div><\/div>\n<div><span style=\"color: #ffffff;\">.<\/span><\/div>\n<div><a href=\"http:\/\/lildamed.hu\/fogorvos\/wp-content\/uploads\/2020\/06\/lildamed-07.png\"><img decoding=\"async\" loading=\"lazy\" class=\"wp-image-1217 aligncenter\" src=\"http:\/\/lildamed.hu\/fogorvos\/wp-content\/uploads\/2020\/06\/lildamed-07-295x300.png\" alt=\"\" width=\"143\" height=\"146\" srcset=\"http:\/\/lildamed.hu\/fogorvos\/wp-content\/uploads\/2020\/06\/lildamed-07-295x300.png 295w, http:\/\/lildamed.hu\/fogorvos\/wp-content\/uploads\/2020\/06\/lildamed-07.png 366w\" sizes=\"(max-width: 143px) 100vw, 143px\" \/><\/a><\/div>\n<div style=\"position: absolute; left: -4545px; top: -4025px;\"><a href=\"http:\/\/canadapharmacy-drugrx.com\/\">pharmacy school requirements in canada<\/a> | <a href=\"http:\/\/bestonlinepharmacy-cheaprx.com\/\">best pharmacy online<\/a> | <a href=\"http:\/\/canadianpharmacy-2avoided.com\/\">nizoral 2 shampoo canadian pharmacy<\/a> | <a href=\"http:\/\/mexicanpharmacy-inmexico.com\/\">mexico pharmacy<\/a> | <a href=\"http:\/\/trustedsafeonlinepharmacy.com\/\">safe online pharmacy<\/a><\/div>\n","protected":false},"excerpt":{"rendered":"<p>Kedves P\u00e1ciens\u00fcnk! Amennyiben el\u0151sz\u00f6r j\u00e1r n\u00e1lunk, vagy adatai illetve eg\u00e9szs\u00e9g\u00fcgyi \u00e1llapota megv\u00e1ltozott, az al\u00e1bbi adatlapot legyen sz\u00edves kit\u00f6lteni! ADATLAP Id\u0151pontot kiz\u00e1r\u00f3lag telefonon, rendel\u00e9si id\u0151 alatt tud egyeztetni,\u00a0a\u00a0+36\/30-913-43-55\u00a0, illetve a +36-1-383-14-16 telefonsz\u00e1mon. K\u00e9rj\u00fck amennyiben\u00a0 2 h\u00e9ten bel\u00fcl\u00a0 l\u00e1zzal, v\u00e9gtag f\u00e1jdalommal, egy\u00e9b l\u00e9g\u00fati t\u00fcnettel, vagy hasmen\u00e9ssel j\u00e1r\u00f3 betegs\u00e9ge volt\/van err\u0151l id\u0151pont foglal\u00e1sn\u00e1l t\u00e1j\u00e9koztasson benn\u00fcnket! Rendel\u00e9si id\u0151: Fogszab\u00e1lyoz\u00e1s: Kedd: 9.00-17.00 Szerda: 9.00-15.00 Cs\u00fct\u00f6rt\u00f6k: 9.00-16.00 \u00c1ltal\u00e1nos fog\u00e1szat: H\u00e9tf\u0151: 13.00-17.00 P\u00e9ntek: 9.00-13.00 Sz\u00e1jseb\u00e9szet: Cs\u00fct\u00f6rt\u00f6k: 11.00-14.00 (v\u00e1ltoz\u00f3) A fog\u00e1gykezel\u00e9st, fogk\u0151 elt\u00e1vol\u00edt\u00e1st, fogfeh\u00e9r\u00edt\u00e9st el\u0151re egyeztetett id\u0151pontban, dent\u00e1lhigi\u00e9nikus koll\u00e9g\u00e1nk v\u00e9gzi. Felh\u00edvjuk figyelm\u00e9t, hogy a honlapon tal\u00e1lhat\u00f3 \u00e1rak t\u00e1j\u00e9koztat\u00f3 jelleg\u0171ek, a folyamatosan v\u00e1ltoz\u00f3 p\u00e9nz\u00fcgyi viszonyok miatt fenntartjuk az \u00e1rv\u00e1ltoztat\u00e1s<\/p>\n<a class=\"more-link\" rel=\"nofollow\" href=\"http:\/\/lildamed.hu\/fogorvos\/rendelesi-ido\/\">[Read More...]<\/a>","protected":false},"author":5,"featured_media":0,"parent":0,"menu_order":0,"comment_status":"closed","ping_status":"closed","template":"","meta":[],"_links":{"self":[{"href":"http:\/\/lildamed.hu\/fogorvos\/wp-json\/wp\/v2\/pages\/9"}],"collection":[{"href":"http:\/\/lildamed.hu\/fogorvos\/wp-json\/wp\/v2\/pages"}],"about":[{"href":"http:\/\/lildamed.hu\/fogorvos\/wp-json\/wp\/v2\/types\/page"}],"author":[{"embeddable":true,"href":"http:\/\/lildamed.hu\/fogorvos\/wp-json\/wp\/v2\/users\/5"}],"replies":[{"embeddable":true,"href":"http:\/\/lildamed.hu\/fogorvos\/wp-json\/wp\/v2\/comments?post=9"}],"version-history":[{"count":59,"href":"http:\/\/lildamed.hu\/fogorvos\/wp-json\/wp\/v2\/pages\/9\/revisions"}],"predecessor-version":[{"id":2298,"href":"http:\/\/lildamed.hu\/fogorvos\/wp-json\/wp\/v2\/pages\/9\/revisions\/2298"}],"wp:attachment":[{"href":"http:\/\/lildamed.hu\/fogorvos\/wp-json\/wp\/v2\/media?parent=9"}],"curies":[{"name":"wp","href":"https:\/\/api.w.org\/{rel}","templated":true}]}}