{"id":93,"date":"2013-12-10T20:38:46","date_gmt":"2013-12-10T20:38:46","guid":{"rendered":"http:\/\/lildamed.hu\/fogorvos\/?page_id=93"},"modified":"2026-01-19T18:54:59","modified_gmt":"2026-01-19T18:54:59","slug":"fogekszer-fogkristaly-fogpiercing-zuglo","status":"publish","type":"page","link":"http:\/\/lildamed.hu\/fogorvos\/szolgaltatasok-es-arak\/fogekszer-fogkristaly-fogpiercing-zuglo\/","title":{"rendered":"Fog\u00e9kszer"},"content":{"rendered":"<h3>Fog\u00e9kszer<\/h3>\n<p style=\"text-align: justify;\"><img decoding=\"async\" loading=\"lazy\" class=\"alignright wp-image-304 \" title=\"Fog\u00e9kszer (fogkrist\u00e1ly, fogpiercing)\" src=\"http:\/\/lildamed.hu\/fogorvos\/wp-content\/uploads\/2013\/12\/fogekszer.jpg\" alt=\"Fog\u00e9kszer (fogkrist\u00e1ly, fogpiercing) Zugl\u00f3\" width=\"311\" height=\"229\" \/>Fog\u00e9kszer (fogkrist\u00e1ly, fogpiercing) Apr\u00f3, csiszolt krist\u00e1lyk\u0151, melyet speci\u00e1lis ragaszt\u00f3 seg\u00edts\u00e9g\u00e9vel 10 perc alatt a fog fel\u00fclet\u00e9re ragasztunk. A fogat nem kell kif\u00farni hozz\u00e1, nem k\u00e1rosodik!<\/p>\n<p style=\"text-align: justify;\">A ragaszt\u00e1s tart\u00f3s, de b\u00e1rmikor a fogsz\u00f6vetek k\u00e1ros\u00edt\u00e1sa n\u00e9lk\u00fcl, k\u00f6nnyen elt\u00e1vol\u00edthat\u00f3. T\u00f6bbf\u00e9le m\u00e9ret, sz\u00edn, \u00e9s forma v\u00e1laszthat\u00f3.<\/p>\n<p style=\"text-align: justify;\">A fog\u00e9kszer tart\u00f3s fennmarad\u00e1s\u00e1ra garanci\u00e1t v\u00e1llalunk, mert gondos tiszt\u00edt\u00e1s, \u00e9s speci\u00e1lis fogfelsz\u00edn el\u0151k\u00e9sz\u00edt\u00e9s ut\u00e1n ker\u00fcl csak fel az \u00e9kszer a fogfel\u00fcletre.<\/p>\n<p><a href=\"http:\/\/lildamed.hu\/fogorvos\/lildamed-fogorvosi-rendelo-arak-fogszabalyozas-tomes-hej-fogpotlas\/\">\u00c1rak&gt;&gt;&gt;<\/a><\/p>\n<h3><a href=\"https:\/\/www.chatbase.co\/chatbot-iframe\/NTwxskpG_O2ifB4Xtu507\"><img decoding=\"async\" loading=\"lazy\" class=\"wp-image-2247 aligncenter\" src=\"http:\/\/lildamed.hu\/fogorvos\/wp-content\/uploads\/2026\/01\/Lildamed-AI-Asszisztens-1024x683.png\" alt=\"\" width=\"272\" height=\"182\" srcset=\"http:\/\/lildamed.hu\/fogorvos\/wp-content\/uploads\/2026\/01\/Lildamed-AI-Asszisztens-1024x683.png 1024w, http:\/\/lildamed.hu\/fogorvos\/wp-content\/uploads\/2026\/01\/Lildamed-AI-Asszisztens-300x200.png 300w, http:\/\/lildamed.hu\/fogorvos\/wp-content\/uploads\/2026\/01\/Lildamed-AI-Asszisztens-768x512.png 768w, http:\/\/lildamed.hu\/fogorvos\/wp-content\/uploads\/2026\/01\/Lildamed-AI-Asszisztens.png 1536w\" sizes=\"(max-width: 272px) 100vw, 272px\" \/><\/a><\/h3>\n<p><a href=\"http:\/\/lildamed.hu\/fogorvos\/wp-content\/uploads\/2020\/06\/lildamed-08.png\"><img decoding=\"async\" loading=\"lazy\" class=\" wp-image-1218 aligncenter\" src=\"http:\/\/lildamed.hu\/fogorvos\/wp-content\/uploads\/2020\/06\/lildamed-08-295x300.png\" alt=\"\" width=\"123\" height=\"125\" srcset=\"http:\/\/lildamed.hu\/fogorvos\/wp-content\/uploads\/2020\/06\/lildamed-08-295x300.png 295w, http:\/\/lildamed.hu\/fogorvos\/wp-content\/uploads\/2020\/06\/lildamed-08.png 366w\" sizes=\"(max-width: 123px) 100vw, 123px\" \/><\/a><\/p>\n","protected":false},"excerpt":{"rendered":"<p>Fog\u00e9kszer Fog\u00e9kszer (fogkrist\u00e1ly, fogpiercing) Apr\u00f3, csiszolt krist\u00e1lyk\u0151, melyet speci\u00e1lis ragaszt\u00f3 seg\u00edts\u00e9g\u00e9vel 10 perc alatt a fog fel\u00fclet\u00e9re ragasztunk. A fogat nem kell kif\u00farni hozz\u00e1, nem k\u00e1rosodik! A ragaszt\u00e1s tart\u00f3s, de b\u00e1rmikor a fogsz\u00f6vetek k\u00e1ros\u00edt\u00e1sa n\u00e9lk\u00fcl, k\u00f6nnyen elt\u00e1vol\u00edthat\u00f3. T\u00f6bbf\u00e9le m\u00e9ret, sz\u00edn, \u00e9s forma v\u00e1laszthat\u00f3. A fog\u00e9kszer tart\u00f3s fennmarad\u00e1s\u00e1ra garanci\u00e1t v\u00e1llalunk, mert gondos tiszt\u00edt\u00e1s, \u00e9s speci\u00e1lis fogfelsz\u00edn el\u0151k\u00e9sz\u00edt\u00e9s ut\u00e1n ker\u00fcl csak fel az \u00e9kszer a fogfel\u00fcletre. \u00c1rak&gt;&gt;&gt;<\/p>\n<a class=\"more-link\" rel=\"nofollow\" href=\"http:\/\/lildamed.hu\/fogorvos\/szolgaltatasok-es-arak\/fogekszer-fogkristaly-fogpiercing-zuglo\/\">[Read More...]<\/a>","protected":false},"author":5,"featured_media":0,"parent":7,"menu_order":0,"comment_status":"closed","ping_status":"closed","template":"","meta":[],"_links":{"self":[{"href":"http:\/\/lildamed.hu\/fogorvos\/wp-json\/wp\/v2\/pages\/93"}],"collection":[{"href":"http:\/\/lildamed.hu\/fogorvos\/wp-json\/wp\/v2\/pages"}],"about":[{"href":"http:\/\/lildamed.hu\/fogorvos\/wp-json\/wp\/v2\/types\/page"}],"author":[{"embeddable":true,"href":"http:\/\/lildamed.hu\/fogorvos\/wp-json\/wp\/v2\/users\/5"}],"replies":[{"embeddable":true,"href":"http:\/\/lildamed.hu\/fogorvos\/wp-json\/wp\/v2\/comments?post=93"}],"version-history":[{"count":11,"href":"http:\/\/lildamed.hu\/fogorvos\/wp-json\/wp\/v2\/pages\/93\/revisions"}],"predecessor-version":[{"id":2261,"href":"http:\/\/lildamed.hu\/fogorvos\/wp-json\/wp\/v2\/pages\/93\/revisions\/2261"}],"up":[{"embeddable":true,"href":"http:\/\/lildamed.hu\/fogorvos\/wp-json\/wp\/v2\/pages\/7"}],"wp:attachment":[{"href":"http:\/\/lildamed.hu\/fogorvos\/wp-json\/wp\/v2\/media?parent=93"}],"curies":[{"name":"wp","href":"https:\/\/api.w.org\/{rel}","templated":true}]}}