{"id":932,"date":"2018-02-24T22:22:17","date_gmt":"2018-02-24T22:22:17","guid":{"rendered":"http:\/\/lildamed.hu\/fogorvos\/?page_id=932"},"modified":"2026-01-19T19:16:15","modified_gmt":"2026-01-19T19:16:15","slug":"ozonterapia","status":"publish","type":"page","link":"http:\/\/lildamed.hu\/fogorvos\/szolgaltatasok-es-arak\/ozonterapia\/","title":{"rendered":"\u00d3zonter\u00e1pia"},"content":{"rendered":"<p><a href=\"http:\/\/lildamed.hu\/fogorvos\/wp-content\/uploads\/2018\/02\/ozonterapia09.jpg\"><img decoding=\"async\" loading=\"lazy\" class=\" wp-image-933 alignleft\" src=\"http:\/\/lildamed.hu\/fogorvos\/wp-content\/uploads\/2018\/02\/ozonterapia09-211x300.jpg\" alt=\"\" width=\"158\" height=\"224\" srcset=\"http:\/\/lildamed.hu\/fogorvos\/wp-content\/uploads\/2018\/02\/ozonterapia09-211x300.jpg 211w, http:\/\/lildamed.hu\/fogorvos\/wp-content\/uploads\/2018\/02\/ozonterapia09.jpg 404w\" sizes=\"(max-width: 158px) 100vw, 158px\" \/><\/a><\/p>\n<p>Rendel\u0151nkben el\u00e9rhet\u0151 minden olyan \u00faj, korszer\u0171 ter\u00e1pi\u00e1s elj\u00e1r\u00e1s, amivel cs\u00f6kkenteni lehet a szervezet gy\u00f3gyszer terhel\u00e9s\u00e9t, \u00e9s stimul\u00e1lni tudjuk az \u00f6ngy\u00f3gy\u00edt\u00f3 folyamatokat.<\/p>\n<p>Ezek k\u00f6z\u00e9 tartozik az \u00d3zonter\u00e1pia is.<\/p>\n<p>Alkalmaz\u00e1s\u00e1val sz\u00e1mos esetben elker\u00fclhet\u0151 antibiotikum, vagy egy\u00e9b er\u0151s mell\u00e9khat\u00e1sokkal rendelkez\u0151 gy\u00f3gyszer szed\u00e9se, emellett er\u0151s\u00edti az immunrendszert.<\/p>\n<p>Az Ozone DTA k\u00e9sz\u00fcl\u00e9k k\u00e9pes koncentr\u00e1ltan, kis fel\u00fcleten,\u00a0 nagy mennyis\u00e9gben \u00f3zont termelni. Az \u00f3zon 3 molekul\u00e1b\u00f3l \u00e1ll\u00f3, nagyon reakt\u00edv, gyorsan leboml\u00f3 g\u00e1z. A speci\u00e1lis kezel\u0151fejeknek k\u00f6sz\u00f6nhet\u0151en helyileg, csak a sz\u00fcks\u00e9ges fel\u00fcleten tudunk\u00a0\u00f3zonnal fogakat, ny\u00e1lkah\u00e1rtya \u00e9s b\u0151rfel\u00fcleteket kezelni. Az emberi sz\u00f6vetekre ebben a mennyis\u00e9gben, \u00e9s id\u0151tartamban egy\u00e1ltal\u00e1n nem k\u00e1ros. A beavatkoz\u00e1s teljesen f\u00e1jdalommentes, gyerekeken is alkalmazhat\u00f3!<\/p>\n<p><a href=\"http:\/\/lildamed.hu\/fogorvos\/wp-content\/uploads\/2018\/02\/ozonterapia07.jpg\"><img decoding=\"async\" loading=\"lazy\" class=\"wp-image-937 alignnone\" src=\"http:\/\/lildamed.hu\/fogorvos\/wp-content\/uploads\/2018\/02\/ozonterapia07-300x229.jpg\" alt=\"\" width=\"270\" height=\"206\" srcset=\"http:\/\/lildamed.hu\/fogorvos\/wp-content\/uploads\/2018\/02\/ozonterapia07-300x229.jpg 300w, http:\/\/lildamed.hu\/fogorvos\/wp-content\/uploads\/2018\/02\/ozonterapia07-768x585.jpg 768w, http:\/\/lildamed.hu\/fogorvos\/wp-content\/uploads\/2018\/02\/ozonterapia07-1024x780.jpg 1024w, http:\/\/lildamed.hu\/fogorvos\/wp-content\/uploads\/2018\/02\/ozonterapia07.jpg 1576w\" sizes=\"(max-width: 270px) 100vw, 270px\" \/><\/a>\u00a0 \u00a0 \u00a0 \u00a0 \u00a0 \u00a0 \u00a0 <a href=\"http:\/\/lildamed.hu\/fogorvos\/wp-content\/uploads\/2018\/02\/ozonterapia06.jpg\"><img decoding=\"async\" loading=\"lazy\" class=\"size-medium wp-image-936 alignnone\" src=\"http:\/\/lildamed.hu\/fogorvos\/wp-content\/uploads\/2018\/02\/ozonterapia06-300x203.jpg\" alt=\"\" width=\"300\" height=\"203\" srcset=\"http:\/\/lildamed.hu\/fogorvos\/wp-content\/uploads\/2018\/02\/ozonterapia06-300x203.jpg 300w, http:\/\/lildamed.hu\/fogorvos\/wp-content\/uploads\/2018\/02\/ozonterapia06-768x519.jpg 768w, http:\/\/lildamed.hu\/fogorvos\/wp-content\/uploads\/2018\/02\/ozonterapia06-1024x692.jpg 1024w, http:\/\/lildamed.hu\/fogorvos\/wp-content\/uploads\/2018\/02\/ozonterapia06.jpg 1322w\" sizes=\"(max-width: 300px) 100vw, 300px\" \/><\/a><\/p>\n<p>Az \u00f3zon hat\u00e1sa abban k\u00fcl\u00f6nleges, hogy k\u00e9pes helyileg nagyon er\u0151s, gomba, v\u00edrus, \u00e9s bakt\u00e9rium ellenes hat\u00e1st kifejteni, mert t\u00f6bb minim\u00e9ter m\u00e9lyen a sz\u00f6vetekbe hatolva el\u00f6li azokat.<\/p>\n<p>Cs\u00f6kkenti a gyullad\u00e1st, a v\u00e9rz\u00e9st, a f\u00e1jdalmat \u00e9s stimul\u00e1lja a sz\u00f6vetek regener\u00e1ci\u00f3j\u00e1t. Azonnali, \u00e9rezhet\u0151, \u00e9s szemmel l\u00e1that\u00f3 javul\u00e1st hoz.<a href=\"http:\/\/lildamed.hu\/fogorvos\/wp-content\/uploads\/2018\/02\/ozonterapia10.png\"><img decoding=\"async\" loading=\"lazy\" class=\"wp-image-938 aligncenter\" src=\"http:\/\/lildamed.hu\/fogorvos\/wp-content\/uploads\/2018\/02\/ozonterapia10-300x154.png\" alt=\"\" width=\"527\" height=\"270\" srcset=\"http:\/\/lildamed.hu\/fogorvos\/wp-content\/uploads\/2018\/02\/ozonterapia10-300x154.png 300w, http:\/\/lildamed.hu\/fogorvos\/wp-content\/uploads\/2018\/02\/ozonterapia10.png 575w\" sizes=\"(max-width: 527px) 100vw, 527px\" \/><\/a><\/p>\n<p>Az \u00f3zonter\u00e1pia alkalmaz\u00e1s\u00e1val a gy\u00f3gyul\u00e1si id\u0151 \u00e9s a regener\u00e1ci\u00f3 jelent\u0151sen felgyorsul, \u00e9s sz\u00e1mos sz\u00f6v\u0151dm\u00e9ny elker\u00fclhet\u0151.<\/p>\n<h3><a href=\"https:\/\/www.chatbase.co\/chatbot-iframe\/NTwxskpG_O2ifB4Xtu507\"><img decoding=\"async\" loading=\"lazy\" class=\"wp-image-2247 aligncenter\" src=\"http:\/\/lildamed.hu\/fogorvos\/wp-content\/uploads\/2026\/01\/Lildamed-AI-Asszisztens-1024x683.png\" alt=\"\" width=\"272\" height=\"182\" srcset=\"http:\/\/lildamed.hu\/fogorvos\/wp-content\/uploads\/2026\/01\/Lildamed-AI-Asszisztens-1024x683.png 1024w, http:\/\/lildamed.hu\/fogorvos\/wp-content\/uploads\/2026\/01\/Lildamed-AI-Asszisztens-300x200.png 300w, http:\/\/lildamed.hu\/fogorvos\/wp-content\/uploads\/2026\/01\/Lildamed-AI-Asszisztens-768x512.png 768w, http:\/\/lildamed.hu\/fogorvos\/wp-content\/uploads\/2026\/01\/Lildamed-AI-Asszisztens.png 1536w\" sizes=\"(max-width: 272px) 100vw, 272px\" \/><\/a><\/h3>\n<p><a href=\"http:\/\/lildamed.hu\/fogorvos\/wp-content\/uploads\/2020\/06\/lildamed-08.png\"><br \/>\n<img decoding=\"async\" loading=\"lazy\" class=\" wp-image-1218 aligncenter\" src=\"http:\/\/lildamed.hu\/fogorvos\/wp-content\/uploads\/2020\/06\/lildamed-08.png\" alt=\"\" width=\"129\" height=\"131\" srcset=\"http:\/\/lildamed.hu\/fogorvos\/wp-content\/uploads\/2020\/06\/lildamed-08.png 366w, http:\/\/lildamed.hu\/fogorvos\/wp-content\/uploads\/2020\/06\/lildamed-08-295x300.png 295w\" sizes=\"(max-width: 129px) 100vw, 129px\" \/><\/a><\/p>\n","protected":false},"excerpt":{"rendered":"<p>Rendel\u0151nkben el\u00e9rhet\u0151 minden olyan \u00faj, korszer\u0171 ter\u00e1pi\u00e1s elj\u00e1r\u00e1s, amivel cs\u00f6kkenteni lehet a szervezet gy\u00f3gyszer terhel\u00e9s\u00e9t, \u00e9s stimul\u00e1lni tudjuk az \u00f6ngy\u00f3gy\u00edt\u00f3 folyamatokat. Ezek k\u00f6z\u00e9 tartozik az \u00d3zonter\u00e1pia is. Alkalmaz\u00e1s\u00e1val sz\u00e1mos esetben elker\u00fclhet\u0151 antibiotikum, vagy egy\u00e9b er\u0151s mell\u00e9khat\u00e1sokkal rendelkez\u0151 gy\u00f3gyszer szed\u00e9se, emellett er\u0151s\u00edti az immunrendszert. Az Ozone DTA k\u00e9sz\u00fcl\u00e9k k\u00e9pes koncentr\u00e1ltan, kis fel\u00fcleten,\u00a0 nagy mennyis\u00e9gben \u00f3zont termelni. Az \u00f3zon 3 molekul\u00e1b\u00f3l \u00e1ll\u00f3, nagyon reakt\u00edv, gyorsan leboml\u00f3 g\u00e1z. A speci\u00e1lis kezel\u0151fejeknek k\u00f6sz\u00f6nhet\u0151en helyileg, csak a sz\u00fcks\u00e9ges fel\u00fcleten tudunk\u00a0\u00f3zonnal fogakat, ny\u00e1lkah\u00e1rtya \u00e9s b\u0151rfel\u00fcleteket kezelni. Az emberi sz\u00f6vetekre ebben a mennyis\u00e9gben, \u00e9s id\u0151tartamban egy\u00e1ltal\u00e1n nem k\u00e1ros. A beavatkoz\u00e1s teljesen f\u00e1jdalommentes, gyerekeken is alkalmazhat\u00f3! \u00a0 \u00a0<\/p>\n<a class=\"more-link\" rel=\"nofollow\" href=\"http:\/\/lildamed.hu\/fogorvos\/szolgaltatasok-es-arak\/ozonterapia\/\">[Read More...]<\/a>","protected":false},"author":5,"featured_media":0,"parent":7,"menu_order":0,"comment_status":"closed","ping_status":"closed","template":"","meta":[],"_links":{"self":[{"href":"http:\/\/lildamed.hu\/fogorvos\/wp-json\/wp\/v2\/pages\/932"}],"collection":[{"href":"http:\/\/lildamed.hu\/fogorvos\/wp-json\/wp\/v2\/pages"}],"about":[{"href":"http:\/\/lildamed.hu\/fogorvos\/wp-json\/wp\/v2\/types\/page"}],"author":[{"embeddable":true,"href":"http:\/\/lildamed.hu\/fogorvos\/wp-json\/wp\/v2\/users\/5"}],"replies":[{"embeddable":true,"href":"http:\/\/lildamed.hu\/fogorvos\/wp-json\/wp\/v2\/comments?post=932"}],"version-history":[{"count":17,"href":"http:\/\/lildamed.hu\/fogorvos\/wp-json\/wp\/v2\/pages\/932\/revisions"}],"predecessor-version":[{"id":2284,"href":"http:\/\/lildamed.hu\/fogorvos\/wp-json\/wp\/v2\/pages\/932\/revisions\/2284"}],"up":[{"embeddable":true,"href":"http:\/\/lildamed.hu\/fogorvos\/wp-json\/wp\/v2\/pages\/7"}],"wp:attachment":[{"href":"http:\/\/lildamed.hu\/fogorvos\/wp-json\/wp\/v2\/media?parent=932"}],"curies":[{"name":"wp","href":"https:\/\/api.w.org\/{rel}","templated":true}]}}