{"id":957,"date":"2018-02-25T22:19:40","date_gmt":"2018-02-25T22:19:40","guid":{"rendered":"http:\/\/lildamed.hu\/fogorvos\/?page_id=957"},"modified":"2026-01-19T19:15:02","modified_gmt":"2026-01-19T19:15:02","slug":"lumineers-cerinate-csiszolas-nelkuli-hejak-smile-design-veneers-esztetikai-fogaszat-smile-mosoly-tervezes-fajdalommentes-vekony-termeszetes-zuglo-xiv-szep-esztetikus-teljes-fogiv-instant-fogszabalyoza","status":"publish","type":"page","link":"http:\/\/lildamed.hu\/fogorvos\/szolgaltatasok-es-arak\/lumineers-cerinate-csiszolas-nelkuli-hejak-smile-design-veneers-esztetikai-fogaszat-smile-mosoly-tervezes-fajdalommentes-vekony-termeszetes-zuglo-xiv-szep-esztetikus-teljes-fogiv-instant-fogszabalyoza\/","title":{"rendered":"LUMINEERS\u00ae BY CERINATE, csiszol\u00e1s n\u00e9lk\u00fcli h\u00e9jak"},"content":{"rendered":"<p><a href=\"http:\/\/lildamed.hu\/fogorvos\/wp-content\/uploads\/2018\/03\/lumi03.jpg\"><img decoding=\"async\" loading=\"lazy\" class=\" wp-image-979 alignleft\" src=\"http:\/\/lildamed.hu\/fogorvos\/wp-content\/uploads\/2018\/03\/lumi03-300x264.jpg\" alt=\"\" width=\"350\" height=\"308\" srcset=\"http:\/\/lildamed.hu\/fogorvos\/wp-content\/uploads\/2018\/03\/lumi03-300x264.jpg 300w, http:\/\/lildamed.hu\/fogorvos\/wp-content\/uploads\/2018\/03\/lumi03.jpg 588w\" sizes=\"(max-width: 350px) 100vw, 350px\" \/><\/a>LUMINEERS\u00ae BY CERINATE, csiszol\u00e1s n\u00e9lk\u00fcli h\u00e9jak<\/p>\n<p>K\u00fcl\u00f6nleges, egyedi elj\u00e1r\u00e1s, melynek sor\u00e1n f\u00e1jdalom n\u00e9lk\u00fcl, \u00e9s egyszer\u0171en t\u00f6k\u00e9letes mosolyra tehet\u00fcnk szert. Term\u00e9szetes, \u00e9s megnyer\u0151 mosolyt biztos\u00edt.<\/p>\n<p>Sok ismert filmszt\u00e1r \u00e9s modell mosoly\u00e1t var\u00e1zsolt\u00e1k ezzel a technik\u00e1val t\u00f6k\u00e9letess\u00e9.<\/p>\n<p><a href=\"http:\/\/lildamed.hu\/fogorvos\/wp-content\/uploads\/2018\/03\/lumi06.png\"><img decoding=\"async\" loading=\"lazy\" class=\"size-medium wp-image-986 alignright\" src=\"http:\/\/lildamed.hu\/fogorvos\/wp-content\/uploads\/2018\/03\/lumi06-300x275.png\" alt=\"\" width=\"300\" height=\"275\" srcset=\"http:\/\/lildamed.hu\/fogorvos\/wp-content\/uploads\/2018\/03\/lumi06-300x275.png 300w, http:\/\/lildamed.hu\/fogorvos\/wp-content\/uploads\/2018\/03\/lumi06.png 622w\" sizes=\"(max-width: 300px) 100vw, 300px\" \/><\/a><\/p>\n<p>A fogak fel\u00fclet\u00e9re speci\u00e1lis Cerinate porcel\u00e1nb\u00f3l k\u00e9sz\u00fclt, rendk\u00edv\u00fcl szil\u00e1rd,\u00a0 kontaktlencse v\u00e9konys\u00e1g\u00fa h\u00e9jakat ragasztunk, melyhez nincs sz\u00fcks\u00e9g \u00e9rz\u00e9stelen\u00edt\u00e9sre, \u00e9s \u00e9rz\u00e9keny foganyag elt\u00e1vol\u00edt\u00e1s\u00e1ra.<\/p>\n<p>A technik\u00e1t az USA-ban fejlesztett\u00e9k ki. Az elj\u00e1r\u00e1s tart\u00f3ss\u00e1g\u00e1t 20 \u00e9ve bizony\u00edtott klinikai adatok t\u00e1masztj\u00e1k al\u00e1.<\/p>\n<p>A h\u00e9jak CAD\/CAM fr\u00e9zel\u0151 technik\u00e1val k\u00e9sz\u00fclnek, a minta scannel\u00e9s, \u00e9s az egy\u00e9ni digit\u00e1lis tervez\u00e9s ut\u00e1n.<\/p>\n<p>El\u0151nyei:<\/p>\n<ul>\n<li>f\u00e1jdalommentes<\/li>\n<li>nincs ut\u00f3\u00e9rz\u00e9kenys\u00e9g<\/li>\n<li>nincs sz\u00fcks\u00e9g ideiglenes h\u00e9jra<\/li>\n<li>visszaford\u00edthat\u00f3, elt\u00e1vol\u00edthat\u00f3<\/li>\n<li>tart\u00f3s, nem pattan le<a href=\"http:\/\/lildamed.hu\/fogorvos\/wp-content\/uploads\/2018\/03\/5-\u00e9v-garancia.png\"><img decoding=\"async\" loading=\"lazy\" class=\"wp-image-987 alignright\" src=\"http:\/\/lildamed.hu\/fogorvos\/wp-content\/uploads\/2018\/03\/5-\u00e9v-garancia.png\" alt=\"\" width=\"195\" height=\"181\" \/><\/a><\/li>\n<li>nagyon sz\u00e9p eszt\u00e9tik\u00e1t biztos\u00edt<\/li>\n<li>f\u00e9l\u00e9vente sz\u00fcks\u00e9ges kontroll<\/li>\n<\/ul>\n<p>Forduljon hozz\u00e1nk bizalommal, k\u00e9rje egy\u00e9ni \u00e1raj\u00e1nlatunkat!<\/p>\n<h3><a href=\"https:\/\/www.chatbase.co\/chatbot-iframe\/NTwxskpG_O2ifB4Xtu507\"><img decoding=\"async\" loading=\"lazy\" class=\"wp-image-2247 alignright\" src=\"http:\/\/lildamed.hu\/fogorvos\/wp-content\/uploads\/2026\/01\/Lildamed-AI-Asszisztens-1024x683.png\" alt=\"\" width=\"272\" height=\"182\" srcset=\"http:\/\/lildamed.hu\/fogorvos\/wp-content\/uploads\/2026\/01\/Lildamed-AI-Asszisztens-1024x683.png 1024w, http:\/\/lildamed.hu\/fogorvos\/wp-content\/uploads\/2026\/01\/Lildamed-AI-Asszisztens-300x200.png 300w, http:\/\/lildamed.hu\/fogorvos\/wp-content\/uploads\/2026\/01\/Lildamed-AI-Asszisztens-768x512.png 768w, http:\/\/lildamed.hu\/fogorvos\/wp-content\/uploads\/2026\/01\/Lildamed-AI-Asszisztens.png 1536w\" sizes=\"(max-width: 272px) 100vw, 272px\" \/><\/a><\/h3>\n<p>Tov\u00e1bbi inform\u00e1ci\u00f3:<\/p>\n<p><a href=\"http:\/\/lumineers.com\/results\/\">Lumineers Reviews | Lumineers Smile Makeover Testimonials<\/a><\/p>\n<p><a href=\"https:\/\/www.youtube.com\/watch?v=1nFagEU7Hos&amp;t=1s\">Lumineers Stories &#8211; Annie: Real Stories of Lumineers Ultra Thin Veneers &#8211; YouTube<\/a><\/p>\n<p><a href=\"http:\/\/lildamed.hu\/fogorvos\/wp-content\/uploads\/2020\/06\/lildamed-08.png\"><img decoding=\"async\" loading=\"lazy\" class=\" wp-image-1218 aligncenter\" src=\"http:\/\/lildamed.hu\/fogorvos\/wp-content\/uploads\/2020\/06\/lildamed-08-295x300.png\" alt=\"\" width=\"158\" height=\"161\" srcset=\"http:\/\/lildamed.hu\/fogorvos\/wp-content\/uploads\/2020\/06\/lildamed-08-295x300.png 295w, http:\/\/lildamed.hu\/fogorvos\/wp-content\/uploads\/2020\/06\/lildamed-08.png 366w\" sizes=\"(max-width: 158px) 100vw, 158px\" \/><\/a><\/p>\n","protected":false},"excerpt":{"rendered":"<p>LUMINEERS\u00ae BY CERINATE, csiszol\u00e1s n\u00e9lk\u00fcli h\u00e9jak K\u00fcl\u00f6nleges, egyedi elj\u00e1r\u00e1s, melynek sor\u00e1n f\u00e1jdalom n\u00e9lk\u00fcl, \u00e9s egyszer\u0171en t\u00f6k\u00e9letes mosolyra tehet\u00fcnk szert. Term\u00e9szetes, \u00e9s megnyer\u0151 mosolyt biztos\u00edt. Sok ismert filmszt\u00e1r \u00e9s modell mosoly\u00e1t var\u00e1zsolt\u00e1k ezzel a technik\u00e1val t\u00f6k\u00e9letess\u00e9. A fogak fel\u00fclet\u00e9re speci\u00e1lis Cerinate porcel\u00e1nb\u00f3l k\u00e9sz\u00fclt, rendk\u00edv\u00fcl szil\u00e1rd,\u00a0 kontaktlencse v\u00e9konys\u00e1g\u00fa h\u00e9jakat ragasztunk, melyhez nincs sz\u00fcks\u00e9g \u00e9rz\u00e9stelen\u00edt\u00e9sre, \u00e9s \u00e9rz\u00e9keny foganyag elt\u00e1vol\u00edt\u00e1s\u00e1ra. A technik\u00e1t az USA-ban fejlesztett\u00e9k ki. Az elj\u00e1r\u00e1s tart\u00f3ss\u00e1g\u00e1t 20 \u00e9ve bizony\u00edtott klinikai adatok t\u00e1masztj\u00e1k al\u00e1. A h\u00e9jak CAD\/CAM fr\u00e9zel\u0151 technik\u00e1val k\u00e9sz\u00fclnek, a minta scannel\u00e9s, \u00e9s az egy\u00e9ni digit\u00e1lis tervez\u00e9s ut\u00e1n. El\u0151nyei: f\u00e1jdalommentes nincs ut\u00f3\u00e9rz\u00e9kenys\u00e9g nincs sz\u00fcks\u00e9g ideiglenes h\u00e9jra visszaford\u00edthat\u00f3, elt\u00e1vol\u00edthat\u00f3 tart\u00f3s, nem pattan<\/p>\n<a class=\"more-link\" rel=\"nofollow\" href=\"http:\/\/lildamed.hu\/fogorvos\/szolgaltatasok-es-arak\/lumineers-cerinate-csiszolas-nelkuli-hejak-smile-design-veneers-esztetikai-fogaszat-smile-mosoly-tervezes-fajdalommentes-vekony-termeszetes-zuglo-xiv-szep-esztetikus-teljes-fogiv-instant-fogszabalyoza\/\">[Read More...]<\/a>","protected":false},"author":5,"featured_media":0,"parent":7,"menu_order":0,"comment_status":"closed","ping_status":"closed","template":"","meta":[],"_links":{"self":[{"href":"http:\/\/lildamed.hu\/fogorvos\/wp-json\/wp\/v2\/pages\/957"}],"collection":[{"href":"http:\/\/lildamed.hu\/fogorvos\/wp-json\/wp\/v2\/pages"}],"about":[{"href":"http:\/\/lildamed.hu\/fogorvos\/wp-json\/wp\/v2\/types\/page"}],"author":[{"embeddable":true,"href":"http:\/\/lildamed.hu\/fogorvos\/wp-json\/wp\/v2\/users\/5"}],"replies":[{"embeddable":true,"href":"http:\/\/lildamed.hu\/fogorvos\/wp-json\/wp\/v2\/comments?post=957"}],"version-history":[{"count":25,"href":"http:\/\/lildamed.hu\/fogorvos\/wp-json\/wp\/v2\/pages\/957\/revisions"}],"predecessor-version":[{"id":2282,"href":"http:\/\/lildamed.hu\/fogorvos\/wp-json\/wp\/v2\/pages\/957\/revisions\/2282"}],"up":[{"embeddable":true,"href":"http:\/\/lildamed.hu\/fogorvos\/wp-json\/wp\/v2\/pages\/7"}],"wp:attachment":[{"href":"http:\/\/lildamed.hu\/fogorvos\/wp-json\/wp\/v2\/media?parent=957"}],"curies":[{"name":"wp","href":"https:\/\/api.w.org\/{rel}","templated":true}]}}