{"id":99,"date":"2013-12-10T20:47:55","date_gmt":"2013-12-10T20:47:55","guid":{"rendered":"http:\/\/lildamed.hu\/fogorvos\/?page_id=99"},"modified":"2026-01-19T18:44:40","modified_gmt":"2026-01-19T18:44:40","slug":"szajsebesz-implantatum-fogbeultetes-zuglo","status":"publish","type":"page","link":"http:\/\/lildamed.hu\/fogorvos\/bemutatkozas\/szajsebesz-implantatum-fogbeultetes-zuglo\/","title":{"rendered":"Sz\u00e1jseb\u00e9sz Zugl\u00f3"},"content":{"rendered":"<h3><a href=\"https:\/\/www.chatbase.co\/chatbot-iframe\/NTwxskpG_O2ifB4Xtu507\"><img decoding=\"async\" loading=\"lazy\" class=\"wp-image-2247 alignright\" src=\"http:\/\/lildamed.hu\/fogorvos\/wp-content\/uploads\/2026\/01\/Lildamed-AI-Asszisztens-1024x683.png\" alt=\"\" width=\"272\" height=\"182\" srcset=\"http:\/\/lildamed.hu\/fogorvos\/wp-content\/uploads\/2026\/01\/Lildamed-AI-Asszisztens-1024x683.png 1024w, http:\/\/lildamed.hu\/fogorvos\/wp-content\/uploads\/2026\/01\/Lildamed-AI-Asszisztens-300x200.png 300w, http:\/\/lildamed.hu\/fogorvos\/wp-content\/uploads\/2026\/01\/Lildamed-AI-Asszisztens-768x512.png 768w, http:\/\/lildamed.hu\/fogorvos\/wp-content\/uploads\/2026\/01\/Lildamed-AI-Asszisztens.png 1536w\" sizes=\"(max-width: 272px) 100vw, 272px\" \/><\/a><\/h3>\n<h3>Sz\u00e1jseb\u00e9szeti beavatkoz\u00e1sok<\/h3>\n<p>Rendel\u0151nkbe ig\u00e9nybe veheti a sz\u00e1jseb\u00e9szeti beavatkoz\u00e1sok teljes k\u00f6r\u00e9t:<a href=\"http:\/\/lildamed.hu\/fogorvos\/wp-content\/uploads\/2023\/10\/sz\u00e1jseb.jpg\"><img decoding=\"async\" loading=\"lazy\" class=\"alignright wp-image-1904\" src=\"http:\/\/lildamed.hu\/fogorvos\/wp-content\/uploads\/2023\/10\/sz\u00e1jseb.jpg\" alt=\"\" width=\"240\" height=\"155\" srcset=\"http:\/\/lildamed.hu\/fogorvos\/wp-content\/uploads\/2023\/10\/sz\u00e1jseb.jpg 540w, http:\/\/lildamed.hu\/fogorvos\/wp-content\/uploads\/2023\/10\/sz\u00e1jseb-300x194.jpg 300w\" sizes=\"(max-width: 240px) 100vw, 240px\" \/><\/a><\/p>\n<p><strong><a href=\"http:\/\/lildamed.hu\/fogorvos\/szolgaltatasok-es-arak\/fog-implantacio-mugyoker-beultetes\/\">Implant\u00e1ci\u00f3 (m\u0171gy\u00f6k\u00e9r be\u00fcltet\u00e9s)&gt;&gt;&gt;<\/a><\/strong><\/p>\n<p><strong>Csontp\u00f3tl\u00e1s<\/strong><\/p>\n<p><strong>B\u00f6lcsess\u00e9g fog elt\u00e1vol\u00edt\u00e1s<\/strong><\/p>\n<p><strong>Fogak egyszer\u0171, vagy seb\u00e9szi elt\u00e1vol\u00edt\u00e1sa<\/strong><\/p>\n<p><strong>Gy\u00f6k\u00e9rcs\u00facs resectio, Cysta \/ granul\u00f3ma elt\u00e1vol\u00edt\u00e1s<\/strong><\/p>\n<p><strong>frenulectomia<\/strong><\/p>\n<p style=\"text-align: justify;\"><strong>Sz\u00e1jseb\u00e9szeti beavatkoz\u00e1sok ut\u00e1n<\/strong> nagyon fontos a m\u0171t\u00e9ti ter\u00fclet tiszt\u00e1n tart\u00e1sa.<\/p>\n<p style=\"text-align: justify;\">A beavatkoz\u00e1s napj\u00e1n ne fogyasszon tejet \u00e9s tejterm\u00e9ket. N\u00e9h\u00e1nyszor 10 percig h\u0171tse a ter\u00fcletet k\u00edv\u00fclr\u0151l, h\u0171t\u0151 hideg borogat\u00e1ssal. A fogakat a m\u0171t\u00e9ti ter\u00fclet kiv\u00e9tel\u00e9vel a szok\u00e1sos m\u00f3don, alaposan tiszt\u00edtsa.<\/p>\n<p style=\"text-align: justify;\">K\u00f6vetkez\u0151 napt\u00f3l <a href=\"http:\/\/lildamed.hu\/fogorvos\/wp-content\/uploads\/2023\/09\/IMG_0349.jpg\"><img decoding=\"async\" loading=\"lazy\" class=\"wp-image-1848 alignleft\" src=\"http:\/\/lildamed.hu\/fogorvos\/wp-content\/uploads\/2023\/09\/IMG_0349.jpg\" alt=\"\" width=\"200\" height=\"133\" srcset=\"http:\/\/lildamed.hu\/fogorvos\/wp-content\/uploads\/2023\/09\/IMG_0349.jpg 608w, http:\/\/lildamed.hu\/fogorvos\/wp-content\/uploads\/2023\/09\/IMG_0349-300x200.jpg 300w\" sizes=\"(max-width: 200px) 100vw, 200px\" \/><\/a>kezdve kamillavir\u00e1gb\u00f3l k\u00e9sz\u00edtett f\u0151zettel, illetve Tantum Verde, vagy kl\u00f3rhexidines \u00f6bl\u00f6get\u0151vel t\u00f6bb alkalommal is \u00f6bl\u00f6gessen. A sebet a fogmos\u00e1ssal egy id\u0151ben fogkef\u00e9vel szint\u00e9n alaposan tiszt\u00edtsa, massz\u00edrozza meg. Ne ijedjen meg, ha f\u00e1jdalmatlan feh\u00e9res sz\u00fcrk\u00e9s ter\u00fcletet l\u00e1t, a sz\u00e1jban a sebek \u00edgy gy\u00f3gyulnak.<\/p>\n<p style=\"text-align: justify;\">Amennyiben p\u00e1r nap ut\u00e1n is \u00fagy \u00e9rzi, hogy sebe \u00e9rz\u00e9keny, sz\u00fcks\u00e9g lehet kor\u00e1bbi kontrollra, sebut\u00f3kezel\u00e9sre, \u00e9s a gy\u00f3gyul\u00e1s gy\u00f3gyszeres (antibiotikumos, f\u00e1jdalom csillap\u00edt\u00f3s) t\u00e1mogat\u00e1s\u00e1ra.<\/p>\n<p><a href=\"http:\/\/lildamed.hu\/fogorvos\/lildamed-fogorvosi-rendelo-arak-fogszabalyozas-tomes-hej-fogpotlas\/\">\u00c1rak&gt;&gt;&gt;<\/a><\/p>\n","protected":false},"excerpt":{"rendered":"<p>Sz\u00e1jseb\u00e9szeti beavatkoz\u00e1sok Rendel\u0151nkbe ig\u00e9nybe veheti a sz\u00e1jseb\u00e9szeti beavatkoz\u00e1sok teljes k\u00f6r\u00e9t: Implant\u00e1ci\u00f3 (m\u0171gy\u00f6k\u00e9r be\u00fcltet\u00e9s)&gt;&gt;&gt; Csontp\u00f3tl\u00e1s B\u00f6lcsess\u00e9g fog elt\u00e1vol\u00edt\u00e1s Fogak egyszer\u0171, vagy seb\u00e9szi elt\u00e1vol\u00edt\u00e1sa Gy\u00f6k\u00e9rcs\u00facs resectio, Cysta \/ granul\u00f3ma elt\u00e1vol\u00edt\u00e1s frenulectomia Sz\u00e1jseb\u00e9szeti beavatkoz\u00e1sok ut\u00e1n nagyon fontos a m\u0171t\u00e9ti ter\u00fclet tiszt\u00e1n tart\u00e1sa. A beavatkoz\u00e1s napj\u00e1n ne fogyasszon tejet \u00e9s tejterm\u00e9ket. N\u00e9h\u00e1nyszor 10 percig h\u0171tse a ter\u00fcletet k\u00edv\u00fclr\u0151l, h\u0171t\u0151 hideg borogat\u00e1ssal. A fogakat a m\u0171t\u00e9ti ter\u00fclet kiv\u00e9tel\u00e9vel a szok\u00e1sos m\u00f3don, alaposan tiszt\u00edtsa. K\u00f6vetkez\u0151 napt\u00f3l kezdve kamillavir\u00e1gb\u00f3l k\u00e9sz\u00edtett f\u0151zettel, illetve Tantum Verde, vagy kl\u00f3rhexidines \u00f6bl\u00f6get\u0151vel t\u00f6bb alkalommal is \u00f6bl\u00f6gessen. A sebet a fogmos\u00e1ssal egy id\u0151ben fogkef\u00e9vel szint\u00e9n alaposan tiszt\u00edtsa, massz\u00edrozza meg. Ne ijedjen meg, ha<\/p>\n<a class=\"more-link\" rel=\"nofollow\" href=\"http:\/\/lildamed.hu\/fogorvos\/bemutatkozas\/szajsebesz-implantatum-fogbeultetes-zuglo\/\">[Read More...]<\/a>","protected":false},"author":5,"featured_media":0,"parent":5,"menu_order":0,"comment_status":"closed","ping_status":"closed","template":"","meta":[],"_links":{"self":[{"href":"http:\/\/lildamed.hu\/fogorvos\/wp-json\/wp\/v2\/pages\/99"}],"collection":[{"href":"http:\/\/lildamed.hu\/fogorvos\/wp-json\/wp\/v2\/pages"}],"about":[{"href":"http:\/\/lildamed.hu\/fogorvos\/wp-json\/wp\/v2\/types\/page"}],"author":[{"embeddable":true,"href":"http:\/\/lildamed.hu\/fogorvos\/wp-json\/wp\/v2\/users\/5"}],"replies":[{"embeddable":true,"href":"http:\/\/lildamed.hu\/fogorvos\/wp-json\/wp\/v2\/comments?post=99"}],"version-history":[{"count":19,"href":"http:\/\/lildamed.hu\/fogorvos\/wp-json\/wp\/v2\/pages\/99\/revisions"}],"predecessor-version":[{"id":2252,"href":"http:\/\/lildamed.hu\/fogorvos\/wp-json\/wp\/v2\/pages\/99\/revisions\/2252"}],"up":[{"embeddable":true,"href":"http:\/\/lildamed.hu\/fogorvos\/wp-json\/wp\/v2\/pages\/5"}],"wp:attachment":[{"href":"http:\/\/lildamed.hu\/fogorvos\/wp-json\/wp\/v2\/media?parent=99"}],"curies":[{"name":"wp","href":"https:\/\/api.w.org\/{rel}","templated":true}]}}