{"id":102,"date":"2013-12-10T20:51:40","date_gmt":"2013-12-10T20:51:40","guid":{"rendered":"http:\/\/lildamed.hu\/fogorvos\/?page_id=102"},"modified":"2026-01-19T19:16:53","modified_gmt":"2026-01-19T19:16:53","slug":"sportfogvedo-horkolas-allkapocsizuleti-betegsegek","status":"publish","type":"page","link":"https:\/\/lildamed.hu\/fogorvos\/szolgaltatasok-es-arak\/sportfogvedo-horkolas-allkapocsizuleti-betegsegek\/","title":{"rendered":"Sportfogv\u00e9d\u0151, horkol\u00e1s, \u00e1llkapocs\u00edz\u00fcleti betegs\u00e9gek"},"content":{"rendered":"<h3>\u00c1llkapocs\u00edz\u00fcleti (TMI) betegs\u00e9gek, horkol\u00e1s, sport fogv\u00e9d\u0151k<\/h3>\n<p>Amikor a sz\u00e1jban elhelyezked\u0151 t\u00f6m\u00e9sek, fogp\u00f3tl\u00e1sok, vagy a saj\u00e1t fogazat rendelleness\u00e9ge nem teszi lehet\u0151v\u00e9 nyugalmi helyzetben az izmok ellazul\u00e1s\u00e1t, az \u00e1llkapocs\u00edz\u00fcletben k\u00f3ros folyamatok indulhatnak el.<\/p>\n<p>Ennek a jele lehet:<\/p>\n<ul>\n<li>reggeli \u00e9bred\u00e9s ut\u00e1n keletkez\u0151 f\u00e1jdalom<\/li>\n<li>sz\u00e1jnyit\u00e1si neh\u00e9zs\u00e9g<\/li>\n<li>r\u00e1g\u00e1sra jelentkez\u0151 f\u00e1jdalom<\/li>\n<li>kattog\u00e1s<\/li>\n<li>az als\u00f3 \u00e1llcsont sz\u00e1jnyit\u00e1s \u00e9s z\u00e1r\u00e1s sor\u00e1n oldals\u00f3 ir\u00e1nyban t\u00f6rt\u00e9n\u0151 elmozdul\u00e1sa<\/li>\n<li>fejf\u00e1j\u00e1s<\/li>\n<li>fogcsikorgat\u00e1s<\/li>\n<\/ul>\n<p style=\"text-align: justify;\">Mindezt kiv\u00e1lthatja az \u00edz\u00fcleteket \u00e9rint\u0151 betegs\u00e9g, vagy nagyfok\u00fa stressz is.<\/p>\n<p style=\"text-align: justify;\"><strong>Harap\u00e1semel\u0151k:<\/strong><\/p>\n<p style=\"text-align: justify;\">Az fenti jelleg\u0171 probl\u00e9m\u00e1val k\u00fczd\u0151 p\u00e1ciensek gyakran szor\u00edtj\u00e1k \u00f6ssze \u00e1llkapcsukat, csikorgatj\u00e1k fogaikat. Ennek megsz\u00fcntet\u00e9s\u00e9t szolg\u00e1lj\u00e1k az <strong>\u00e9jszakai harap\u00e1semel\u0151k<\/strong>, melyek lehet\u0151v\u00e9 teszik a r\u00e1g\u00f3izmok ellazul\u00e1s\u00e1t, a nyugodtabb pihen\u00e9st.<\/p>\n<p style=\"text-align: center;\"><img decoding=\"async\" loading=\"lazy\" class=\"aligncenter wp-image-605 size-medium\" title=\"\u00c9jszakai harap\u00e1semel\u0151\" src=\"http:\/\/lildamed.hu\/fogorvos\/wp-content\/uploads\/2013\/12\/harem2-300x224.jpg\" alt=\"\u00c9jszakai harap\u00e1semel\u0151\" width=\"300\" height=\"224\" srcset=\"https:\/\/lildamed.hu\/fogorvos\/wp-content\/uploads\/2013\/12\/harem2-300x224.jpg 300w, https:\/\/lildamed.hu\/fogorvos\/wp-content\/uploads\/2013\/12\/harem2.jpg 343w\" sizes=\"(max-width: 300px) 100vw, 300px\" \/><\/p>\n<p><a href=\"http:\/\/lildamed.hu\/fogorvos\/lildamed-fogorvosi-rendelo-arak-fogszabalyozas-tomes-hej-fogpotlas\/\">\u00c1rak&gt;&gt;&gt;<\/a><\/p>\n<p><strong>Horkol\u00e1s g\u00e1tl\u00f3k<\/strong><\/p>\n<p style=\"text-align: justify;\">Sok ember pihen\u00e9s\u00e9t zavarja a horkol\u00e1s. Az okok k\u00f6r\u00fcltekint\u0151 kivizsg\u00e1l\u00e1sa mellett hathat\u00f3s seg\u00edts\u00e9g a horkol\u00e1s g\u00e1tl\u00f3 k\u00e9sz\u00fcl\u00e9k, mely az \u00e1llcsontok megfelel\u0151 poz\u00edci\u00f3ba helyez\u00e9s\u00e9vel sz\u00fcnteti meg a horkol\u00e1st.<\/p>\n<p>A k\u00e9sz\u00fcl\u00e9k lehet standard, mely \u00e1ltal\u00e1nos m\u00e9retekre k\u00e9sz\u00fcl (TMJ-MBV) \u00e9s lehet egy\u00e9ni, mely a saj\u00e1t egy\u00e9ni adotts\u00e1gokra, lenyomat alapj\u00e1n k\u00e9sz\u00fcl, mint a <strong>Silensor<\/strong> k\u00e9sz\u00fcl\u00e9k.<\/p>\n<p style=\"text-align: center;\"><a href=\"http:\/\/lildamed.hu\/fogorvos\/wp-content\/uploads\/2022\/06\/Silensor-lildamed-horkol\u00e1s-g\u00e1tl\u00f3-zugl\u00f3.png\"><img decoding=\"async\" loading=\"lazy\" class=\"wp-image-1675 aligncenter\" src=\"http:\/\/lildamed.hu\/fogorvos\/wp-content\/uploads\/2022\/06\/Silensor-lildamed-horkol\u00e1s-g\u00e1tl\u00f3-zugl\u00f3-1024x709.png\" alt=\"\" width=\"288\" height=\"199\" srcset=\"https:\/\/lildamed.hu\/fogorvos\/wp-content\/uploads\/2022\/06\/Silensor-lildamed-horkol\u00e1s-g\u00e1tl\u00f3-zugl\u00f3-1024x709.png 1024w, https:\/\/lildamed.hu\/fogorvos\/wp-content\/uploads\/2022\/06\/Silensor-lildamed-horkol\u00e1s-g\u00e1tl\u00f3-zugl\u00f3-300x208.png 300w, https:\/\/lildamed.hu\/fogorvos\/wp-content\/uploads\/2022\/06\/Silensor-lildamed-horkol\u00e1s-g\u00e1tl\u00f3-zugl\u00f3-768x532.png 768w, https:\/\/lildamed.hu\/fogorvos\/wp-content\/uploads\/2022\/06\/Silensor-lildamed-horkol\u00e1s-g\u00e1tl\u00f3-zugl\u00f3.png 1054w\" sizes=\"(max-width: 288px) 100vw, 288px\" \/><\/a><\/p>\n<p><a href=\"http:\/\/lildamed.hu\/fogorvos\/lildamed-fogorvosi-rendelo-arak-fogszabalyozas-tomes-hej-fogpotlas\/\">\u00c1rak&gt;&gt;&gt;<\/a><\/p>\n<p style=\"text-align: justify;\"><strong>Fogv\u00e9d\u0151k:<\/strong><\/p>\n<p style=\"text-align: justify;\">Bizonyos sportok eset\u00e9n sz\u00fcks\u00e9ges a fogak megfelel\u0151 \u00fct\u00e9s elleni v\u00e9delme. A fogakat hat\u00e9konyan \u00e9s k\u00e9nyelmesen v\u00e9dhetj\u00fck az egy\u00e9nileg k\u00e9sz\u00fcl\u0151 sport fogv\u00e9d\u0151kkel.<\/p>\n<p><a href=\"http:\/\/lildamed.hu\/fogorvos\/wp-content\/uploads\/2013\/12\/sport_fogvedok.jpg\"><img decoding=\"async\" loading=\"lazy\" class=\"size-full wp-image-324 aligncenter\" src=\"http:\/\/lildamed.hu\/fogorvos\/wp-content\/uploads\/2013\/12\/sport_fogvedok.jpg\" alt=\"\" width=\"693\" height=\"200\" srcset=\"https:\/\/lildamed.hu\/fogorvos\/wp-content\/uploads\/2013\/12\/sport_fogvedok.jpg 693w, https:\/\/lildamed.hu\/fogorvos\/wp-content\/uploads\/2013\/12\/sport_fogvedok-300x86.jpg 300w\" sizes=\"(max-width: 693px) 100vw, 693px\" \/><\/a><\/p>\n<p style=\"text-align: center;\">K\u00fcl\u00f6nf\u00e9le sz\u00ednekben kaphat\u00f3 sportfogv\u00e9d\u0151k<\/p>\n<p><a href=\"http:\/\/lildamed.hu\/fogorvos\/lildamed-fogorvosi-rendelo-arak-fogszabalyozas-tomes-hej-fogpotlas\/\">\u00c1rak&gt;&gt;&gt;<\/a><\/p>\n<h3><a href=\"https:\/\/www.chatbase.co\/chatbot-iframe\/NTwxskpG_O2ifB4Xtu507\"><img decoding=\"async\" loading=\"lazy\" class=\"wp-image-2247 aligncenter\" src=\"http:\/\/lildamed.hu\/fogorvos\/wp-content\/uploads\/2026\/01\/Lildamed-AI-Asszisztens-1024x683.png\" alt=\"\" width=\"272\" height=\"182\" srcset=\"https:\/\/lildamed.hu\/fogorvos\/wp-content\/uploads\/2026\/01\/Lildamed-AI-Asszisztens-1024x683.png 1024w, https:\/\/lildamed.hu\/fogorvos\/wp-content\/uploads\/2026\/01\/Lildamed-AI-Asszisztens-300x200.png 300w, https:\/\/lildamed.hu\/fogorvos\/wp-content\/uploads\/2026\/01\/Lildamed-AI-Asszisztens-768x512.png 768w, https:\/\/lildamed.hu\/fogorvos\/wp-content\/uploads\/2026\/01\/Lildamed-AI-Asszisztens.png 1536w\" sizes=\"(max-width: 272px) 100vw, 272px\" \/><\/a><\/h3>\n<p><a href=\"http:\/\/lildamed.hu\/fogorvos\/wp-content\/uploads\/2020\/06\/lildamed-08.png\"><img decoding=\"async\" loading=\"lazy\" class=\"wp-image-1218 aligncenter\" src=\"http:\/\/lildamed.hu\/fogorvos\/wp-content\/uploads\/2020\/06\/lildamed-08.png\" alt=\"\" width=\"129\" height=\"131\" srcset=\"https:\/\/lildamed.hu\/fogorvos\/wp-content\/uploads\/2020\/06\/lildamed-08.png 366w, https:\/\/lildamed.hu\/fogorvos\/wp-content\/uploads\/2020\/06\/lildamed-08-295x300.png 295w\" sizes=\"(max-width: 129px) 100vw, 129px\" \/><\/a><\/p>\n","protected":false},"excerpt":{"rendered":"<p>\u00c1llkapocs\u00edz\u00fcleti (TMI) betegs\u00e9gek, horkol\u00e1s, sport fogv\u00e9d\u0151k Amikor a sz\u00e1jban elhelyezked\u0151 t\u00f6m\u00e9sek, fogp\u00f3tl\u00e1sok, vagy a saj\u00e1t fogazat rendelleness\u00e9ge nem teszi lehet\u0151v\u00e9 nyugalmi helyzetben az izmok ellazul\u00e1s\u00e1t, az \u00e1llkapocs\u00edz\u00fcletben k\u00f3ros folyamatok indulhatnak el. Ennek a jele lehet: reggeli \u00e9bred\u00e9s ut\u00e1n keletkez\u0151 f\u00e1jdalom sz\u00e1jnyit\u00e1si neh\u00e9zs\u00e9g r\u00e1g\u00e1sra jelentkez\u0151 f\u00e1jdalom kattog\u00e1s az als\u00f3 \u00e1llcsont sz\u00e1jnyit\u00e1s \u00e9s z\u00e1r\u00e1s sor\u00e1n oldals\u00f3 ir\u00e1nyban t\u00f6rt\u00e9n\u0151 elmozdul\u00e1sa fejf\u00e1j\u00e1s fogcsikorgat\u00e1s Mindezt kiv\u00e1lthatja az \u00edz\u00fcleteket \u00e9rint\u0151 betegs\u00e9g, vagy nagyfok\u00fa stressz is. Harap\u00e1semel\u0151k: Az fenti jelleg\u0171 probl\u00e9m\u00e1val k\u00fczd\u0151 p\u00e1ciensek gyakran szor\u00edtj\u00e1k \u00f6ssze \u00e1llkapcsukat, csikorgatj\u00e1k fogaikat. Ennek megsz\u00fcntet\u00e9s\u00e9t szolg\u00e1lj\u00e1k az \u00e9jszakai harap\u00e1semel\u0151k, melyek lehet\u0151v\u00e9 teszik a r\u00e1g\u00f3izmok ellazul\u00e1s\u00e1t, a nyugodtabb pihen\u00e9st. \u00c1rak&gt;&gt;&gt; Horkol\u00e1s g\u00e1tl\u00f3k<\/p>\n<a class=\"more-link\" rel=\"nofollow\" href=\"https:\/\/lildamed.hu\/fogorvos\/szolgaltatasok-es-arak\/sportfogvedo-horkolas-allkapocsizuleti-betegsegek\/\">[Read More...]<\/a>","protected":false},"author":5,"featured_media":0,"parent":7,"menu_order":0,"comment_status":"closed","ping_status":"closed","template":"","meta":[],"_links":{"self":[{"href":"https:\/\/lildamed.hu\/fogorvos\/wp-json\/wp\/v2\/pages\/102"}],"collection":[{"href":"https:\/\/lildamed.hu\/fogorvos\/wp-json\/wp\/v2\/pages"}],"about":[{"href":"https:\/\/lildamed.hu\/fogorvos\/wp-json\/wp\/v2\/types\/page"}],"author":[{"embeddable":true,"href":"https:\/\/lildamed.hu\/fogorvos\/wp-json\/wp\/v2\/users\/5"}],"replies":[{"embeddable":true,"href":"https:\/\/lildamed.hu\/fogorvos\/wp-json\/wp\/v2\/comments?post=102"}],"version-history":[{"count":14,"href":"https:\/\/lildamed.hu\/fogorvos\/wp-json\/wp\/v2\/pages\/102\/revisions"}],"predecessor-version":[{"id":2285,"href":"https:\/\/lildamed.hu\/fogorvos\/wp-json\/wp\/v2\/pages\/102\/revisions\/2285"}],"up":[{"embeddable":true,"href":"https:\/\/lildamed.hu\/fogorvos\/wp-json\/wp\/v2\/pages\/7"}],"wp:attachment":[{"href":"https:\/\/lildamed.hu\/fogorvos\/wp-json\/wp\/v2\/media?parent=102"}],"curies":[{"name":"wp","href":"https:\/\/api.w.org\/{rel}","templated":true}]}}