{"id":106,"date":"2013-12-10T20:52:56","date_gmt":"2013-12-10T20:52:56","guid":{"rendered":"http:\/\/lildamed.hu\/fogorvos\/?page_id=106"},"modified":"2026-01-19T19:15:54","modified_gmt":"2026-01-19T19:15:54","slug":"myofunkcionalis-trenerek","status":"publish","type":"page","link":"https:\/\/lildamed.hu\/fogorvos\/szolgaltatasok-es-arak\/myofunkcionalis-trenerek\/","title":{"rendered":"Myofunkcion\u00e1lis tr\u00e9nerek"},"content":{"rendered":"<p style=\"text-align: center;\"><img decoding=\"async\" loading=\"lazy\" class=\"aligncenter wp-image-313 size-full\" style=\"border: 0px;\" title=\"Myofunkcion\u00e1lis tr\u00e9nerek\" src=\"http:\/\/lildamed.hu\/fogorvos\/wp-content\/uploads\/2013\/12\/myofunkcionalis_trenerek.jpg\" alt=\"Myofunkcion\u00e1lis tr\u00e9nerek\" width=\"693\" height=\"200\" srcset=\"https:\/\/lildamed.hu\/fogorvos\/wp-content\/uploads\/2013\/12\/myofunkcionalis_trenerek.jpg 693w, https:\/\/lildamed.hu\/fogorvos\/wp-content\/uploads\/2013\/12\/myofunkcionalis_trenerek-300x86.jpg 300w\" sizes=\"(max-width: 693px) 100vw, 693px\" \/><\/p>\n<p style=\"text-align: justify;\">A myofunkcion\u00e1lis tr\u00e9nerek az arc, a nyelv, \u00e9s r\u00e1g\u00f3izomzat megfelel\u0151 m\u0171k\u00f6d\u00e9s\u00e9t el\u0151seg\u00edt\u0151 k\u00e9sz\u00fcl\u00e9kek. Seg\u00edts\u00e9g\u00fckkel m\u00e1r kor\u00e1n, ak\u00e1r 2-3 \u00e9ves kort\u00f3l korrig\u00e1lhat\u00f3 az izmok helytelen m\u0171k\u00f6d\u00e9se, \u00e9s megsz\u00fcntethet\u0151k a rossz szok\u00e1sok (pl.: ujjszop\u00e1s, nyelvl\u00f6k\u00e9ses nyel\u00e9s, ajakbeharap\u00e1s\u2026). Ezen hat\u00e1soknak k\u00f6sz\u00f6nhet\u0151en lehet\u0151v\u00e9 teszi az \u00e1llcsontok megfelel\u0151 fejl\u0151d\u00e9s\u00e9t, \u00e9s korrig\u00e1lja a n\u00f6vekv\u0151 fogak helyzet\u00e9t. Egyes fajt\u00e1i el\u0151seg\u00edtik a r\u00f6gz\u00edtett fogszab\u00e1lyoz\u00f3 k\u00e9sz\u00fcl\u00e9kkel t\u00f6rt\u00e9n\u0151 fogszab\u00e1lyoz\u00e1st, \u00e9s bizonyos esetekben (ak\u00e1r fiatal feln\u0151ttekn\u00e9l is) alternat\u00edv megold\u00e1st jelenthetnek a r\u00f6gz\u00edtett fogszab\u00e1lyoz\u00f3 k\u00e9sz\u00fcl\u00e9kkel szemben. Az als\u00f3 \u00e9s fels\u0151 \u00e1llcsontban egyszerre hatnak.<\/p>\n<p><a href=\"http:\/\/lildamed.hu\/fogorvos\/lildamed-fogorvosi-rendelo-arak-fogszabalyozas-tomes-hej-fogpotlas\/\">\u00c1rak&gt;&gt;&gt;<\/a><\/p>\n<h3><a href=\"https:\/\/www.chatbase.co\/chatbot-iframe\/NTwxskpG_O2ifB4Xtu507\"><img decoding=\"async\" loading=\"lazy\" class=\"wp-image-2247 alignright\" src=\"http:\/\/lildamed.hu\/fogorvos\/wp-content\/uploads\/2026\/01\/Lildamed-AI-Asszisztens-1024x683.png\" alt=\"\" width=\"272\" height=\"182\" srcset=\"https:\/\/lildamed.hu\/fogorvos\/wp-content\/uploads\/2026\/01\/Lildamed-AI-Asszisztens-1024x683.png 1024w, https:\/\/lildamed.hu\/fogorvos\/wp-content\/uploads\/2026\/01\/Lildamed-AI-Asszisztens-300x200.png 300w, https:\/\/lildamed.hu\/fogorvos\/wp-content\/uploads\/2026\/01\/Lildamed-AI-Asszisztens-768x512.png 768w, https:\/\/lildamed.hu\/fogorvos\/wp-content\/uploads\/2026\/01\/Lildamed-AI-Asszisztens.png 1536w\" sizes=\"(max-width: 272px) 100vw, 272px\" \/><\/a><\/h3>\n<p align=\"center\">T\u00f6bb inform\u00e1ci\u00f3<\/p>\n<p align=\"center\"><big><a href=\"http:\/\/www.fogvedo.hu\/\" target=\"_blank\" rel=\"nofollow noopener\">www.fogvedo.hu<\/a><\/big><\/p>\n<p align=\"center\"><big><a href=\"http:\/\/www.myoresearch.com\/\" target=\"_blank\" rel=\"nofollow noopener\">www.myoresearch.com<\/a><\/big><\/p>\n<p align=\"center\"><a href=\"https:\/\/www.facebook.com\/pages\/Sz\u00e9p-arc-szab\u00e1lyos-fogak\/520902497921877\" target=\"_blank\" rel=\"nofollow noopener\"><big>Facebook<\/big><\/a><\/p>\n<p align=\"center\">\n<p align=\"center\"><a href=\"http:\/\/lildamed.hu\/fogorvos\/wp-content\/uploads\/2020\/06\/lildamed-08.png\"><img decoding=\"async\" loading=\"lazy\" class=\"alignnone wp-image-1218\" src=\"http:\/\/lildamed.hu\/fogorvos\/wp-content\/uploads\/2020\/06\/lildamed-08-295x300.png\" alt=\"\" width=\"206\" height=\"210\" srcset=\"https:\/\/lildamed.hu\/fogorvos\/wp-content\/uploads\/2020\/06\/lildamed-08-295x300.png 295w, https:\/\/lildamed.hu\/fogorvos\/wp-content\/uploads\/2020\/06\/lildamed-08.png 366w\" sizes=\"(max-width: 206px) 100vw, 206px\" \/><\/a><\/p>\n","protected":false},"excerpt":{"rendered":"<p>A myofunkcion\u00e1lis tr\u00e9nerek az arc, a nyelv, \u00e9s r\u00e1g\u00f3izomzat megfelel\u0151 m\u0171k\u00f6d\u00e9s\u00e9t el\u0151seg\u00edt\u0151 k\u00e9sz\u00fcl\u00e9kek. Seg\u00edts\u00e9g\u00fckkel m\u00e1r kor\u00e1n, ak\u00e1r 2-3 \u00e9ves kort\u00f3l korrig\u00e1lhat\u00f3 az izmok helytelen m\u0171k\u00f6d\u00e9se, \u00e9s megsz\u00fcntethet\u0151k a rossz szok\u00e1sok (pl.: ujjszop\u00e1s, nyelvl\u00f6k\u00e9ses nyel\u00e9s, ajakbeharap\u00e1s\u2026). Ezen hat\u00e1soknak k\u00f6sz\u00f6nhet\u0151en lehet\u0151v\u00e9 teszi az \u00e1llcsontok megfelel\u0151 fejl\u0151d\u00e9s\u00e9t, \u00e9s korrig\u00e1lja a n\u00f6vekv\u0151 fogak helyzet\u00e9t. Egyes fajt\u00e1i el\u0151seg\u00edtik a r\u00f6gz\u00edtett fogszab\u00e1lyoz\u00f3 k\u00e9sz\u00fcl\u00e9kkel t\u00f6rt\u00e9n\u0151 fogszab\u00e1lyoz\u00e1st, \u00e9s bizonyos esetekben (ak\u00e1r fiatal feln\u0151ttekn\u00e9l is) alternat\u00edv megold\u00e1st jelenthetnek a r\u00f6gz\u00edtett fogszab\u00e1lyoz\u00f3 k\u00e9sz\u00fcl\u00e9kkel szemben. Az als\u00f3 \u00e9s fels\u0151 \u00e1llcsontban egyszerre hatnak. \u00c1rak&gt;&gt;&gt; T\u00f6bb inform\u00e1ci\u00f3 www.fogvedo.hu www.myoresearch.com Facebook<\/p>\n<a class=\"more-link\" rel=\"nofollow\" href=\"https:\/\/lildamed.hu\/fogorvos\/szolgaltatasok-es-arak\/myofunkcionalis-trenerek\/\">[Read More...]<\/a>","protected":false},"author":5,"featured_media":0,"parent":7,"menu_order":0,"comment_status":"closed","ping_status":"closed","template":"","meta":[],"_links":{"self":[{"href":"https:\/\/lildamed.hu\/fogorvos\/wp-json\/wp\/v2\/pages\/106"}],"collection":[{"href":"https:\/\/lildamed.hu\/fogorvos\/wp-json\/wp\/v2\/pages"}],"about":[{"href":"https:\/\/lildamed.hu\/fogorvos\/wp-json\/wp\/v2\/types\/page"}],"author":[{"embeddable":true,"href":"https:\/\/lildamed.hu\/fogorvos\/wp-json\/wp\/v2\/users\/5"}],"replies":[{"embeddable":true,"href":"https:\/\/lildamed.hu\/fogorvos\/wp-json\/wp\/v2\/comments?post=106"}],"version-history":[{"count":8,"href":"https:\/\/lildamed.hu\/fogorvos\/wp-json\/wp\/v2\/pages\/106\/revisions"}],"predecessor-version":[{"id":2283,"href":"https:\/\/lildamed.hu\/fogorvos\/wp-json\/wp\/v2\/pages\/106\/revisions\/2283"}],"up":[{"embeddable":true,"href":"https:\/\/lildamed.hu\/fogorvos\/wp-json\/wp\/v2\/pages\/7"}],"wp:attachment":[{"href":"https:\/\/lildamed.hu\/fogorvos\/wp-json\/wp\/v2\/media?parent=106"}],"curies":[{"name":"wp","href":"https:\/\/api.w.org\/{rel}","templated":true}]}}