{"id":15,"date":"2013-11-15T14:04:56","date_gmt":"2013-11-15T14:04:56","guid":{"rendered":"http:\/\/lildamed.hu\/fogorvos\/?page_id=15"},"modified":"2026-03-04T07:38:04","modified_gmt":"2026-03-04T07:38:04","slug":"elerhetosegek","status":"publish","type":"page","link":"https:\/\/lildamed.hu\/fogorvos\/elerhetosegek\/","title":{"rendered":"El\u00e9rhet\u0151s\u00e9gek"},"content":{"rendered":"<h3><\/h3>\n<h3><\/h3>\n<h3><strong>Kedves P\u00e1ciens\u00fcnk!<\/strong><\/h3>\n<p>Amennyiben el\u0151sz\u00f6r j\u00e1r n\u00e1lunk, vagy adatai, illetve eg\u00e9szs\u00e9g\u00fcgyi \u00e1llapota megv\u00e1ltozott, az al\u00e1bbi adatlapot legyen sz\u00edves kit\u00f6lteni!<\/p>\n<p><a href=\"https:\/\/forms.gle\/V5QSAcY9WHCfMT9F8\">ADATLAP<\/a><\/p>\n<h4><strong>K\u00e9rj\u00fck amennyiben&nbsp; 2 h\u00e9ten bel\u00fcl&nbsp; l\u00e1zzal, v\u00e9gtag f\u00e1jdalommal, egy\u00e9b l\u00e9g\u00fati t\u00fcnettel, vagy hasmen\u00e9ssel j\u00e1r\u00f3 betegs\u00e9ge volt\/van err\u0151l id\u0151pont foglal\u00e1sn\u00e1l t\u00e1j\u00e9koztasson benn\u00fcnket!<\/strong><\/h4>\n<p>C\u00edm\u00fcnk: <strong>1144 Budapest, Zugl\u00f3 XIV: ker\u00fclet Csert\u0151 u. 6. Fszt. 22. (Kaputelefon: 12)<\/strong><\/p>\n<p><strong>Mobil:<\/strong> <strong>+36\/30-913-4355<\/strong><\/p>\n<p><strong>Telefon: +36\/1-383-1416<\/strong><\/p>\n<p>Kezel\u00e9si id\u0151pont a fenti sz\u00e1mokon k\u00e9rhet\u0151, rendel\u00e9si id\u0151 alatt. Amennyiben a mobiltelefonsz\u00e1mon nem siker\u00fcl el\u00e9rnie benn\u00fcnket, visszah\u00edvjuk!<\/p>\n<h3><a href=\"https:\/\/www.chatbase.co\/chatbot-iframe\/NTwxskpG_O2ifB4Xtu507\"><img decoding=\"async\" loading=\"lazy\" class=\"alignleft wp-image-2247\" src=\"http:\/\/lildamed.hu\/fogorvos\/wp-content\/uploads\/2026\/01\/Lildamed-AI-Asszisztens-1024x683.png\" alt=\"\" width=\"272\" height=\"182\" srcset=\"https:\/\/lildamed.hu\/fogorvos\/wp-content\/uploads\/2026\/01\/Lildamed-AI-Asszisztens-1024x683.png 1024w, https:\/\/lildamed.hu\/fogorvos\/wp-content\/uploads\/2026\/01\/Lildamed-AI-Asszisztens-300x200.png 300w, https:\/\/lildamed.hu\/fogorvos\/wp-content\/uploads\/2026\/01\/Lildamed-AI-Asszisztens-768x512.png 768w, https:\/\/lildamed.hu\/fogorvos\/wp-content\/uploads\/2026\/01\/Lildamed-AI-Asszisztens.png 1536w\" sizes=\"(max-width: 272px) 100vw, 272px\" \/><\/a><\/h3>\n<p>Honlap: <a href=\"http:\/\/lildamed.hu\">http:\/\/lildamed.hu<\/a><br \/>\nE-mail: rendelo@lildamed.hu<\/p>\n<p><strong>Megk\u00f6zel\u00edt\u00e9s:<\/strong><\/p>\n<p>A rendel\u0151 Zugl\u00f3ban &#8211; XIV. ker\u00fcletben tal\u00e1lhat\u00f3<br \/>\nMegk\u00f6zel\u00edt\u00e9s: Az \u00d6rs Vez\u00e9r T\u00e9rr\u0151l 81-es trolibusszal az 6. meg\u00e1ll\u00f3,<br \/>\nKeleti-P\u00e1lyudvart\u00f3l a 80-as trolibusz v\u00e9g\u00e1llom\u00e1sa.<\/p>\n<p><span style=\"text-decoration: underline;\">Parkol\u00e1si lehet\u0151s\u00e9g: a rendel\u0151 el\u0151tti parkol\u00f3helyeken ingyenes!<\/span><\/p>\n<p style=\"text-align: center;\">Felh\u00edvjuk figyelm\u00e9t, hogy a honlapon tal\u00e1lhat\u00f3 \u00e1rak t\u00e1j\u00e9koztat\u00f3 jelleg\u0171ek, a folyamatosan v\u00e1ltoz\u00f3 p\u00e9nz\u00fcgyi viszonyok miatt fenntartjuk az \u00e1rv\u00e1ltoztat\u00e1s jog\u00e1t! Pontos \u00e1raj\u00e1nlatot kiz\u00e1r\u00f3lag szem\u00e9lyes konzult\u00e1ci\u00f3 alkalm\u00e1val tudunk adni.&nbsp;<a href=\"http:\/\/lildamed.hu\/fogorvos\/lildamed-fogorvosi-rendelo-arak-fogszabalyozas-tomes-hej-fogpotlas\/\">\u00c1rak&gt;&gt;&gt;<\/a><\/p>\n<p><a href=\"http:\/\/lildamed.hu\/fogorvos\/wp-content\/uploads\/2020\/06\/lildamed-07.png\"><img decoding=\"async\" loading=\"lazy\" class=\"wp-image-1217 aligncenter\" src=\"http:\/\/lildamed.hu\/fogorvos\/wp-content\/uploads\/2020\/06\/lildamed-07-295x300.png\" alt=\"\" width=\"143\" height=\"146\" srcset=\"https:\/\/lildamed.hu\/fogorvos\/wp-content\/uploads\/2020\/06\/lildamed-07-295x300.png 295w, https:\/\/lildamed.hu\/fogorvos\/wp-content\/uploads\/2020\/06\/lildamed-07.png 366w\" sizes=\"(max-width: 143px) 100vw, 143px\" \/><\/a><\/p>\n<p><iframe loading=\"lazy\" style=\"border: 0;\" src=\"https:\/\/www.google.com\/maps\/embed?pb=!1m18!1m12!1m3!1d5389.7156813543725!2d19.14696873830714!3d47.51215968245664!2m3!1f0!2f0!3f0!3m2!1i1024!2i768!4f13.1!3m3!1m2!1s0x4741db527c559229%3A0x8ae2b886d27cfd88!2sDr.+Dalmadi+Lilian+-+Fogorvos+Zugl%C3%B3+(fog%C3%A1szati+rendel%C5%91)!5e0!3m2!1shu!2shu!4v1427877112547\" width=\"400\" height=\"200\" frameborder=\"0\"><\/iframe><\/p>\n","protected":false},"excerpt":{"rendered":"<p>Kedves P\u00e1ciens\u00fcnk! Amennyiben el\u0151sz\u00f6r j\u00e1r n\u00e1lunk, vagy adatai, illetve eg\u00e9szs\u00e9g\u00fcgyi \u00e1llapota megv\u00e1ltozott, az al\u00e1bbi adatlapot legyen sz\u00edves kit\u00f6lteni! ADATLAP K\u00e9rj\u00fck amennyiben&nbsp; 2 h\u00e9ten bel\u00fcl&nbsp; l\u00e1zzal, v\u00e9gtag f\u00e1jdalommal, egy\u00e9b l\u00e9g\u00fati t\u00fcnettel, vagy hasmen\u00e9ssel j\u00e1r\u00f3 betegs\u00e9ge volt\/van err\u0151l id\u0151pont foglal\u00e1sn\u00e1l t\u00e1j\u00e9koztasson benn\u00fcnket! C\u00edm\u00fcnk: 1144 Budapest, Zugl\u00f3 XIV: ker\u00fclet Csert\u0151 u. 6. Fszt. 22. (Kaputelefon: 12) Mobil: +36\/30-913-4355 Telefon: +36\/1-383-1416 Kezel\u00e9si id\u0151pont a fenti sz\u00e1mokon k\u00e9rhet\u0151, rendel\u00e9si id\u0151 alatt. Amennyiben a mobiltelefonsz\u00e1mon nem siker\u00fcl el\u00e9rnie benn\u00fcnket, visszah\u00edvjuk! Honlap: http:\/\/lildamed.hu E-mail: rendelo@lildamed.hu Megk\u00f6zel\u00edt\u00e9s: A rendel\u0151 Zugl\u00f3ban &#8211; XIV. ker\u00fcletben tal\u00e1lhat\u00f3 Megk\u00f6zel\u00edt\u00e9s: Az \u00d6rs Vez\u00e9r T\u00e9rr\u0151l 81-es trolibusszal az 6. meg\u00e1ll\u00f3, Keleti-P\u00e1lyudvart\u00f3l a 80-as trolibusz<\/p>\n<a class=\"more-link\" rel=\"nofollow\" href=\"https:\/\/lildamed.hu\/fogorvos\/elerhetosegek\/\">[Read More...]<\/a>","protected":false},"author":5,"featured_media":0,"parent":0,"menu_order":0,"comment_status":"closed","ping_status":"closed","template":"","meta":[],"_links":{"self":[{"href":"https:\/\/lildamed.hu\/fogorvos\/wp-json\/wp\/v2\/pages\/15"}],"collection":[{"href":"https:\/\/lildamed.hu\/fogorvos\/wp-json\/wp\/v2\/pages"}],"about":[{"href":"https:\/\/lildamed.hu\/fogorvos\/wp-json\/wp\/v2\/types\/page"}],"author":[{"embeddable":true,"href":"https:\/\/lildamed.hu\/fogorvos\/wp-json\/wp\/v2\/users\/5"}],"replies":[{"embeddable":true,"href":"https:\/\/lildamed.hu\/fogorvos\/wp-json\/wp\/v2\/comments?post=15"}],"version-history":[{"count":43,"href":"https:\/\/lildamed.hu\/fogorvos\/wp-json\/wp\/v2\/pages\/15\/revisions"}],"predecessor-version":[{"id":2299,"href":"https:\/\/lildamed.hu\/fogorvos\/wp-json\/wp\/v2\/pages\/15\/revisions\/2299"}],"wp:attachment":[{"href":"https:\/\/lildamed.hu\/fogorvos\/wp-json\/wp\/v2\/media?parent=15"}],"curies":[{"name":"wp","href":"https:\/\/api.w.org\/{rel}","templated":true}]}}