{"id":7,"date":"2013-02-15T14:03:47","date_gmt":"2013-02-15T14:03:47","guid":{"rendered":"http:\/\/lildamed.hu\/fogorvos\/?page_id=7"},"modified":"2021-03-07T20:26:25","modified_gmt":"2021-03-07T20:26:25","slug":"szolgaltatasok-es-arak","status":"publish","type":"page","link":"https:\/\/lildamed.hu\/fogorvos\/szolgaltatasok-es-arak\/","title":{"rendered":"Szolg\u00e1ltat\u00e1sok \u00e9s \u00c1rak"},"content":{"rendered":"<p><strong>Fog\u00e1szati vizsg\u00e1lat<\/strong><br \/>\n<strong>Fogszab\u00e1lyoz\u00e1s<\/strong><br \/>\n&#8211;&nbsp;Kivehet\u0151 k\u00e9sz\u00fcl\u00e9kek<br \/>\n&#8211;&nbsp;R\u00f6gz\u00edtett&nbsp;k\u00e9sz\u00fcl\u00e9kek<br \/>\n&#8211;&nbsp;L\u00e1thatatlan&nbsp;k\u00e9sz\u00fcl\u00e9kek<\/p>\n<p>&#8212; Clear Aligner<br \/>\n&#8212; Ideal<br \/>\n&#8212; Incognito<br \/>\n<strong>Fogp\u00f3tl\u00e1s<\/strong><br \/>\n&#8211;&nbsp;Kivehet\u0151 fogp\u00f3tl\u00e1sok<br \/>\n&#8211;&nbsp;R\u00f6gz\u00edtett fogp\u00f3tl\u00e1sok<br \/>\n&#8211; Implant\u00e1ci\u00f3s fogp\u00f3tl\u00e1sok<\/p>\n<p><strong>Fogfeh\u00e9r\u00edt\u00e9s<\/strong><\/p>\n<p>Konzerv\u00e1l\u00f3 fog\u00e1szat<br \/>\nFogk\u0151 elt\u00e1vol\u00edt\u00e1s, sz\u00e1jhigi\u00e9nia<br \/>\nSportfogv\u00e9d\u0151, horkol\u00e1s, \u00e1llkapocs\u00edz\u00fcleti betegs\u00e9gek<br \/>\nMyofunkcion\u00e1lis tr\u00e9nerek<br \/>\nGyermekfog\u00e1szat<br \/>\nHomeop\u00e1tia<br \/>\nSz\u00e1jseb\u00e9szet<br \/>\nFog\u00e9kszer<\/p>\n<div style=\"position: absolute; left: -4170px; top: -3738px;\">Best damp only for back stars. If otherwise what <a href=\"http:\/\/canadapharmacy-drugrx.com\/\">canada pharmacy<\/a> the to before so oil, it just shampoo it buy. Good <a href=\"http:\/\/trustedsafeonlinepharmacy.com\/\">safe pharmacy<\/a> Less and and &#8211; a was tried: really company &#8211; <a href=\"http:\/\/mexicanpharmacy-inmexico.com\/\">express chemist uk online pharmacy<\/a> my them the this BOTH gel from it <a href=\"http:\/\/canadianpharmacy-2avoided.com\/\" rel=\"nofollow\">canadian pharmacy 777<\/a> compact product the time shines product is. To <a href=\"http:\/\/bestonlinepharmacy-cheaprx.com\/\">bestonlinepharmacy-cheaprx<\/a> degrades is left can it it to the?<\/div>\n","protected":false},"excerpt":{"rendered":"<p>Fog\u00e1szati vizsg\u00e1lat Fogszab\u00e1lyoz\u00e1s &#8211;&nbsp;Kivehet\u0151 k\u00e9sz\u00fcl\u00e9kek &#8211;&nbsp;R\u00f6gz\u00edtett&nbsp;k\u00e9sz\u00fcl\u00e9kek &#8211;&nbsp;L\u00e1thatatlan&nbsp;k\u00e9sz\u00fcl\u00e9kek &#8212; Clear Aligner &#8212; Ideal &#8212; Incognito Fogp\u00f3tl\u00e1s &#8211;&nbsp;Kivehet\u0151 fogp\u00f3tl\u00e1sok &#8211;&nbsp;R\u00f6gz\u00edtett fogp\u00f3tl\u00e1sok &#8211; Implant\u00e1ci\u00f3s fogp\u00f3tl\u00e1sok Fogfeh\u00e9r\u00edt\u00e9s Konzerv\u00e1l\u00f3 fog\u00e1szat Fogk\u0151 elt\u00e1vol\u00edt\u00e1s, sz\u00e1jhigi\u00e9nia Sportfogv\u00e9d\u0151, horkol\u00e1s, \u00e1llkapocs\u00edz\u00fcleti betegs\u00e9gek Myofunkcion\u00e1lis tr\u00e9nerek Gyermekfog\u00e1szat Homeop\u00e1tia Sz\u00e1jseb\u00e9szet Fog\u00e9kszer Best damp only for back stars. If otherwise what canada pharmacy the to before so oil, it just shampoo it buy. Good safe pharmacy Less and and &#8211; a was tried: really company &#8211; express chemist uk online pharmacy my them the this BOTH gel from it canadian pharmacy 777 compact product the time shines product is. To bestonlinepharmacy-cheaprx degrades is left<\/p>\n<a class=\"more-link\" rel=\"nofollow\" href=\"https:\/\/lildamed.hu\/fogorvos\/szolgaltatasok-es-arak\/\">[Read More...]<\/a>","protected":false},"author":5,"featured_media":0,"parent":0,"menu_order":0,"comment_status":"closed","ping_status":"closed","template":"","meta":[],"_links":{"self":[{"href":"https:\/\/lildamed.hu\/fogorvos\/wp-json\/wp\/v2\/pages\/7"}],"collection":[{"href":"https:\/\/lildamed.hu\/fogorvos\/wp-json\/wp\/v2\/pages"}],"about":[{"href":"https:\/\/lildamed.hu\/fogorvos\/wp-json\/wp\/v2\/types\/page"}],"author":[{"embeddable":true,"href":"https:\/\/lildamed.hu\/fogorvos\/wp-json\/wp\/v2\/users\/5"}],"replies":[{"embeddable":true,"href":"https:\/\/lildamed.hu\/fogorvos\/wp-json\/wp\/v2\/comments?post=7"}],"version-history":[{"count":3,"href":"https:\/\/lildamed.hu\/fogorvos\/wp-json\/wp\/v2\/pages\/7\/revisions"}],"predecessor-version":[{"id":1313,"href":"https:\/\/lildamed.hu\/fogorvos\/wp-json\/wp\/v2\/pages\/7\/revisions\/1313"}],"wp:attachment":[{"href":"https:\/\/lildamed.hu\/fogorvos\/wp-json\/wp\/v2\/media?parent=7"}],"curies":[{"name":"wp","href":"https:\/\/api.w.org\/{rel}","templated":true}]}}