{"id":83,"date":"2013-12-10T20:35:13","date_gmt":"2013-12-10T20:35:13","guid":{"rendered":"http:\/\/lildamed.hu\/fogorvos\/?page_id=83"},"modified":"2026-01-19T19:14:33","modified_gmt":"2026-01-19T19:14:33","slug":"konzervalo-fogaszat","status":"publish","type":"page","link":"https:\/\/lildamed.hu\/fogorvos\/szolgaltatasok-es-arak\/konzervalo-fogaszat\/","title":{"rendered":"Konzerv\u00e1l\u00f3, eszt\u00e9tikai (kozmetikai) fog\u00e1szat"},"content":{"rendered":"<h4><\/h4>\n<h3><a href=\"https:\/\/www.chatbase.co\/chatbot-iframe\/NTwxskpG_O2ifB4Xtu507\"><img decoding=\"async\" loading=\"lazy\" class=\"wp-image-2247 alignright\" src=\"http:\/\/lildamed.hu\/fogorvos\/wp-content\/uploads\/2026\/01\/Lildamed-AI-Asszisztens-1024x683.png\" alt=\"\" width=\"272\" height=\"182\" srcset=\"https:\/\/lildamed.hu\/fogorvos\/wp-content\/uploads\/2026\/01\/Lildamed-AI-Asszisztens-1024x683.png 1024w, https:\/\/lildamed.hu\/fogorvos\/wp-content\/uploads\/2026\/01\/Lildamed-AI-Asszisztens-300x200.png 300w, https:\/\/lildamed.hu\/fogorvos\/wp-content\/uploads\/2026\/01\/Lildamed-AI-Asszisztens-768x512.png 768w, https:\/\/lildamed.hu\/fogorvos\/wp-content\/uploads\/2026\/01\/Lildamed-AI-Asszisztens.png 1536w\" sizes=\"(max-width: 272px) 100vw, 272px\" \/><\/a><\/h3>\n<h4><a href=\"#inon\">Inlay\/onlay<\/a><\/h4>\n<h4><a href=\"#gyok\">Gy\u00f6k\u00e9rkezel\u00e9sek (endodoncia)<\/a><\/h4>\n<h3><\/h3>\n<h3><\/h3>\n<h3><\/h3>\n<h3><\/h3>\n<h3><strong>T\u00f6m\u00e9sek<\/strong><\/h3>\n<p style=\"text-align: justify;\"><img decoding=\"async\" loading=\"lazy\" class=\"wp-image-675 alignleft\" title=\"Sz\u00e1jbar\u00e1t fogsz\u00edn\u0171 fogt\u00f6m\u00e9s\" src=\"http:\/\/lildamed.hu\/fogorvos\/wp-content\/uploads\/2013\/12\/t01.jpg\" alt=\"Sz\u00e1jbar\u00e1t fogsz\u00edn\u0171 fogt\u00f6m\u00e9s\" width=\"93\" height=\"173\" \/><\/p>\n<h4 style=\"text-align: justify;\">Rendel\u0151nkben csak sz\u00e1jbar\u00e1t, eg\u00e9szs\u00e9gre \u00e1rtalmatlan anyagokb\u00f3l, az \u00e9p fogazatra nagyban hasonl\u00edt\u00f3, eszt\u00e9tikus, \u00e9szrevehetetlen \u201efogsz\u00edn\u0171\u201d restaur\u00e1ci\u00f3k k\u00e9sz\u00fclnek. Eg\u00e9szs\u00e9gre k\u00e1ros amalg\u00e1m t\u00f6m\u00e9st nem k\u00e9sz\u00edt\u00fcnk \u00e9s ezen t\u00f6m\u00e9sek cser\u00e9j\u00e9t javasoljuk. A t\u00f6m\u00e9sek \u00e1ra a m\u00e9rett\u0151l \u00e9s a kiterjed\u00e9st\u0151l \u00e9s az anyag \u00e1r\u00e1t\u00f3l f\u00fcgg.\u00a0Rendel\u0151nkben lehet\u0151s\u00e9g van t\u00f6bb magas min\u0151s\u00e9g\u0171 t\u00f6m\u0151anyag kateg\u00f3ri\u00e1b\u00f3l is v\u00e1lasztani, ig\u00e9ny szerint.<\/h4>\n<p><a href=\"http:\/\/lildamed.hu\/fogorvos\/lildamed-fogorvosi-rendelo-arak-fogszabalyozas-tomes-hej-fogpotlas\/\">\u00c1rak&gt;&gt;&gt;<\/a><\/p>\n<h3>Inlay\/onlay<\/h3>\n<h4 style=\"text-align: justify;\"><img decoding=\"async\" loading=\"lazy\" class=\"alignleft wp-image-671\" title=\"Inlay \/ Onlay\" src=\"http:\/\/lildamed.hu\/fogorvos\/wp-content\/uploads\/2013\/12\/in-on.jpg\" alt=\"Inlay \/ Onlay\" width=\"219\" height=\"163\" srcset=\"https:\/\/lildamed.hu\/fogorvos\/wp-content\/uploads\/2013\/12\/in-on.jpg 391w, https:\/\/lildamed.hu\/fogorvos\/wp-content\/uploads\/2013\/12\/in-on-300x223.jpg 300w\" sizes=\"(max-width: 219px) 100vw, 219px\" \/>Az inlay olyan lenyomat alapj\u00e1n, fogtechnikus \u00e1ltal k\u00e9sz\u00edtett restaur\u00e1ci\u00f3, melyet a fogba, beragaszt\u00e1ssal r\u00f6gz\u00edt\u00fcnk. Anyaga er\u0151s, \u00edgy a m\u00e1r nagyon t\u00f6nkrement fogak eset\u00e9ben alternat\u00edv\u00e1t jelenthet a koron\u00e1val szemben. Gy\u00f6k\u00e9rkezelt fogak eset\u00e9n megel\u0151zhet\u0151 vele a fogak let\u00f6redez\u00e9se. Az arany eset\u00e9ben ehhez m\u00e9g term\u00e9szetes bakt\u00e9riumellenes hat\u00e1s, \u00e9s a j\u00f3 sz\u00e9li eldolgozhat\u00f3s\u00e1g is hozz\u00e1j\u00e1rul. A nagy kiterjed\u00e9s\u0171, r\u00e1g\u00f3felsz\u00ednt is bebor\u00edt\u00f3 restaur\u00e1ci\u00f3kat nevezz\u00fck onlay-nek. Az anyaga lehet kompozit, porcel\u00e1n, vagy arany.<\/h4>\n<p><a href=\"http:\/\/lildamed.hu\/fogorvos\/lildamed-fogorvosi-rendelo-arak-fogszabalyozas-tomes-hej-fogpotlas\/\">\u00c1rak&gt;&gt;&gt;<\/a><\/p>\n<p><a name=\"gyok\"><\/a><\/p>\n<h3>Gy\u00f6k\u00e9rkezel\u00e9s (endodoncia)<\/h3>\n<p><img decoding=\"async\" loading=\"lazy\" class=\"alignright wp-image-622\" title=\"Gy\u00f6k\u00e9rkezel\u00e9s\" src=\"http:\/\/lildamed.hu\/fogorvos\/wp-content\/uploads\/2013\/12\/gyokkez.jpg\" alt=\"Gy\u00f6k\u00e9rkezel\u00e9s Zugl\u00f3\" width=\"183\" height=\"248\" srcset=\"https:\/\/lildamed.hu\/fogorvos\/wp-content\/uploads\/2013\/12\/gyokkez.jpg 262w, https:\/\/lildamed.hu\/fogorvos\/wp-content\/uploads\/2013\/12\/gyokkez-222x300.jpg 222w\" sizes=\"(max-width: 183px) 100vw, 183px\" \/><\/p>\n<h4 style=\"text-align: justify;\">Gy\u00f6k\u00e9rkezel\u00e9sre akkor ker\u00fcl sor, amikor fogszuvasod\u00e1s, vagy egy\u00e9b \u00e1rt\u00f3 t\u00e9nyez\u0151 hat\u00e1s\u00e1ra a fogb\u00e9l (pulpa) visszaford\u00edthatatlanul begyullad, vagy elhal.<\/h4>\n<h4>A leggyakoribb t\u00fcnetek:<\/h4>\n<ul>\n<li>\n<h4>l\u00fcktet\u0151, elh\u00faz\u00f3d\u00f3 fogf\u00e1j\u00e1s<\/h4>\n<\/li>\n<li>\n<h4>r\u00e1harap\u00e1si \u00e9rz\u00e9kenys\u00e9g<\/h4>\n<\/li>\n<li>\n<h4>duzzanat<\/h4>\n<\/li>\n<li>\n<h4>fog melletti \u00ednyen keletkez\u0151 apr\u00f3, nem gy\u00f3gyul\u00f3 sebecske<\/h4>\n<\/li>\n<\/ul>\n<h4 style=\"text-align: justify;\">A beavatkoz\u00e1s f\u00e1jdalommentesen, \u00e9rz\u00e9stelen\u00edt\u00e9sben t\u00f6rt\u00e9nik. A kezel\u00e9s sor\u00e1n apex-lok\u00e1tor k\u00e9sz\u00fcl\u00e9ket haszn\u00e1lunk a gy\u00f6k\u00e9rcsatorna hossz\u00e1nak bem\u00e9r\u00e9s\u00e9re, \u00edgy sz\u00e1mos a szervezetet terhel\u0151 r\u00f6ntgenfelv\u00e9tel k\u00e9sz\u00edt\u00e9se feleslegess\u00e9 v\u00e1lik.<\/h4>\n<p><a href=\"http:\/\/lildamed.hu\/fogorvos\/lildamed-fogorvosi-rendelo-arak-fogszabalyozas-tomes-hej-fogpotlas\/\">\u00c1rak&gt;&gt;&gt;<\/a><\/p>\n<p><a href=\"http:\/\/lildamed.hu\/fogorvos\/wp-content\/uploads\/2020\/06\/lildamed-08.png\"><img decoding=\"async\" loading=\"lazy\" class=\" wp-image-1218 aligncenter\" src=\"http:\/\/lildamed.hu\/fogorvos\/wp-content\/uploads\/2020\/06\/lildamed-08-295x300.png\" alt=\"\" width=\"116\" height=\"119\" srcset=\"https:\/\/lildamed.hu\/fogorvos\/wp-content\/uploads\/2020\/06\/lildamed-08-295x300.png 295w, https:\/\/lildamed.hu\/fogorvos\/wp-content\/uploads\/2020\/06\/lildamed-08.png 366w\" sizes=\"(max-width: 116px) 100vw, 116px\" \/><\/a><\/p>\n","protected":false},"excerpt":{"rendered":"<p>Inlay\/onlay Gy\u00f6k\u00e9rkezel\u00e9sek (endodoncia) T\u00f6m\u00e9sek Rendel\u0151nkben csak sz\u00e1jbar\u00e1t, eg\u00e9szs\u00e9gre \u00e1rtalmatlan anyagokb\u00f3l, az \u00e9p fogazatra nagyban hasonl\u00edt\u00f3, eszt\u00e9tikus, \u00e9szrevehetetlen \u201efogsz\u00edn\u0171\u201d restaur\u00e1ci\u00f3k k\u00e9sz\u00fclnek. Eg\u00e9szs\u00e9gre k\u00e1ros amalg\u00e1m t\u00f6m\u00e9st nem k\u00e9sz\u00edt\u00fcnk \u00e9s ezen t\u00f6m\u00e9sek cser\u00e9j\u00e9t javasoljuk. A t\u00f6m\u00e9sek \u00e1ra a m\u00e9rett\u0151l \u00e9s a kiterjed\u00e9st\u0151l \u00e9s az anyag \u00e1r\u00e1t\u00f3l f\u00fcgg.\u00a0Rendel\u0151nkben lehet\u0151s\u00e9g van t\u00f6bb magas min\u0151s\u00e9g\u0171 t\u00f6m\u0151anyag kateg\u00f3ri\u00e1b\u00f3l is v\u00e1lasztani, ig\u00e9ny szerint. \u00c1rak&gt;&gt;&gt; Inlay\/onlay Az inlay olyan lenyomat alapj\u00e1n, fogtechnikus \u00e1ltal k\u00e9sz\u00edtett restaur\u00e1ci\u00f3, melyet a fogba, beragaszt\u00e1ssal r\u00f6gz\u00edt\u00fcnk. Anyaga er\u0151s, \u00edgy a m\u00e1r nagyon t\u00f6nkrement fogak eset\u00e9ben alternat\u00edv\u00e1t jelenthet a koron\u00e1val szemben. Gy\u00f6k\u00e9rkezelt fogak eset\u00e9n megel\u0151zhet\u0151 vele a fogak let\u00f6redez\u00e9se. Az arany eset\u00e9ben ehhez m\u00e9g term\u00e9szetes bakt\u00e9riumellenes<\/p>\n<a class=\"more-link\" rel=\"nofollow\" href=\"https:\/\/lildamed.hu\/fogorvos\/szolgaltatasok-es-arak\/konzervalo-fogaszat\/\">[Read More...]<\/a>","protected":false},"author":5,"featured_media":0,"parent":7,"menu_order":0,"comment_status":"closed","ping_status":"closed","template":"","meta":[],"_links":{"self":[{"href":"https:\/\/lildamed.hu\/fogorvos\/wp-json\/wp\/v2\/pages\/83"}],"collection":[{"href":"https:\/\/lildamed.hu\/fogorvos\/wp-json\/wp\/v2\/pages"}],"about":[{"href":"https:\/\/lildamed.hu\/fogorvos\/wp-json\/wp\/v2\/types\/page"}],"author":[{"embeddable":true,"href":"https:\/\/lildamed.hu\/fogorvos\/wp-json\/wp\/v2\/users\/5"}],"replies":[{"embeddable":true,"href":"https:\/\/lildamed.hu\/fogorvos\/wp-json\/wp\/v2\/comments?post=83"}],"version-history":[{"count":49,"href":"https:\/\/lildamed.hu\/fogorvos\/wp-json\/wp\/v2\/pages\/83\/revisions"}],"predecessor-version":[{"id":2281,"href":"https:\/\/lildamed.hu\/fogorvos\/wp-json\/wp\/v2\/pages\/83\/revisions\/2281"}],"up":[{"embeddable":true,"href":"https:\/\/lildamed.hu\/fogorvos\/wp-json\/wp\/v2\/pages\/7"}],"wp:attachment":[{"href":"https:\/\/lildamed.hu\/fogorvos\/wp-json\/wp\/v2\/media?parent=83"}],"curies":[{"name":"wp","href":"https:\/\/api.w.org\/{rel}","templated":true}]}}